{"id":1072,"date":"2021-07-30T12:20:23","date_gmt":"2021-07-30T12:20:23","guid":{"rendered":"https:\/\/hotel-avanti.ms.decms.eu\/?page_id=1072"},"modified":"2023-04-27T10:22:44","modified_gmt":"2023-04-27T10:22:44","slug":"%d0%be%d1%80%d0%b3%d0%b0%d0%bd%d0%b8%d0%b7%d0%b0%d1%86%d0%b8%d0%be%d0%bd%d0%bd%d0%b0%d1%8f-%d0%bf%d0%be%d0%b4%d0%b4%d0%b5%d1%80%d0%b6%d0%ba%d0%b0-%d0%be%d1%82%d0%b5%d0%bb%d1%8f-avanti","status":"publish","type":"page","link":"https:\/\/www.hotelavanti.cz\/ru\/%d0%be%d1%80%d0%b3%d0%b0%d0%bd%d0%b8%d0%b7%d0%b0%d1%86%d0%b8%d0%be%d0%bd%d0%bd%d0%b0%d1%8f-%d0%bf%d0%be%d0%b4%d0%b4%d0%b5%d1%80%d0%b6%d0%ba%d0%b0-%d0%be%d1%82%d0%b5%d0%bb%d1%8f-avanti\/","title":{"rendered":"\u041a\u0443\u043b\u044c\u0442\u0443\u0440\u043d\u044b\u0435 \u0438 \u0441\u043f\u043e\u0440\u0442\u0438\u0432\u043d\u044b\u0435 \u043c\u0435\u0440\u043e\u043f\u0440\u0438\u044f\u0442\u0438\u044f \u0432 \u0411\u0440\u043d\u043e"},"content":{"rendered":"<p>\u041e\u0442\u0435\u043b\u044c AVANTI \u043d\u0430\u0445\u043e\u0434\u0438\u0442\u0441\u044f \u0432 \u0440\u0430\u0439\u043e\u043d\u0435 \u041a\u0440\u0430\u043b\u043e\u0432\u043e \u041f\u043e\u043b\u0435, \u043d\u0435\u0434\u0430\u043b\u0435\u043a\u043e \u043e\u0442 \u041b\u0443\u0436\u0430\u043d\u0441\u043a\u043e\u0433\u043e \u043f\u0430\u0440\u043a\u0430. \u0414\u043b\u044f \u0432\u0434\u043e\u0445\u043d\u043e\u0432\u0435\u043d\u0438\u044f \u0432\u043e\u0442 \u0441\u0441\u044b\u043b\u043a\u0438 \u043d\u0430 \u0438\u0441\u043f\u043e\u043b\u044c\u0437\u043e\u0432\u0430\u043d\u0438\u0435 \u0441\u0432\u043e\u0431\u043e\u0434\u043d\u043e\u0433\u043e \u0432\u0440\u0435\u043c\u0435\u043d\u0438 \u0432 \u043e\u043a\u0440\u0435\u0441\u0442\u043d\u043e\u0441\u0442\u044f\u0445:<\/p>\n<ul>\n<li style=\"list-style-type: none\">\n<ul>\n<li><a href=\"http:\/\/www.semilasso.cz\/\">Semilasso Theatre<\/a><\/li>\n<li><a href=\"http:\/\/www.technicalmuseum.cz\/\">Technical Museum<\/a><\/li>\n<li><a href=\"http:\/\/www.barka.unas.cz\/\">Barrier-free Theatre Barka<\/a><\/li>\n<li><a href=\"http:\/\/www.luzanky.cz\/\">Leisure Time Centre Lu\u017e\u00e1nky<\/a><\/li>\n<li><a href=\"http:\/\/www.dobrak.cz\/\">Dobrovsk\u00e9ho Swimming Pool<\/a><\/li>\n<li><a href=\"http:\/\/www.gca.cz\/\">Golf GCA<\/a><\/li>\n<li><a href=\"http:\/\/www.golfbrno.cz\/\">Golf Brno<\/a><\/li>\n<li><a href=\"http:\/\/www.mdb.cz\/\">Brno City Theatre<\/a><\/li>\n<li><a href=\"https:\/\/www.sportcentrumluzanky.cz\/\">Hockey hall for children and youth<\/a><\/li>\n<li><a href=\"https:\/\/www.tugendhat.eu\/\">Vila Tugendhat<\/a><\/li>\n<li><a href=\"https:\/\/www.ticbrno.cz\/\">TIC Brno<\/a><\/li>\n<li><a href=\"https:\/\/www.gotobrno.cz\/brnopas\/\">Brnopas<\/a><\/li>\n<\/ul>\n<\/li>\n<\/ul>\n","protected":false},"excerpt":{"rendered":"<p>\u041e\u0442\u0435\u043b\u044c AVANTI \u043d\u0430\u0445\u043e\u0434\u0438\u0442\u0441\u044f \u0432 \u0440\u0430\u0439\u043e\u043d\u0435 \u041a\u0440\u0430\u043b\u043e\u0432\u043e \u041f\u043e\u043b\u0435, \u043d\u0435\u0434\u0430\u043b\u0435\u043a\u043e \u043e\u0442 \u041b\u0443\u0436\u0430\u043d\u0441\u043a\u043e\u0433\u043e \u043f\u0430\u0440\u043a\u0430. \u0414\u043b\u044f \u0432\u0434\u043e\u0445\u043d\u043e\u0432\u0435\u043d\u0438\u044f \u0432\u043e\u0442 \u0441\u0441\u044b\u043b\u043a\u0438 \u043d\u0430 \u0438\u0441\u043f\u043e\u043b\u044c\u0437\u043e\u0432\u0430\u043d\u0438\u0435 \u0441\u0432\u043e\u0431\u043e\u0434\u043d\u043e\u0433\u043e \u0432\u0440\u0435\u043c\u0435\u043d\u0438 \u0432 \u043e\u043a\u0440\u0435\u0441\u0442\u043d\u043e\u0441\u0442\u044f\u0445: Semilasso Theatre Technical Museum Barrier-free Theatre Barka Leisure Time Centre Lu\u017e\u00e1nky Dobrovsk\u00e9ho Swimming Pool Golf GCA Golf Brno Brno City Theatre Hockey hall for children and youth Vila Tugendhat TIC Brno Brnopas<\/p>\n","protected":false},"author":36,"featured_media":0,"parent":0,"menu_order":999,"comment_status":"closed","ping_status":"closed","template":"","meta":{"footnotes":""},"class_list":["post-1072","page","type-page","status-publish","hentry"],"yoast_head":"<!-- This site is optimized with the Yoast SEO plugin v26.9 - https:\/\/yoast.com\/product\/yoast-seo-wordpress\/ -->\n<title>\u041a\u0443\u043b\u044c\u0442\u0443\u0440\u043d\u044b\u0435 \u0438 \u0441\u043f\u043e\u0440\u0442\u0438\u0432\u043d\u044b\u0435 \u043c\u0435\u0440\u043e\u043f\u0440\u0438\u044f\u0442\u0438\u044f \u0432 \u0411\u0440\u043d\u043e - Hotel Avanti Brno -<\/title>\n<meta name=\"description\" content=\"\u041e\u0442\u0435\u043b\u044c AVANTI \u043d\u0430\u0445\u043e\u0434\u0438\u0442\u0441\u044f \u0432 \u0440\u0430\u0439\u043e\u043d\u0435 \u041a\u0440\u0430\u043b\u043e\u0432\u043e \u041f\u043e\u043b\u0435, \u043d\u0435\u0434\u0430\u043b\u0435\u043a\u043e \u043e\u0442 \u041b\u0443\u0436\u0430\u043d\u0441\u043a\u043e\u0433\u043e \u043f\u0430\u0440\u043a\u0430. \u0414\u043b\u044f \u0432\u0434\u043e\u0445\u043d\u043e\u0432\u0435\u043d\u0438\u044f \u0432\u043e\u0442 \u0441\u0441\u044b\u043b\u043a\u0438 \u043d\u0430 \u0438\u0441\u043f\u043e\u043b\u044c\u0437\u043e\u0432\u0430\u043d\u0438\u0435 \u0441\u0432\u043e\u0431\u043e\u0434\u043d\u043e\u0433\u043e \u0432\u0440\u0435\u043c\u0435\u043d\u0438 \u0432 \u043e\u043a\u0440\u0435\u0441\u0442\u043d\u043e\u0441\u0442\u044f\u0445:      Semilasso Theatre  Technical Museum  Barrier-free Theatre Barka  Leisure Time Centre Lu\u017e\u00e1nky  Dobrovsk\u00e9ho Swimming Pool  Golf GCA  Golf Brno  Brno City Theatre  Hockey hall for children and youth  Vila Tugendhat  TIC Brno  Brnopas\" \/>\n<meta name=\"robots\" content=\"index, follow, max-snippet:-1, max-image-preview:large, max-video-preview:-1\" \/>\n<link rel=\"canonical\" href=\"https:\/\/www.hotelavanti.cz\/ru\/%d0%be%d1%80%d0%b3%d0%b0%d0%bd%d0%b8%d0%b7%d0%b0%d1%86%d0%b8%d0%be%d0%bd%d0%bd%d0%b0%d1%8f-%d0%bf%d0%be%d0%b4%d0%b4%d0%b5%d1%80%d0%b6%d0%ba%d0%b0-%d0%be%d1%82%d0%b5%d0%bb%d1%8f-avanti\/\" \/>\n<meta property=\"og:locale\" content=\"ru_RU\" \/>\n<meta property=\"og:type\" content=\"article\" \/>\n<meta property=\"og:title\" content=\"\u041a\u0443\u043b\u044c\u0442\u0443\u0440\u043d\u044b\u0435 \u0438 \u0441\u043f\u043e\u0440\u0442\u0438\u0432\u043d\u044b\u0435 \u043c\u0435\u0440\u043e\u043f\u0440\u0438\u044f\u0442\u0438\u044f \u0432 \u0411\u0440\u043d\u043e - Hotel Avanti Brno -\" \/>\n<meta property=\"og:description\" content=\"\u041e\u0442\u0435\u043b\u044c AVANTI \u043d\u0430\u0445\u043e\u0434\u0438\u0442\u0441\u044f \u0432 \u0440\u0430\u0439\u043e\u043d\u0435 \u041a\u0440\u0430\u043b\u043e\u0432\u043e \u041f\u043e\u043b\u0435, \u043d\u0435\u0434\u0430\u043b\u0435\u043a\u043e \u043e\u0442 \u041b\u0443\u0436\u0430\u043d\u0441\u043a\u043e\u0433\u043e \u043f\u0430\u0440\u043a\u0430. \u0414\u043b\u044f \u0432\u0434\u043e\u0445\u043d\u043e\u0432\u0435\u043d\u0438\u044f \u0432\u043e\u0442 \u0441\u0441\u044b\u043b\u043a\u0438 \u043d\u0430 \u0438\u0441\u043f\u043e\u043b\u044c\u0437\u043e\u0432\u0430\u043d\u0438\u0435 \u0441\u0432\u043e\u0431\u043e\u0434\u043d\u043e\u0433\u043e \u0432\u0440\u0435\u043c\u0435\u043d\u0438 \u0432 \u043e\u043a\u0440\u0435\u0441\u0442\u043d\u043e\u0441\u0442\u044f\u0445:      Semilasso Theatre  Technical Museum  Barrier-free Theatre Barka  Leisure Time Centre Lu\u017e\u00e1nky  Dobrovsk\u00e9ho Swimming Pool  Golf GCA  Golf Brno  Brno City Theatre  Hockey hall for children and youth  Vila Tugendhat  TIC Brno  Brnopas\" \/>\n<meta property=\"og:url\" content=\"https:\/\/www.hotelavanti.cz\/ru\/%d0%be%d1%80%d0%b3%d0%b0%d0%bd%d0%b8%d0%b7%d0%b0%d1%86%d0%b8%d0%be%d0%bd%d0%bd%d0%b0%d1%8f-%d0%bf%d0%be%d0%b4%d0%b4%d0%b5%d1%80%d0%b6%d0%ba%d0%b0-%d0%be%d1%82%d0%b5%d0%bb%d1%8f-avanti\/\" \/>\n<meta property=\"og:site_name\" content=\"Hotel Avanti Brno\" \/>\n<meta property=\"article:modified_time\" content=\"2023-04-27T10:22:44+00:00\" \/>\n<meta property=\"og:image\" content=\"https:\/\/www.hotelavanti.cz\/wp-content\/uploads\/sites\/329\/2021\/07\/Hotel_avanti_president_apartment_gallery01-1.jpg\" \/>\n\t<meta property=\"og:image:width\" content=\"1200\" \/>\n\t<meta property=\"og:image:height\" content=\"800\" \/>\n\t<meta property=\"og:image:type\" content=\"image\/jpeg\" \/>\n<meta name=\"twitter:card\" content=\"summary_large_image\" \/>\n<meta name=\"twitter:label1\" content=\"\u041f\u0440\u0438\u043c\u0435\u0440\u043d\u043e\u0435 \u0432\u0440\u0435\u043c\u044f \u0434\u043b\u044f \u0447\u0442\u0435\u043d\u0438\u044f\" \/>\n\t<meta name=\"twitter:data1\" content=\"1 \u043c\u0438\u043d\u0443\u0442\u0430\" \/>\n<script type=\"application\/ld+json\" class=\"yoast-schema-graph\">{\"@context\":\"https:\/\/schema.org\",\"@graph\":[{\"@type\":\"WebPage\",\"@id\":\"https:\/\/www.hotelavanti.cz\/ru\/%d0%be%d1%80%d0%b3%d0%b0%d0%bd%d0%b8%d0%b7%d0%b0%d1%86%d0%b8%d0%be%d0%bd%d0%bd%d0%b0%d1%8f-%d0%bf%d0%be%d0%b4%d0%b4%d0%b5%d1%80%d0%b6%d0%ba%d0%b0-%d0%be%d1%82%d0%b5%d0%bb%d1%8f-avanti\/\",\"url\":\"https:\/\/www.hotelavanti.cz\/ru\/%d0%be%d1%80%d0%b3%d0%b0%d0%bd%d0%b8%d0%b7%d0%b0%d1%86%d0%b8%d0%be%d0%bd%d0%bd%d0%b0%d1%8f-%d0%bf%d0%be%d0%b4%d0%b4%d0%b5%d1%80%d0%b6%d0%ba%d0%b0-%d0%be%d1%82%d0%b5%d0%bb%d1%8f-avanti\/\",\"name\":\"\u041a\u0443\u043b\u044c\u0442\u0443\u0440\u043d\u044b\u0435 \u0438 \u0441\u043f\u043e\u0440\u0442\u0438\u0432\u043d\u044b\u0435 \u043c\u0435\u0440\u043e\u043f\u0440\u0438\u044f\u0442\u0438\u044f \u0432 \u0411\u0440\u043d\u043e - Hotel Avanti Brno -\",\"isPartOf\":{\"@id\":\"https:\/\/www.hotelavanti.cz\/ru\/#website\"},\"datePublished\":\"2021-07-30T12:20:23+00:00\",\"dateModified\":\"2023-04-27T10:22:44+00:00\",\"description\":\"\u041e\u0442\u0435\u043b\u044c AVANTI \u043d\u0430\u0445\u043e\u0434\u0438\u0442\u0441\u044f \u0432 \u0440\u0430\u0439\u043e\u043d\u0435 \u041a\u0440\u0430\u043b\u043e\u0432\u043e \u041f\u043e\u043b\u0435, \u043d\u0435\u0434\u0430\u043b\u0435\u043a\u043e \u043e\u0442 \u041b\u0443\u0436\u0430\u043d\u0441\u043a\u043e\u0433\u043e \u043f\u0430\u0440\u043a\u0430. \u0414\u043b\u044f \u0432\u0434\u043e\u0445\u043d\u043e\u0432\u0435\u043d\u0438\u044f \u0432\u043e\u0442 \u0441\u0441\u044b\u043b\u043a\u0438 \u043d\u0430 \u0438\u0441\u043f\u043e\u043b\u044c\u0437\u043e\u0432\u0430\u043d\u0438\u0435 \u0441\u0432\u043e\u0431\u043e\u0434\u043d\u043e\u0433\u043e \u0432\u0440\u0435\u043c\u0435\u043d\u0438 \u0432 \u043e\u043a\u0440\u0435\u0441\u0442\u043d\u043e\u0441\u0442\u044f\u0445: \u2022 \u2022 Semilasso Theatre \u2022 Technical Museum \u2022 Barrier-free Theatre Barka \u2022 Leisure Time Centre Lu\u017e\u00e1nky \u2022 Dobrovsk\u00e9ho Swimming Pool \u2022 Golf GCA \u2022 Golf Brno \u2022 Brno City Theatre \u2022 Hockey hall for children and youth \u2022 Vila Tugendhat \u2022 TIC Brno \u2022 Brnopas\",\"breadcrumb\":{\"@id\":\"https:\/\/www.hotelavanti.cz\/ru\/%d0%be%d1%80%d0%b3%d0%b0%d0%bd%d0%b8%d0%b7%d0%b0%d1%86%d0%b8%d0%be%d0%bd%d0%bd%d0%b0%d1%8f-%d0%bf%d0%be%d0%b4%d0%b4%d0%b5%d1%80%d0%b6%d0%ba%d0%b0-%d0%be%d1%82%d0%b5%d0%bb%d1%8f-avanti\/#breadcrumb\"},\"inLanguage\":\"ru-RU\",\"potentialAction\":[{\"@type\":\"ReadAction\",\"target\":[\"https:\/\/www.hotelavanti.cz\/ru\/%d0%be%d1%80%d0%b3%d0%b0%d0%bd%d0%b8%d0%b7%d0%b0%d1%86%d0%b8%d0%be%d0%bd%d0%bd%d0%b0%d1%8f-%d0%bf%d0%be%d0%b4%d0%b4%d0%b5%d1%80%d0%b6%d0%ba%d0%b0-%d0%be%d1%82%d0%b5%d0%bb%d1%8f-avanti\/\"]}]},{\"@type\":\"BreadcrumbList\",\"@id\":\"https:\/\/www.hotelavanti.cz\/ru\/%d0%be%d1%80%d0%b3%d0%b0%d0%bd%d0%b8%d0%b7%d0%b0%d1%86%d0%b8%d0%be%d0%bd%d0%bd%d0%b0%d1%8f-%d0%bf%d0%be%d0%b4%d0%b4%d0%b5%d1%80%d0%b6%d0%ba%d0%b0-%d0%be%d1%82%d0%b5%d0%bb%d1%8f-avanti\/#breadcrumb\",\"itemListElement\":[{\"@type\":\"ListItem\",\"position\":1,\"name\":\"Home\",\"item\":\"https:\/\/www.hotelavanti.cz\/ru\/\"},{\"@type\":\"ListItem\",\"position\":2,\"name\":\"\u041a\u0443\u043b\u044c\u0442\u0443\u0440\u043d\u044b\u0435 \u0438 \u0441\u043f\u043e\u0440\u0442\u0438\u0432\u043d\u044b\u0435 \u043c\u0435\u0440\u043e\u043f\u0440\u0438\u044f\u0442\u0438\u044f \u0432 \u0411\u0440\u043d\u043e\"}]},{\"@type\":\"WebSite\",\"@id\":\"https:\/\/www.hotelavanti.cz\/ru\/#website\",\"url\":\"https:\/\/www.hotelavanti.cz\/ru\/\",\"name\":\"Hotel Avanti Brno\",\"description\":\"Just another ms.decms.eu site\",\"potentialAction\":[{\"@type\":\"SearchAction\",\"target\":{\"@type\":\"EntryPoint\",\"urlTemplate\":\"https:\/\/www.hotelavanti.cz\/ru\/?s={search_term_string}\"},\"query-input\":{\"@type\":\"PropertyValueSpecification\",\"valueRequired\":true,\"valueName\":\"search_term_string\"}}],\"inLanguage\":\"ru-RU\"}]}<\/script>\n<!-- \/ Yoast SEO plugin. -->","yoast_head_json":{"title":"\u041a\u0443\u043b\u044c\u0442\u0443\u0440\u043d\u044b\u0435 \u0438 \u0441\u043f\u043e\u0440\u0442\u0438\u0432\u043d\u044b\u0435 \u043c\u0435\u0440\u043e\u043f\u0440\u0438\u044f\u0442\u0438\u044f \u0432 \u0411\u0440\u043d\u043e - Hotel Avanti Brno -","description":"\u041e\u0442\u0435\u043b\u044c AVANTI \u043d\u0430\u0445\u043e\u0434\u0438\u0442\u0441\u044f \u0432 \u0440\u0430\u0439\u043e\u043d\u0435 \u041a\u0440\u0430\u043b\u043e\u0432\u043e \u041f\u043e\u043b\u0435, \u043d\u0435\u0434\u0430\u043b\u0435\u043a\u043e \u043e\u0442 \u041b\u0443\u0436\u0430\u043d\u0441\u043a\u043e\u0433\u043e \u043f\u0430\u0440\u043a\u0430. \u0414\u043b\u044f \u0432\u0434\u043e\u0445\u043d\u043e\u0432\u0435\u043d\u0438\u044f \u0432\u043e\u0442 \u0441\u0441\u044b\u043b\u043a\u0438 \u043d\u0430 \u0438\u0441\u043f\u043e\u043b\u044c\u0437\u043e\u0432\u0430\u043d\u0438\u0435 \u0441\u0432\u043e\u0431\u043e\u0434\u043d\u043e\u0433\u043e \u0432\u0440\u0435\u043c\u0435\u043d\u0438 \u0432 \u043e\u043a\u0440\u0435\u0441\u0442\u043d\u043e\u0441\u0442\u044f\u0445:      Semilasso Theatre  Technical Museum  Barrier-free Theatre Barka  Leisure Time Centre Lu\u017e\u00e1nky  Dobrovsk\u00e9ho Swimming Pool  Golf GCA  Golf Brno  Brno City Theatre  Hockey hall for children and youth  Vila Tugendhat  TIC Brno  Brnopas","robots":{"index":"index","follow":"follow","max-snippet":"max-snippet:-1","max-image-preview":"max-image-preview:large","max-video-preview":"max-video-preview:-1"},"canonical":"https:\/\/www.hotelavanti.cz\/ru\/%d0%be%d1%80%d0%b3%d0%b0%d0%bd%d0%b8%d0%b7%d0%b0%d1%86%d0%b8%d0%be%d0%bd%d0%bd%d0%b0%d1%8f-%d0%bf%d0%be%d0%b4%d0%b4%d0%b5%d1%80%d0%b6%d0%ba%d0%b0-%d0%be%d1%82%d0%b5%d0%bb%d1%8f-avanti\/","og_locale":"ru_RU","og_type":"article","og_title":"\u041a\u0443\u043b\u044c\u0442\u0443\u0440\u043d\u044b\u0435 \u0438 \u0441\u043f\u043e\u0440\u0442\u0438\u0432\u043d\u044b\u0435 \u043c\u0435\u0440\u043e\u043f\u0440\u0438\u044f\u0442\u0438\u044f \u0432 \u0411\u0440\u043d\u043e - Hotel Avanti Brno -","og_description":"\u041e\u0442\u0435\u043b\u044c AVANTI \u043d\u0430\u0445\u043e\u0434\u0438\u0442\u0441\u044f \u0432 \u0440\u0430\u0439\u043e\u043d\u0435 \u041a\u0440\u0430\u043b\u043e\u0432\u043e \u041f\u043e\u043b\u0435, \u043d\u0435\u0434\u0430\u043b\u0435\u043a\u043e \u043e\u0442 \u041b\u0443\u0436\u0430\u043d\u0441\u043a\u043e\u0433\u043e \u043f\u0430\u0440\u043a\u0430. \u0414\u043b\u044f \u0432\u0434\u043e\u0445\u043d\u043e\u0432\u0435\u043d\u0438\u044f \u0432\u043e\u0442 \u0441\u0441\u044b\u043b\u043a\u0438 \u043d\u0430 \u0438\u0441\u043f\u043e\u043b\u044c\u0437\u043e\u0432\u0430\u043d\u0438\u0435 \u0441\u0432\u043e\u0431\u043e\u0434\u043d\u043e\u0433\u043e \u0432\u0440\u0435\u043c\u0435\u043d\u0438 \u0432 \u043e\u043a\u0440\u0435\u0441\u0442\u043d\u043e\u0441\u0442\u044f\u0445:      Semilasso Theatre  Technical Museum  Barrier-free Theatre Barka  Leisure Time Centre Lu\u017e\u00e1nky  Dobrovsk\u00e9ho Swimming Pool  Golf GCA  Golf Brno  Brno City Theatre  Hockey hall for children and youth  Vila Tugendhat  TIC Brno  Brnopas","og_url":"https:\/\/www.hotelavanti.cz\/ru\/%d0%be%d1%80%d0%b3%d0%b0%d0%bd%d0%b8%d0%b7%d0%b0%d1%86%d0%b8%d0%be%d0%bd%d0%bd%d0%b0%d1%8f-%d0%bf%d0%be%d0%b4%d0%b4%d0%b5%d1%80%d0%b6%d0%ba%d0%b0-%d0%be%d1%82%d0%b5%d0%bb%d1%8f-avanti\/","og_site_name":"Hotel Avanti Brno","article_modified_time":"2023-04-27T10:22:44+00:00","og_image":[{"width":1200,"height":800,"url":"https:\/\/www.hotelavanti.cz\/wp-content\/uploads\/sites\/329\/2021\/07\/Hotel_avanti_president_apartment_gallery01-1.jpg","type":"image\/jpeg"}],"twitter_card":"summary_large_image","twitter_misc":{"\u041f\u0440\u0438\u043c\u0435\u0440\u043d\u043e\u0435 \u0432\u0440\u0435\u043c\u044f \u0434\u043b\u044f \u0447\u0442\u0435\u043d\u0438\u044f":"1 \u043c\u0438\u043d\u0443\u0442\u0430"},"schema":{"@context":"https:\/\/schema.org","@graph":[{"@type":"WebPage","@id":"https:\/\/www.hotelavanti.cz\/ru\/%d0%be%d1%80%d0%b3%d0%b0%d0%bd%d0%b8%d0%b7%d0%b0%d1%86%d0%b8%d0%be%d0%bd%d0%bd%d0%b0%d1%8f-%d0%bf%d0%be%d0%b4%d0%b4%d0%b5%d1%80%d0%b6%d0%ba%d0%b0-%d0%be%d1%82%d0%b5%d0%bb%d1%8f-avanti\/","url":"https:\/\/www.hotelavanti.cz\/ru\/%d0%be%d1%80%d0%b3%d0%b0%d0%bd%d0%b8%d0%b7%d0%b0%d1%86%d0%b8%d0%be%d0%bd%d0%bd%d0%b0%d1%8f-%d0%bf%d0%be%d0%b4%d0%b4%d0%b5%d1%80%d0%b6%d0%ba%d0%b0-%d0%be%d1%82%d0%b5%d0%bb%d1%8f-avanti\/","name":"\u041a\u0443\u043b\u044c\u0442\u0443\u0440\u043d\u044b\u0435 \u0438 \u0441\u043f\u043e\u0440\u0442\u0438\u0432\u043d\u044b\u0435 \u043c\u0435\u0440\u043e\u043f\u0440\u0438\u044f\u0442\u0438\u044f \u0432 \u0411\u0440\u043d\u043e - Hotel Avanti Brno -","isPartOf":{"@id":"https:\/\/www.hotelavanti.cz\/ru\/#website"},"datePublished":"2021-07-30T12:20:23+00:00","dateModified":"2023-04-27T10:22:44+00:00","description":"\u041e\u0442\u0435\u043b\u044c AVANTI \u043d\u0430\u0445\u043e\u0434\u0438\u0442\u0441\u044f \u0432 \u0440\u0430\u0439\u043e\u043d\u0435 \u041a\u0440\u0430\u043b\u043e\u0432\u043e \u041f\u043e\u043b\u0435, \u043d\u0435\u0434\u0430\u043b\u0435\u043a\u043e \u043e\u0442 \u041b\u0443\u0436\u0430\u043d\u0441\u043a\u043e\u0433\u043e \u043f\u0430\u0440\u043a\u0430. \u0414\u043b\u044f \u0432\u0434\u043e\u0445\u043d\u043e\u0432\u0435\u043d\u0438\u044f \u0432\u043e\u0442 \u0441\u0441\u044b\u043b\u043a\u0438 \u043d\u0430 \u0438\u0441\u043f\u043e\u043b\u044c\u0437\u043e\u0432\u0430\u043d\u0438\u0435 \u0441\u0432\u043e\u0431\u043e\u0434\u043d\u043e\u0433\u043e \u0432\u0440\u0435\u043c\u0435\u043d\u0438 \u0432 \u043e\u043a\u0440\u0435\u0441\u0442\u043d\u043e\u0441\u0442\u044f\u0445: \u2022 \u2022 Semilasso Theatre \u2022 Technical Museum \u2022 Barrier-free Theatre Barka \u2022 Leisure Time Centre Lu\u017e\u00e1nky \u2022 Dobrovsk\u00e9ho Swimming Pool \u2022 Golf GCA \u2022 Golf Brno \u2022 Brno City Theatre \u2022 Hockey hall for children and youth \u2022 Vila Tugendhat \u2022 TIC Brno \u2022 Brnopas","breadcrumb":{"@id":"https:\/\/www.hotelavanti.cz\/ru\/%d0%be%d1%80%d0%b3%d0%b0%d0%bd%d0%b8%d0%b7%d0%b0%d1%86%d0%b8%d0%be%d0%bd%d0%bd%d0%b0%d1%8f-%d0%bf%d0%be%d0%b4%d0%b4%d0%b5%d1%80%d0%b6%d0%ba%d0%b0-%d0%be%d1%82%d0%b5%d0%bb%d1%8f-avanti\/#breadcrumb"},"inLanguage":"ru-RU","potentialAction":[{"@type":"ReadAction","target":["https:\/\/www.hotelavanti.cz\/ru\/%d0%be%d1%80%d0%b3%d0%b0%d0%bd%d0%b8%d0%b7%d0%b0%d1%86%d0%b8%d0%be%d0%bd%d0%bd%d0%b0%d1%8f-%d0%bf%d0%be%d0%b4%d0%b4%d0%b5%d1%80%d0%b6%d0%ba%d0%b0-%d0%be%d1%82%d0%b5%d0%bb%d1%8f-avanti\/"]}]},{"@type":"BreadcrumbList","@id":"https:\/\/www.hotelavanti.cz\/ru\/%d0%be%d1%80%d0%b3%d0%b0%d0%bd%d0%b8%d0%b7%d0%b0%d1%86%d0%b8%d0%be%d0%bd%d0%bd%d0%b0%d1%8f-%d0%bf%d0%be%d0%b4%d0%b4%d0%b5%d1%80%d0%b6%d0%ba%d0%b0-%d0%be%d1%82%d0%b5%d0%bb%d1%8f-avanti\/#breadcrumb","itemListElement":[{"@type":"ListItem","position":1,"name":"Home","item":"https:\/\/www.hotelavanti.cz\/ru\/"},{"@type":"ListItem","position":2,"name":"\u041a\u0443\u043b\u044c\u0442\u0443\u0440\u043d\u044b\u0435 \u0438 \u0441\u043f\u043e\u0440\u0442\u0438\u0432\u043d\u044b\u0435 \u043c\u0435\u0440\u043e\u043f\u0440\u0438\u044f\u0442\u0438\u044f \u0432 \u0411\u0440\u043d\u043e"}]},{"@type":"WebSite","@id":"https:\/\/www.hotelavanti.cz\/ru\/#website","url":"https:\/\/www.hotelavanti.cz\/ru\/","name":"Hotel Avanti Brno","description":"Just another ms.decms.eu site","potentialAction":[{"@type":"SearchAction","target":{"@type":"EntryPoint","urlTemplate":"https:\/\/www.hotelavanti.cz\/ru\/?s={search_term_string}"},"query-input":{"@type":"PropertyValueSpecification","valueRequired":true,"valueName":"search_term_string"}}],"inLanguage":"ru-RU"}]}},"acf":[],"_links":{"self":[{"href":"https:\/\/www.hotelavanti.cz\/ru\/wp-json\/wp\/v2\/pages\/1072","targetHints":{"allow":["GET"]}}],"collection":[{"href":"https:\/\/www.hotelavanti.cz\/ru\/wp-json\/wp\/v2\/pages"}],"about":[{"href":"https:\/\/www.hotelavanti.cz\/ru\/wp-json\/wp\/v2\/types\/page"}],"author":[{"embeddable":true,"href":"https:\/\/www.hotelavanti.cz\/ru\/wp-json\/wp\/v2\/users\/36"}],"replies":[{"embeddable":true,"href":"https:\/\/www.hotelavanti.cz\/ru\/wp-json\/wp\/v2\/comments?post=1072"}],"version-history":[{"count":0,"href":"https:\/\/www.hotelavanti.cz\/ru\/wp-json\/wp\/v2\/pages\/1072\/revisions"}],"wp:attachment":[{"href":"https:\/\/www.hotelavanti.cz\/ru\/wp-json\/wp\/v2\/media?parent=1072"}],"curies":[{"name":"wp","href":"https:\/\/api.w.org\/{rel}","templated":true}]}}