{"id":813,"date":"2021-07-30T09:06:03","date_gmt":"2021-07-30T09:06:03","guid":{"rendered":"https:\/\/hotel-avanti.ms.decms.eu\/?page_id=813"},"modified":"2026-03-23T09:22:20","modified_gmt":"2026-03-23T09:22:20","slug":"cennik","status":"publish","type":"page","link":"https:\/\/www.hotelavanti.cz\/pl\/cennik\/","title":{"rendered":"Cenn\u00edk"},"content":{"rendered":"<details>\n<summary>Ceny pokoi<\/summary>\n<p>Aktualne ceny mo\u017cna znale\u017a\u0107 w formularzu rezerwacji on-line lub skontaktowa\u0107 si\u0119 bezpo\u015brednio z recepcj\u0105 hotelu pod numerem +420 541 510 111.<\/p>\n<p>Dla grup i biur podr\u00f3\u017cy mo\u017cna uzgodni\u0107 zni\u017cki.<\/p>\n<\/details>\n<details>\n<summary>Ceny pakiet\u00f3w hotelowych<\/summary>\n<p><strong>Romantic<\/strong><\/p>\n<ul>\n<li>7.150,- \/ pok\u00f3j dwuosobowy<\/li>\n<\/ul>\n<p><strong>Wiosna\u00a0<\/strong><\/p>\n<ul>\n<li>5.400,- \/ pok\u00f3j dwuosobowy<\/li>\n<li>6.660,- \/ pok\u00f3j trzyosobowy<\/li>\n<\/ul>\n<\/details>\n<details>\n<summary>Inne<\/summary>\n<p><strong>Bowling<\/strong><\/p>\n<ul>\n<li>14.00 &#8211; 17.00 200,- \/ kr\u0119gielnia za godzin\u0119<\/li>\n<li>17.00 &#8211; 2.00 250,- \/ kr\u0119gielnia za godzin\u0119<\/li>\n<\/ul>\n<p><strong>Centrum spa<\/strong><\/p>\n<ul>\n<li>prywatne spa<\/li>\n<li>grupa do 4 os\u00f3b. 1.490,- \/ 2 godz.<\/li>\n<li>grupa do 8 os\u00f3b.1.890,- \/ 2 godz.<\/li>\n<\/ul>\n<\/details>\n","protected":false},"excerpt":{"rendered":"<p>Ceny pokoi Aktualne ceny mo\u017cna znale\u017a\u0107 w formularzu rezerwacji on-line lub skontaktowa\u0107 si\u0119 bezpo\u015brednio z recepcj\u0105 hotelu pod numerem +420 541 510 111. Dla grup i biur podr\u00f3\u017cy mo\u017cna uzgodni\u0107 zni\u017cki. Ceny pakiet\u00f3w hotelowych Romantic 7.150,- \/ pok\u00f3j dwuosobowy Wiosna\u00a0 5.400,- \/ pok\u00f3j dwuosobowy 6.660,- \/ pok\u00f3j trzyosobowy Inne Bowling 14.00 &#8211; 17.00 200,- \/ [&hellip;]<\/p>\n","protected":false},"author":36,"featured_media":0,"parent":0,"menu_order":999,"comment_status":"closed","ping_status":"closed","template":"","meta":{"footnotes":""},"class_list":["post-813","page","type-page","status-publish","hentry"],"yoast_head":"<!-- This site is optimized with the Yoast SEO plugin v26.9 - https:\/\/yoast.com\/product\/yoast-seo-wordpress\/ -->\n<title>Cenn\u00edk - Hotel Avanti Brno -<\/title>\n<meta name=\"description\" content=\"Ceny pokoiAktualne ceny mo\u017cna znale\u017a\u0107 w formularzu rezerwacji on-line lub skontaktowa\u0107 si\u0119 bezpo\u015brednio z recepcj\u0105 hotelu pod numerem +420 541 510 111.  Dla grup i biur podr\u00f3\u017cy mo\u017cna uzgodni\u0107 zni\u017cki.  Ceny pakiet\u00f3w hotelowychRomantic   7.150,- \/ pok\u00f3j dwuosobowy  Wiosna\u00a0   5.400,- \/ pok\u00f3j dwuosobowy  6.660,- \/ pok\u00f3j trzyosobowy  InneBowling   14.00 - 17.00 200,- \/ kr\u0119gielnia za godzin\u0119  17.00 - 2.00 250,- \/ kr\u0119gielnia za godzin\u0119  Centrum spa   prywatne spa  grupa do 4 os\u00f3b. 1.490,- \/ 2 godz.  grupa do 8 os\u00f3b.1.890,- \/ 2 godz.\" \/>\n<meta name=\"robots\" content=\"index, follow, max-snippet:-1, max-image-preview:large, max-video-preview:-1\" \/>\n<link rel=\"canonical\" href=\"https:\/\/www.hotelavanti.cz\/pl\/cennik\/\" \/>\n<meta property=\"og:locale\" content=\"pl_PL\" \/>\n<meta property=\"og:type\" content=\"article\" \/>\n<meta property=\"og:title\" content=\"Cenn\u00edk - Hotel Avanti Brno -\" \/>\n<meta property=\"og:description\" content=\"Ceny pokoiAktualne ceny mo\u017cna znale\u017a\u0107 w formularzu rezerwacji on-line lub skontaktowa\u0107 si\u0119 bezpo\u015brednio z recepcj\u0105 hotelu pod numerem +420 541 510 111.  Dla grup i biur podr\u00f3\u017cy mo\u017cna uzgodni\u0107 zni\u017cki.  Ceny pakiet\u00f3w hotelowychRomantic   7.150,- \/ pok\u00f3j dwuosobowy  Wiosna\u00a0   5.400,- \/ pok\u00f3j dwuosobowy  6.660,- \/ pok\u00f3j trzyosobowy  InneBowling   14.00 - 17.00 200,- \/ kr\u0119gielnia za godzin\u0119  17.00 - 2.00 250,- \/ kr\u0119gielnia za godzin\u0119  Centrum spa   prywatne spa  grupa do 4 os\u00f3b. 1.490,- \/ 2 godz.  grupa do 8 os\u00f3b.1.890,- \/ 2 godz.\" \/>\n<meta property=\"og:url\" content=\"https:\/\/www.hotelavanti.cz\/pl\/cennik\/\" \/>\n<meta property=\"og:site_name\" content=\"Hotel Avanti Brno\" \/>\n<meta property=\"article:modified_time\" content=\"2026-03-23T09:22:20+00:00\" \/>\n<meta property=\"og:image\" content=\"https:\/\/www.hotelavanti.cz\/wp-content\/uploads\/sites\/329\/2021\/07\/Hotel_avanti_president_apartment_gallery01-1.jpg\" \/>\n\t<meta property=\"og:image:width\" content=\"1200\" \/>\n\t<meta property=\"og:image:height\" content=\"800\" \/>\n\t<meta property=\"og:image:type\" content=\"image\/jpeg\" \/>\n<meta name=\"twitter:card\" content=\"summary_large_image\" \/>\n<meta name=\"twitter:label1\" content=\"Szacowany czas czytania\" \/>\n\t<meta name=\"twitter:data1\" content=\"1 minuta\" \/>\n<script type=\"application\/ld+json\" class=\"yoast-schema-graph\">{\"@context\":\"https:\/\/schema.org\",\"@graph\":[{\"@type\":\"WebPage\",\"@id\":\"https:\/\/www.hotelavanti.cz\/pl\/cennik\/\",\"url\":\"https:\/\/www.hotelavanti.cz\/pl\/cennik\/\",\"name\":\"Cenn\u00edk - Hotel Avanti Brno -\",\"isPartOf\":{\"@id\":\"https:\/\/www.hotelavanti.cz\/pl\/#website\"},\"datePublished\":\"2021-07-30T09:06:03+00:00\",\"dateModified\":\"2026-03-23T09:22:20+00:00\",\"description\":\"Ceny pokoiAktualne ceny mo\u017cna znale\u017a\u0107 w formularzu rezerwacji on-line lub skontaktowa\u0107 si\u0119 bezpo\u015brednio z recepcj\u0105 hotelu pod numerem +420 541 510 111. Dla grup i biur podr\u00f3\u017cy mo\u017cna uzgodni\u0107 zni\u017cki. Ceny pakiet\u00f3w hotelowychRomantic \u2022 7.150,- \/ pok\u00f3j dwuosobowy Wiosna\u00a0 \u2022 5.400,- \/ pok\u00f3j dwuosobowy \u2022 6.660,- \/ pok\u00f3j trzyosobowy InneBowling \u2022 14.00 - 17.00 200,- \/ kr\u0119gielnia za godzin\u0119 \u2022 17.00 - 2.00 250,- \/ kr\u0119gielnia za godzin\u0119 Centrum spa \u2022 prywatne spa \u2022 grupa do 4 os\u00f3b. 1.490,- \/ 2 godz. \u2022 grupa do 8 os\u00f3b.1.890,- \/ 2 godz.\",\"breadcrumb\":{\"@id\":\"https:\/\/www.hotelavanti.cz\/pl\/cennik\/#breadcrumb\"},\"inLanguage\":\"pl-PL\",\"potentialAction\":[{\"@type\":\"ReadAction\",\"target\":[\"https:\/\/www.hotelavanti.cz\/pl\/cennik\/\"]}]},{\"@type\":\"BreadcrumbList\",\"@id\":\"https:\/\/www.hotelavanti.cz\/pl\/cennik\/#breadcrumb\",\"itemListElement\":[{\"@type\":\"ListItem\",\"position\":1,\"name\":\"Home\",\"item\":\"https:\/\/www.hotelavanti.cz\/pl\/\"},{\"@type\":\"ListItem\",\"position\":2,\"name\":\"Cenn\u00edk\"}]},{\"@type\":\"WebSite\",\"@id\":\"https:\/\/www.hotelavanti.cz\/pl\/#website\",\"url\":\"https:\/\/www.hotelavanti.cz\/pl\/\",\"name\":\"Hotel Avanti Brno\",\"description\":\"Just another ms.decms.eu site\",\"potentialAction\":[{\"@type\":\"SearchAction\",\"target\":{\"@type\":\"EntryPoint\",\"urlTemplate\":\"https:\/\/www.hotelavanti.cz\/pl\/?s={search_term_string}\"},\"query-input\":{\"@type\":\"PropertyValueSpecification\",\"valueRequired\":true,\"valueName\":\"search_term_string\"}}],\"inLanguage\":\"pl-PL\"}]}<\/script>\n<!-- \/ Yoast SEO plugin. -->","yoast_head_json":{"title":"Cenn\u00edk - Hotel Avanti Brno -","description":"Ceny pokoiAktualne ceny mo\u017cna znale\u017a\u0107 w formularzu rezerwacji on-line lub skontaktowa\u0107 si\u0119 bezpo\u015brednio z recepcj\u0105 hotelu pod numerem +420 541 510 111.  Dla grup i biur podr\u00f3\u017cy mo\u017cna uzgodni\u0107 zni\u017cki.  Ceny pakiet\u00f3w hotelowychRomantic   7.150,- \/ pok\u00f3j dwuosobowy  Wiosna\u00a0   5.400,- \/ pok\u00f3j dwuosobowy  6.660,- \/ pok\u00f3j trzyosobowy  InneBowling   14.00 - 17.00 200,- \/ kr\u0119gielnia za godzin\u0119  17.00 - 2.00 250,- \/ kr\u0119gielnia za godzin\u0119  Centrum spa   prywatne spa  grupa do 4 os\u00f3b. 1.490,- \/ 2 godz.  grupa do 8 os\u00f3b.1.890,- \/ 2 godz.","robots":{"index":"index","follow":"follow","max-snippet":"max-snippet:-1","max-image-preview":"max-image-preview:large","max-video-preview":"max-video-preview:-1"},"canonical":"https:\/\/www.hotelavanti.cz\/pl\/cennik\/","og_locale":"pl_PL","og_type":"article","og_title":"Cenn\u00edk - Hotel Avanti Brno -","og_description":"Ceny pokoiAktualne ceny mo\u017cna znale\u017a\u0107 w formularzu rezerwacji on-line lub skontaktowa\u0107 si\u0119 bezpo\u015brednio z recepcj\u0105 hotelu pod numerem +420 541 510 111.  Dla grup i biur podr\u00f3\u017cy mo\u017cna uzgodni\u0107 zni\u017cki.  Ceny pakiet\u00f3w hotelowychRomantic   7.150,- \/ pok\u00f3j dwuosobowy  Wiosna\u00a0   5.400,- \/ pok\u00f3j dwuosobowy  6.660,- \/ pok\u00f3j trzyosobowy  InneBowling   14.00 - 17.00 200,- \/ kr\u0119gielnia za godzin\u0119  17.00 - 2.00 250,- \/ kr\u0119gielnia za godzin\u0119  Centrum spa   prywatne spa  grupa do 4 os\u00f3b. 1.490,- \/ 2 godz.  grupa do 8 os\u00f3b.1.890,- \/ 2 godz.","og_url":"https:\/\/www.hotelavanti.cz\/pl\/cennik\/","og_site_name":"Hotel Avanti Brno","article_modified_time":"2026-03-23T09:22:20+00:00","og_image":[{"width":1200,"height":800,"url":"https:\/\/www.hotelavanti.cz\/wp-content\/uploads\/sites\/329\/2021\/07\/Hotel_avanti_president_apartment_gallery01-1.jpg","type":"image\/jpeg"}],"twitter_card":"summary_large_image","twitter_misc":{"Szacowany czas czytania":"1 minuta"},"schema":{"@context":"https:\/\/schema.org","@graph":[{"@type":"WebPage","@id":"https:\/\/www.hotelavanti.cz\/pl\/cennik\/","url":"https:\/\/www.hotelavanti.cz\/pl\/cennik\/","name":"Cenn\u00edk - Hotel Avanti Brno -","isPartOf":{"@id":"https:\/\/www.hotelavanti.cz\/pl\/#website"},"datePublished":"2021-07-30T09:06:03+00:00","dateModified":"2026-03-23T09:22:20+00:00","description":"Ceny pokoiAktualne ceny mo\u017cna znale\u017a\u0107 w formularzu rezerwacji on-line lub skontaktowa\u0107 si\u0119 bezpo\u015brednio z recepcj\u0105 hotelu pod numerem +420 541 510 111. Dla grup i biur podr\u00f3\u017cy mo\u017cna uzgodni\u0107 zni\u017cki. Ceny pakiet\u00f3w hotelowychRomantic \u2022 7.150,- \/ pok\u00f3j dwuosobowy Wiosna\u00a0 \u2022 5.400,- \/ pok\u00f3j dwuosobowy \u2022 6.660,- \/ pok\u00f3j trzyosobowy InneBowling \u2022 14.00 - 17.00 200,- \/ kr\u0119gielnia za godzin\u0119 \u2022 17.00 - 2.00 250,- \/ kr\u0119gielnia za godzin\u0119 Centrum spa \u2022 prywatne spa \u2022 grupa do 4 os\u00f3b. 1.490,- \/ 2 godz. \u2022 grupa do 8 os\u00f3b.1.890,- \/ 2 godz.","breadcrumb":{"@id":"https:\/\/www.hotelavanti.cz\/pl\/cennik\/#breadcrumb"},"inLanguage":"pl-PL","potentialAction":[{"@type":"ReadAction","target":["https:\/\/www.hotelavanti.cz\/pl\/cennik\/"]}]},{"@type":"BreadcrumbList","@id":"https:\/\/www.hotelavanti.cz\/pl\/cennik\/#breadcrumb","itemListElement":[{"@type":"ListItem","position":1,"name":"Home","item":"https:\/\/www.hotelavanti.cz\/pl\/"},{"@type":"ListItem","position":2,"name":"Cenn\u00edk"}]},{"@type":"WebSite","@id":"https:\/\/www.hotelavanti.cz\/pl\/#website","url":"https:\/\/www.hotelavanti.cz\/pl\/","name":"Hotel Avanti Brno","description":"Just another ms.decms.eu site","potentialAction":[{"@type":"SearchAction","target":{"@type":"EntryPoint","urlTemplate":"https:\/\/www.hotelavanti.cz\/pl\/?s={search_term_string}"},"query-input":{"@type":"PropertyValueSpecification","valueRequired":true,"valueName":"search_term_string"}}],"inLanguage":"pl-PL"}]}},"acf":[],"_links":{"self":[{"href":"https:\/\/www.hotelavanti.cz\/pl\/wp-json\/wp\/v2\/pages\/813","targetHints":{"allow":["GET"]}}],"collection":[{"href":"https:\/\/www.hotelavanti.cz\/pl\/wp-json\/wp\/v2\/pages"}],"about":[{"href":"https:\/\/www.hotelavanti.cz\/pl\/wp-json\/wp\/v2\/types\/page"}],"author":[{"embeddable":true,"href":"https:\/\/www.hotelavanti.cz\/pl\/wp-json\/wp\/v2\/users\/36"}],"replies":[{"embeddable":true,"href":"https:\/\/www.hotelavanti.cz\/pl\/wp-json\/wp\/v2\/comments?post=813"}],"version-history":[{"count":0,"href":"https:\/\/www.hotelavanti.cz\/pl\/wp-json\/wp\/v2\/pages\/813\/revisions"}],"wp:attachment":[{"href":"https:\/\/www.hotelavanti.cz\/pl\/wp-json\/wp\/v2\/media?parent=813"}],"curies":[{"name":"wp","href":"https:\/\/api.w.org\/{rel}","templated":true}]}}