{"id":737,"date":"2021-07-27T14:08:26","date_gmt":"2021-07-27T14:08:26","guid":{"rendered":"https:\/\/hotel-avanti.ms.decms.eu\/?page_id=737"},"modified":"2025-03-20T13:48:57","modified_gmt":"2025-03-20T13:48:57","slug":"restauracja","status":"publish","type":"page","link":"https:\/\/www.hotelavanti.cz\/pl\/restauracja\/","title":{"rendered":"Restauracja"},"content":{"rendered":"<p>Z pustym brzuchem nikt nie ma si\u0142y na zwiedzanie. W AVANTI idziemy o krok naprz\u00f3d. Nie tylko oferujemy zdrowe i <strong>smaczne \u015bniadania<\/strong> w hotelowej restauracji, ale nasz <strong>szef kuchni Pavel Tauber<\/strong> ma pe\u0142n\u0105 swobod\u0119 przy tworzeniu menu, aby zawsze m\u00f3g\u0142 dla go\u015bci przygotowywa\u0107 to, co najlepsze. Regularnie przygotowuje niespodzianki, na przyk\u0142ad sezonowe<strong> tygodnie tematyczne!<\/strong><\/p>\n<p>W obu hotelowych restauracjach Avanti i Ark\u00e1da gotujemy wy\u0142\u0105cznie ze \u015bwie\u017cych sk\u0142adnik\u00f3w. Mo\u017cna wybra\u0107 dania \u201e\u00e0 la carte\u201d z tradycyjnej kuchni czeskiej lub spr\u00f3bowa\u0107 specja\u0142\u00f3w kuchni mi\u0119dzynarodowej i skosztowa\u0107 wina ze s\u0142ynnych winnic po\u0142udniowomorawskich.<\/p>\n","protected":false},"excerpt":{"rendered":"<p>Z pustym brzuchem nikt nie ma si\u0142y na zwiedzanie. W AVANTI idziemy o krok naprz\u00f3d. Nie tylko oferujemy zdrowe i smaczne \u015bniadania w hotelowej restauracji, ale nasz szef kuchni Pavel Tauber ma pe\u0142n\u0105 swobod\u0119 przy tworzeniu menu, aby zawsze m\u00f3g\u0142 dla go\u015bci przygotowywa\u0107 to, co najlepsze. Regularnie przygotowuje niespodzianki, na przyk\u0142ad sezonowe tygodnie tematyczne! W [&hellip;]<\/p>\n","protected":false},"author":36,"featured_media":0,"parent":0,"menu_order":50,"comment_status":"closed","ping_status":"closed","template":"template-restaurants.php","meta":{"footnotes":""},"class_list":["post-737","page","type-page","status-publish","hentry"],"yoast_head":"<!-- This site is optimized with the Yoast SEO plugin v26.9 - https:\/\/yoast.com\/product\/yoast-seo-wordpress\/ -->\n<title>Restauracja - Hotel Avanti Brno -<\/title>\n<meta name=\"description\" content=\"Z pustym brzuchem nikt nie ma si\u0142y na zwiedzanie. W AVANTI idziemy o krok naprz\u00f3d\" \/>\n<meta name=\"robots\" content=\"index, follow, max-snippet:-1, max-image-preview:large, max-video-preview:-1\" \/>\n<link rel=\"canonical\" href=\"https:\/\/www.hotelavanti.cz\/pl\/restauracja\/\" \/>\n<meta property=\"og:locale\" content=\"pl_PL\" \/>\n<meta property=\"og:type\" content=\"article\" \/>\n<meta property=\"og:title\" content=\"Restauracja - Hotel Avanti Brno -\" \/>\n<meta property=\"og:description\" content=\"Z pustym brzuchem nikt nie ma si\u0142y na zwiedzanie. W AVANTI idziemy o krok naprz\u00f3d\" \/>\n<meta property=\"og:url\" content=\"https:\/\/www.hotelavanti.cz\/pl\/restauracja\/\" \/>\n<meta property=\"og:site_name\" content=\"Hotel Avanti Brno\" \/>\n<meta property=\"article:modified_time\" content=\"2025-03-20T13:48:57+00:00\" \/>\n<meta property=\"og:image\" content=\"https:\/\/www.hotelavanti.cz\/wp-content\/uploads\/sites\/329\/2021\/07\/Hotel_avanti_president_apartment_gallery01-1.jpg\" \/>\n\t<meta property=\"og:image:width\" content=\"1200\" \/>\n\t<meta property=\"og:image:height\" content=\"800\" \/>\n\t<meta property=\"og:image:type\" content=\"image\/jpeg\" \/>\n<meta name=\"twitter:card\" content=\"summary_large_image\" \/>\n<meta name=\"twitter:label1\" content=\"Szacowany czas czytania\" \/>\n\t<meta name=\"twitter:data1\" content=\"1 minuta\" \/>\n<script type=\"application\/ld+json\" class=\"yoast-schema-graph\">{\"@context\":\"https:\/\/schema.org\",\"@graph\":[{\"@type\":\"WebPage\",\"@id\":\"https:\/\/www.hotelavanti.cz\/pl\/restauracja\/\",\"url\":\"https:\/\/www.hotelavanti.cz\/pl\/restauracja\/\",\"name\":\"Restauracja - Hotel Avanti Brno -\",\"isPartOf\":{\"@id\":\"https:\/\/www.hotelavanti.cz\/pl\/#website\"},\"datePublished\":\"2021-07-27T14:08:26+00:00\",\"dateModified\":\"2025-03-20T13:48:57+00:00\",\"description\":\"Z pustym brzuchem nikt nie ma si\u0142y na zwiedzanie. W AVANTI idziemy o krok naprz\u00f3d\",\"breadcrumb\":{\"@id\":\"https:\/\/www.hotelavanti.cz\/pl\/restauracja\/#breadcrumb\"},\"inLanguage\":\"pl-PL\",\"potentialAction\":[{\"@type\":\"ReadAction\",\"target\":[\"https:\/\/www.hotelavanti.cz\/pl\/restauracja\/\"]}]},{\"@type\":\"BreadcrumbList\",\"@id\":\"https:\/\/www.hotelavanti.cz\/pl\/restauracja\/#breadcrumb\",\"itemListElement\":[{\"@type\":\"ListItem\",\"position\":1,\"name\":\"Home\",\"item\":\"https:\/\/www.hotelavanti.cz\/pl\/\"},{\"@type\":\"ListItem\",\"position\":2,\"name\":\"Restauracja\"}]},{\"@type\":\"WebSite\",\"@id\":\"https:\/\/www.hotelavanti.cz\/pl\/#website\",\"url\":\"https:\/\/www.hotelavanti.cz\/pl\/\",\"name\":\"Hotel Avanti Brno\",\"description\":\"Just another ms.decms.eu site\",\"potentialAction\":[{\"@type\":\"SearchAction\",\"target\":{\"@type\":\"EntryPoint\",\"urlTemplate\":\"https:\/\/www.hotelavanti.cz\/pl\/?s={search_term_string}\"},\"query-input\":{\"@type\":\"PropertyValueSpecification\",\"valueRequired\":true,\"valueName\":\"search_term_string\"}}],\"inLanguage\":\"pl-PL\"}]}<\/script>\n<!-- \/ Yoast SEO plugin. -->","yoast_head_json":{"title":"Restauracja - Hotel Avanti Brno -","description":"Z pustym brzuchem nikt nie ma si\u0142y na zwiedzanie. W AVANTI idziemy o krok naprz\u00f3d","robots":{"index":"index","follow":"follow","max-snippet":"max-snippet:-1","max-image-preview":"max-image-preview:large","max-video-preview":"max-video-preview:-1"},"canonical":"https:\/\/www.hotelavanti.cz\/pl\/restauracja\/","og_locale":"pl_PL","og_type":"article","og_title":"Restauracja - Hotel Avanti Brno -","og_description":"Z pustym brzuchem nikt nie ma si\u0142y na zwiedzanie. W AVANTI idziemy o krok naprz\u00f3d","og_url":"https:\/\/www.hotelavanti.cz\/pl\/restauracja\/","og_site_name":"Hotel Avanti Brno","article_modified_time":"2025-03-20T13:48:57+00:00","og_image":[{"width":1200,"height":800,"url":"https:\/\/www.hotelavanti.cz\/wp-content\/uploads\/sites\/329\/2021\/07\/Hotel_avanti_president_apartment_gallery01-1.jpg","type":"image\/jpeg"}],"twitter_card":"summary_large_image","twitter_misc":{"Szacowany czas czytania":"1 minuta"},"schema":{"@context":"https:\/\/schema.org","@graph":[{"@type":"WebPage","@id":"https:\/\/www.hotelavanti.cz\/pl\/restauracja\/","url":"https:\/\/www.hotelavanti.cz\/pl\/restauracja\/","name":"Restauracja - Hotel Avanti Brno -","isPartOf":{"@id":"https:\/\/www.hotelavanti.cz\/pl\/#website"},"datePublished":"2021-07-27T14:08:26+00:00","dateModified":"2025-03-20T13:48:57+00:00","description":"Z pustym brzuchem nikt nie ma si\u0142y na zwiedzanie. W AVANTI idziemy o krok naprz\u00f3d","breadcrumb":{"@id":"https:\/\/www.hotelavanti.cz\/pl\/restauracja\/#breadcrumb"},"inLanguage":"pl-PL","potentialAction":[{"@type":"ReadAction","target":["https:\/\/www.hotelavanti.cz\/pl\/restauracja\/"]}]},{"@type":"BreadcrumbList","@id":"https:\/\/www.hotelavanti.cz\/pl\/restauracja\/#breadcrumb","itemListElement":[{"@type":"ListItem","position":1,"name":"Home","item":"https:\/\/www.hotelavanti.cz\/pl\/"},{"@type":"ListItem","position":2,"name":"Restauracja"}]},{"@type":"WebSite","@id":"https:\/\/www.hotelavanti.cz\/pl\/#website","url":"https:\/\/www.hotelavanti.cz\/pl\/","name":"Hotel Avanti Brno","description":"Just another ms.decms.eu site","potentialAction":[{"@type":"SearchAction","target":{"@type":"EntryPoint","urlTemplate":"https:\/\/www.hotelavanti.cz\/pl\/?s={search_term_string}"},"query-input":{"@type":"PropertyValueSpecification","valueRequired":true,"valueName":"search_term_string"}}],"inLanguage":"pl-PL"}]}},"acf":[],"_links":{"self":[{"href":"https:\/\/www.hotelavanti.cz\/pl\/wp-json\/wp\/v2\/pages\/737","targetHints":{"allow":["GET"]}}],"collection":[{"href":"https:\/\/www.hotelavanti.cz\/pl\/wp-json\/wp\/v2\/pages"}],"about":[{"href":"https:\/\/www.hotelavanti.cz\/pl\/wp-json\/wp\/v2\/types\/page"}],"author":[{"embeddable":true,"href":"https:\/\/www.hotelavanti.cz\/pl\/wp-json\/wp\/v2\/users\/36"}],"replies":[{"embeddable":true,"href":"https:\/\/www.hotelavanti.cz\/pl\/wp-json\/wp\/v2\/comments?post=737"}],"version-history":[{"count":0,"href":"https:\/\/www.hotelavanti.cz\/pl\/wp-json\/wp\/v2\/pages\/737\/revisions"}],"wp:attachment":[{"href":"https:\/\/www.hotelavanti.cz\/pl\/wp-json\/wp\/v2\/media?parent=737"}],"curies":[{"name":"wp","href":"https:\/\/api.w.org\/{rel}","templated":true}]}}