{"id":669,"date":"2021-07-27T12:50:21","date_gmt":"2021-07-27T12:50:21","guid":{"rendered":"https:\/\/hotel-avanti.ms.decms.eu\/?page_id=669"},"modified":"2025-10-15T13:49:09","modified_gmt":"2025-10-15T13:49:09","slug":"sauna-i-jacuzzi-zewnetrzne","status":"publish","type":"page","link":"https:\/\/www.hotelavanti.cz\/pl\/centrum-relaksu-avanti\/sauna-i-jacuzzi-zewnetrzne\/","title":{"rendered":"Sauna I jacuzzi zewn\u0119trzne"},"content":{"rendered":"<p><strong>Centrum relaksacyjne na dachu hotelu jest bezp\u0142atne dla go\u015bci<\/strong>.<\/p>\n<p>Do dyspozycji Go\u015bci jest centrum fitness, jacuzzi na \u015bwie\u017cym powietrzu oraz sauna z pi\u0119knym widokiem na Brno. Zobacz nasze wellness na dachu z <a href=\"https:\/\/www.youtube.com\/watch?v=i43dUSqwJRs\">lotu ptaka<\/a>.<\/p>\n<p><strong>Centrum fitness czynne codziennie od 6:30 do 22:00, zewn\u0119trzne jacuzzi i sauna od godziny 16:00.<\/strong><\/p>\n<p>Aby dosta\u0107 si\u0119 na 8 pi\u0119tro, nale\u017cy okaza\u0107 kart\u0119 hotelow\u0105. W celu uzyskania dalszych informacji prosimy o kontakt z recepcj\u0105 lub telefonicznie +420 541 510 111.<\/p>\n<p>Mo\u017cna skorzysta\u0107 z godzinnego masa\u017cu wed\u0142ug w\u0142asnego wyboru. Czas nale\u017cy zarezerwowa\u0107 z wyprzedzeniem w recepcji hotelowej. Cena masa\u017cu wynosi 1190 CZK \/ godzin\u0119.<\/p>\n","protected":false},"excerpt":{"rendered":"<p>Centrum relaksacyjne na dachu hotelu jest bezp\u0142atne dla go\u015bci. Do dyspozycji Go\u015bci jest centrum fitness, jacuzzi na \u015bwie\u017cym powietrzu oraz sauna z pi\u0119knym widokiem na Brno. Zobacz nasze wellness na dachu z lotu ptaka. Centrum fitness czynne codziennie od 6:30 do 22:00, zewn\u0119trzne jacuzzi i sauna od godziny 16:00. Aby dosta\u0107 si\u0119 na 8 pi\u0119tro, [&hellip;]<\/p>\n","protected":false},"author":36,"featured_media":0,"parent":610,"menu_order":10,"comment_status":"closed","ping_status":"closed","template":"template-single-spa.php","meta":{"footnotes":""},"class_list":["post-669","page","type-page","status-publish","hentry"],"yoast_head":"<!-- This site is optimized with the Yoast SEO plugin v26.9 - https:\/\/yoast.com\/product\/yoast-seo-wordpress\/ -->\n<title>Sauna I jacuzzi zewn\u0119trzne - Hotel Avanti Brno -<\/title>\n<meta name=\"description\" content=\"Centrum relaksacyjne na dachu hotelu jest bezp\u0142atne dla go\u015bci.  Do dyspozycji Go\u015bci jest centrum fitness, jacuzzi na \u015bwie\u017cym powietrzu oraz sauna z pi\u0119knym widokiem na Brno. Zobacz nasze wellness na dachu z lotu ptaka.  Centrum fitness czynne codziennie od 6:30 do 22:00, zewn\u0119trzne jacuzzi i sauna od godziny 16:00.  Aby dosta\u0107 si\u0119 na 8 pi\u0119tro, nale\u017cy okaza\u0107 kart\u0119 hotelow\u0105\" \/>\n<meta name=\"robots\" content=\"index, follow, max-snippet:-1, max-image-preview:large, max-video-preview:-1\" \/>\n<link rel=\"canonical\" href=\"https:\/\/www.hotelavanti.cz\/pl\/centrum-relaksu-avanti\/sauna-i-jacuzzi-zewnetrzne\/\" \/>\n<meta property=\"og:locale\" content=\"pl_PL\" \/>\n<meta property=\"og:type\" content=\"article\" \/>\n<meta property=\"og:title\" content=\"Sauna I jacuzzi zewn\u0119trzne - Hotel Avanti Brno -\" \/>\n<meta property=\"og:description\" content=\"Centrum relaksacyjne na dachu hotelu jest bezp\u0142atne dla go\u015bci.  Do dyspozycji Go\u015bci jest centrum fitness, jacuzzi na \u015bwie\u017cym powietrzu oraz sauna z pi\u0119knym widokiem na Brno. Zobacz nasze wellness na dachu z lotu ptaka.  Centrum fitness czynne codziennie od 6:30 do 22:00, zewn\u0119trzne jacuzzi i sauna od godziny 16:00.  Aby dosta\u0107 si\u0119 na 8 pi\u0119tro, nale\u017cy okaza\u0107 kart\u0119 hotelow\u0105\" \/>\n<meta property=\"og:url\" content=\"https:\/\/www.hotelavanti.cz\/pl\/centrum-relaksu-avanti\/sauna-i-jacuzzi-zewnetrzne\/\" \/>\n<meta property=\"og:site_name\" content=\"Hotel Avanti Brno\" \/>\n<meta property=\"article:modified_time\" content=\"2025-10-15T13:49:09+00:00\" \/>\n<meta property=\"og:image\" content=\"https:\/\/www.hotelavanti.cz\/wp-content\/uploads\/sites\/329\/2021\/07\/Hotel_avanti_president_apartment_gallery01-1.jpg\" \/>\n\t<meta property=\"og:image:width\" content=\"1200\" \/>\n\t<meta property=\"og:image:height\" content=\"800\" \/>\n\t<meta property=\"og:image:type\" content=\"image\/jpeg\" \/>\n<meta name=\"twitter:card\" content=\"summary_large_image\" \/>\n<meta name=\"twitter:label1\" content=\"Szacowany czas czytania\" \/>\n\t<meta name=\"twitter:data1\" content=\"1 minuta\" \/>\n<script type=\"application\/ld+json\" class=\"yoast-schema-graph\">{\"@context\":\"https:\/\/schema.org\",\"@graph\":[{\"@type\":\"WebPage\",\"@id\":\"https:\/\/www.hotelavanti.cz\/pl\/centrum-relaksu-avanti\/sauna-i-jacuzzi-zewnetrzne\/\",\"url\":\"https:\/\/www.hotelavanti.cz\/pl\/centrum-relaksu-avanti\/sauna-i-jacuzzi-zewnetrzne\/\",\"name\":\"Sauna I jacuzzi zewn\u0119trzne - Hotel Avanti Brno -\",\"isPartOf\":{\"@id\":\"https:\/\/www.hotelavanti.cz\/pl\/#website\"},\"datePublished\":\"2021-07-27T12:50:21+00:00\",\"dateModified\":\"2025-10-15T13:49:09+00:00\",\"description\":\"Centrum relaksacyjne na dachu hotelu jest bezp\u0142atne dla go\u015bci. Do dyspozycji Go\u015bci jest centrum fitness, jacuzzi na \u015bwie\u017cym powietrzu oraz sauna z pi\u0119knym widokiem na Brno. Zobacz nasze wellness na dachu z lotu ptaka. Centrum fitness czynne codziennie od 6:30 do 22:00, zewn\u0119trzne jacuzzi i sauna od godziny 16:00. Aby dosta\u0107 si\u0119 na 8 pi\u0119tro, nale\u017cy okaza\u0107 kart\u0119 hotelow\u0105\",\"breadcrumb\":{\"@id\":\"https:\/\/www.hotelavanti.cz\/pl\/centrum-relaksu-avanti\/sauna-i-jacuzzi-zewnetrzne\/#breadcrumb\"},\"inLanguage\":\"pl-PL\",\"potentialAction\":[{\"@type\":\"ReadAction\",\"target\":[\"https:\/\/www.hotelavanti.cz\/pl\/centrum-relaksu-avanti\/sauna-i-jacuzzi-zewnetrzne\/\"]}]},{\"@type\":\"BreadcrumbList\",\"@id\":\"https:\/\/www.hotelavanti.cz\/pl\/centrum-relaksu-avanti\/sauna-i-jacuzzi-zewnetrzne\/#breadcrumb\",\"itemListElement\":[{\"@type\":\"ListItem\",\"position\":1,\"name\":\"Home\",\"item\":\"https:\/\/www.hotelavanti.cz\/pl\/\"},{\"@type\":\"ListItem\",\"position\":2,\"name\":\"Centrum Relaksu Avanti\",\"item\":\"https:\/\/www.hotelavanti.cz\/pl\/centrum-relaksu-avanti\/\"},{\"@type\":\"ListItem\",\"position\":3,\"name\":\"Sauna I jacuzzi zewn\u0119trzne\"}]},{\"@type\":\"WebSite\",\"@id\":\"https:\/\/www.hotelavanti.cz\/pl\/#website\",\"url\":\"https:\/\/www.hotelavanti.cz\/pl\/\",\"name\":\"Hotel Avanti Brno\",\"description\":\"Just another ms.decms.eu site\",\"potentialAction\":[{\"@type\":\"SearchAction\",\"target\":{\"@type\":\"EntryPoint\",\"urlTemplate\":\"https:\/\/www.hotelavanti.cz\/pl\/?s={search_term_string}\"},\"query-input\":{\"@type\":\"PropertyValueSpecification\",\"valueRequired\":true,\"valueName\":\"search_term_string\"}}],\"inLanguage\":\"pl-PL\"}]}<\/script>\n<!-- \/ Yoast SEO plugin. -->","yoast_head_json":{"title":"Sauna I jacuzzi zewn\u0119trzne - Hotel Avanti Brno -","description":"Centrum relaksacyjne na dachu hotelu jest bezp\u0142atne dla go\u015bci.  Do dyspozycji Go\u015bci jest centrum fitness, jacuzzi na \u015bwie\u017cym powietrzu oraz sauna z pi\u0119knym widokiem na Brno. Zobacz nasze wellness na dachu z lotu ptaka.  Centrum fitness czynne codziennie od 6:30 do 22:00, zewn\u0119trzne jacuzzi i sauna od godziny 16:00.  Aby dosta\u0107 si\u0119 na 8 pi\u0119tro, nale\u017cy okaza\u0107 kart\u0119 hotelow\u0105","robots":{"index":"index","follow":"follow","max-snippet":"max-snippet:-1","max-image-preview":"max-image-preview:large","max-video-preview":"max-video-preview:-1"},"canonical":"https:\/\/www.hotelavanti.cz\/pl\/centrum-relaksu-avanti\/sauna-i-jacuzzi-zewnetrzne\/","og_locale":"pl_PL","og_type":"article","og_title":"Sauna I jacuzzi zewn\u0119trzne - Hotel Avanti Brno -","og_description":"Centrum relaksacyjne na dachu hotelu jest bezp\u0142atne dla go\u015bci.  Do dyspozycji Go\u015bci jest centrum fitness, jacuzzi na \u015bwie\u017cym powietrzu oraz sauna z pi\u0119knym widokiem na Brno. Zobacz nasze wellness na dachu z lotu ptaka.  Centrum fitness czynne codziennie od 6:30 do 22:00, zewn\u0119trzne jacuzzi i sauna od godziny 16:00.  Aby dosta\u0107 si\u0119 na 8 pi\u0119tro, nale\u017cy okaza\u0107 kart\u0119 hotelow\u0105","og_url":"https:\/\/www.hotelavanti.cz\/pl\/centrum-relaksu-avanti\/sauna-i-jacuzzi-zewnetrzne\/","og_site_name":"Hotel Avanti Brno","article_modified_time":"2025-10-15T13:49:09+00:00","og_image":[{"width":1200,"height":800,"url":"https:\/\/www.hotelavanti.cz\/wp-content\/uploads\/sites\/329\/2021\/07\/Hotel_avanti_president_apartment_gallery01-1.jpg","type":"image\/jpeg"}],"twitter_card":"summary_large_image","twitter_misc":{"Szacowany czas czytania":"1 minuta"},"schema":{"@context":"https:\/\/schema.org","@graph":[{"@type":"WebPage","@id":"https:\/\/www.hotelavanti.cz\/pl\/centrum-relaksu-avanti\/sauna-i-jacuzzi-zewnetrzne\/","url":"https:\/\/www.hotelavanti.cz\/pl\/centrum-relaksu-avanti\/sauna-i-jacuzzi-zewnetrzne\/","name":"Sauna I jacuzzi zewn\u0119trzne - Hotel Avanti Brno -","isPartOf":{"@id":"https:\/\/www.hotelavanti.cz\/pl\/#website"},"datePublished":"2021-07-27T12:50:21+00:00","dateModified":"2025-10-15T13:49:09+00:00","description":"Centrum relaksacyjne na dachu hotelu jest bezp\u0142atne dla go\u015bci. Do dyspozycji Go\u015bci jest centrum fitness, jacuzzi na \u015bwie\u017cym powietrzu oraz sauna z pi\u0119knym widokiem na Brno. Zobacz nasze wellness na dachu z lotu ptaka. Centrum fitness czynne codziennie od 6:30 do 22:00, zewn\u0119trzne jacuzzi i sauna od godziny 16:00. Aby dosta\u0107 si\u0119 na 8 pi\u0119tro, nale\u017cy okaza\u0107 kart\u0119 hotelow\u0105","breadcrumb":{"@id":"https:\/\/www.hotelavanti.cz\/pl\/centrum-relaksu-avanti\/sauna-i-jacuzzi-zewnetrzne\/#breadcrumb"},"inLanguage":"pl-PL","potentialAction":[{"@type":"ReadAction","target":["https:\/\/www.hotelavanti.cz\/pl\/centrum-relaksu-avanti\/sauna-i-jacuzzi-zewnetrzne\/"]}]},{"@type":"BreadcrumbList","@id":"https:\/\/www.hotelavanti.cz\/pl\/centrum-relaksu-avanti\/sauna-i-jacuzzi-zewnetrzne\/#breadcrumb","itemListElement":[{"@type":"ListItem","position":1,"name":"Home","item":"https:\/\/www.hotelavanti.cz\/pl\/"},{"@type":"ListItem","position":2,"name":"Centrum Relaksu Avanti","item":"https:\/\/www.hotelavanti.cz\/pl\/centrum-relaksu-avanti\/"},{"@type":"ListItem","position":3,"name":"Sauna I jacuzzi zewn\u0119trzne"}]},{"@type":"WebSite","@id":"https:\/\/www.hotelavanti.cz\/pl\/#website","url":"https:\/\/www.hotelavanti.cz\/pl\/","name":"Hotel Avanti Brno","description":"Just another ms.decms.eu site","potentialAction":[{"@type":"SearchAction","target":{"@type":"EntryPoint","urlTemplate":"https:\/\/www.hotelavanti.cz\/pl\/?s={search_term_string}"},"query-input":{"@type":"PropertyValueSpecification","valueRequired":true,"valueName":"search_term_string"}}],"inLanguage":"pl-PL"}]}},"acf":[],"_links":{"self":[{"href":"https:\/\/www.hotelavanti.cz\/pl\/wp-json\/wp\/v2\/pages\/669","targetHints":{"allow":["GET"]}}],"collection":[{"href":"https:\/\/www.hotelavanti.cz\/pl\/wp-json\/wp\/v2\/pages"}],"about":[{"href":"https:\/\/www.hotelavanti.cz\/pl\/wp-json\/wp\/v2\/types\/page"}],"author":[{"embeddable":true,"href":"https:\/\/www.hotelavanti.cz\/pl\/wp-json\/wp\/v2\/users\/36"}],"replies":[{"embeddable":true,"href":"https:\/\/www.hotelavanti.cz\/pl\/wp-json\/wp\/v2\/comments?post=669"}],"version-history":[{"count":0,"href":"https:\/\/www.hotelavanti.cz\/pl\/wp-json\/wp\/v2\/pages\/669\/revisions"}],"up":[{"embeddable":true,"href":"https:\/\/www.hotelavanti.cz\/pl\/wp-json\/wp\/v2\/pages\/610"}],"wp:attachment":[{"href":"https:\/\/www.hotelavanti.cz\/pl\/wp-json\/wp\/v2\/media?parent=669"}],"curies":[{"name":"wp","href":"https:\/\/api.w.org\/{rel}","templated":true}]}}