{"id":664,"date":"2021-07-27T12:35:46","date_gmt":"2021-07-27T12:35:46","guid":{"rendered":"https:\/\/hotel-avanti.ms.decms.eu\/?page_id=664"},"modified":"2024-11-14T09:51:05","modified_gmt":"2024-11-14T09:51:05","slug":"co-panstwa-czeka","status":"publish","type":"page","link":"https:\/\/www.hotelavanti.cz\/pl\/centrum-relaksu-avanti\/co-panstwa-czeka\/","title":{"rendered":"Co pa\u0144stwa czeka"},"content":{"rendered":"<p>Spok\u00f3j i relaks. Komfort i czysto\u015b\u0107. Prywatno\u015b\u0107 i posi\u0142ki z bowling baru.<\/p>\n<p>Atrakcje<\/p>\n<ul>\n<li>jacuzzi (z masa\u017cem ci\u015bnieniowym i b\u0105belkowym)<\/li>\n<li>sauna fi\u0144ska oraz aromatyczna<\/li>\n<li>szkocki prysznic<\/li>\n<li>s\u0142oneczna \u0142\u0105ka<\/li>\n<li>strefa refleksologii<\/li>\n<li>podgrzewane \u0142awki i pod\u0142ogi<\/li>\n<\/ul>\n<p><strong>Obiekty wellness s\u0105 ZAMKNI\u0118TE do odwo\u0142ania.<\/strong><\/p>\n<p>Wellness centrum Avanti<br \/>\nWellness centrum hotelu AVANTI dost\u0119pne jest zar\u00f3wno dla zakwaterowanych go\u015bci hotelowych, jak i dla go\u015bci z zewn\u0105trz.<\/p>\n<p><strong>Godziny otwarcia centrum wellness<\/strong><\/p>\n<p>codziennie w godzinach 14:00 \u2013 00:00 (konieczna wcze\u015bniejsza rezerwacja z uwagi na ograniczenia dotycz\u0105ce liczby os\u00f3b)<br \/>\nmo\u017cliwo\u015b\u0107 rezerwacji w 2-godzinnych odst\u0119pach, patrz cennik<br \/>\ndla go\u015bci apartament\u00f3w Prezident oraz VIP dost\u0119pne s\u0105 2 godziny bezp\u0142atnego, prywatnego wellness (konieczna wcze\u015bniejsza rezerwacja)<br \/>\nprosimy dokonywa\u0107 rezerwacji na recepcji 541 510 111, lub na<br \/>\n<a href=\"mailto:hotel@hotelavanti.cz\">hotel@hotelavanti.cz<\/a><\/p>\n<p><strong>Cennik prywatnego wellness<\/strong><\/p>\n<p><strong>Dla zakwaterowanych go\u015bci:<\/strong><\/p>\n<p>grupa do 4 os. 890,- \/ 2 godz.<br \/>\ngrupa do 8 os. 1090,- \/ 2 godz.<\/p>\n<p><strong>Dla go\u015bci z zewn\u0105trz:<\/strong><\/p>\n<p>grupa do 4 os. 1.490,- \/ 2 godz.<br \/>\ngrupa do 8 os. 1.890,- \/ 2 godz.<\/p>\n","protected":false},"excerpt":{"rendered":"<p>Spok\u00f3j i relaks. Komfort i czysto\u015b\u0107. Prywatno\u015b\u0107 i posi\u0142ki z bowling baru. Atrakcje jacuzzi (z masa\u017cem ci\u015bnieniowym i b\u0105belkowym) sauna fi\u0144ska oraz aromatyczna szkocki prysznic s\u0142oneczna \u0142\u0105ka strefa refleksologii podgrzewane \u0142awki i pod\u0142ogi Obiekty wellness s\u0105 ZAMKNI\u0118TE do odwo\u0142ania. Wellness centrum Avanti Wellness centrum hotelu AVANTI dost\u0119pne jest zar\u00f3wno dla zakwaterowanych go\u015bci hotelowych, jak i [&hellip;]<\/p>\n","protected":false},"author":36,"featured_media":0,"parent":610,"menu_order":5,"comment_status":"closed","ping_status":"closed","template":"template-single-spa.php","meta":{"footnotes":""},"class_list":["post-664","page","type-page","status-publish","hentry"],"yoast_head":"<!-- This site is optimized with the Yoast SEO plugin v26.9 - https:\/\/yoast.com\/product\/yoast-seo-wordpress\/ -->\n<title>Co pa\u0144stwa czeka - Hotel Avanti Brno -<\/title>\n<meta name=\"description\" content=\"Spok\u00f3j i relaks. Komfort i czysto\u015b\u0107\" \/>\n<meta name=\"robots\" content=\"index, follow, max-snippet:-1, max-image-preview:large, max-video-preview:-1\" \/>\n<link rel=\"canonical\" href=\"https:\/\/www.hotelavanti.cz\/pl\/centrum-relaksu-avanti\/co-panstwa-czeka\/\" \/>\n<meta property=\"og:locale\" content=\"pl_PL\" \/>\n<meta property=\"og:type\" content=\"article\" \/>\n<meta property=\"og:title\" content=\"Co pa\u0144stwa czeka - Hotel Avanti Brno -\" \/>\n<meta property=\"og:description\" content=\"Spok\u00f3j i relaks. Komfort i czysto\u015b\u0107\" \/>\n<meta property=\"og:url\" content=\"https:\/\/www.hotelavanti.cz\/pl\/centrum-relaksu-avanti\/co-panstwa-czeka\/\" \/>\n<meta property=\"og:site_name\" content=\"Hotel Avanti Brno\" \/>\n<meta property=\"article:modified_time\" content=\"2024-11-14T09:51:05+00:00\" \/>\n<meta property=\"og:image\" content=\"https:\/\/www.hotelavanti.cz\/wp-content\/uploads\/sites\/329\/2021\/07\/Hotel_avanti_president_apartment_gallery01-1.jpg\" \/>\n\t<meta property=\"og:image:width\" content=\"1200\" \/>\n\t<meta property=\"og:image:height\" content=\"800\" \/>\n\t<meta property=\"og:image:type\" content=\"image\/jpeg\" \/>\n<meta name=\"twitter:card\" content=\"summary_large_image\" \/>\n<meta name=\"twitter:label1\" content=\"Szacowany czas czytania\" \/>\n\t<meta name=\"twitter:data1\" content=\"1 minuta\" \/>\n<script type=\"application\/ld+json\" class=\"yoast-schema-graph\">{\"@context\":\"https:\/\/schema.org\",\"@graph\":[{\"@type\":\"WebPage\",\"@id\":\"https:\/\/www.hotelavanti.cz\/pl\/centrum-relaksu-avanti\/co-panstwa-czeka\/\",\"url\":\"https:\/\/www.hotelavanti.cz\/pl\/centrum-relaksu-avanti\/co-panstwa-czeka\/\",\"name\":\"Co pa\u0144stwa czeka - Hotel Avanti Brno -\",\"isPartOf\":{\"@id\":\"https:\/\/www.hotelavanti.cz\/pl\/#website\"},\"datePublished\":\"2021-07-27T12:35:46+00:00\",\"dateModified\":\"2024-11-14T09:51:05+00:00\",\"description\":\"Spok\u00f3j i relaks. Komfort i czysto\u015b\u0107\",\"breadcrumb\":{\"@id\":\"https:\/\/www.hotelavanti.cz\/pl\/centrum-relaksu-avanti\/co-panstwa-czeka\/#breadcrumb\"},\"inLanguage\":\"pl-PL\",\"potentialAction\":[{\"@type\":\"ReadAction\",\"target\":[\"https:\/\/www.hotelavanti.cz\/pl\/centrum-relaksu-avanti\/co-panstwa-czeka\/\"]}]},{\"@type\":\"BreadcrumbList\",\"@id\":\"https:\/\/www.hotelavanti.cz\/pl\/centrum-relaksu-avanti\/co-panstwa-czeka\/#breadcrumb\",\"itemListElement\":[{\"@type\":\"ListItem\",\"position\":1,\"name\":\"Home\",\"item\":\"https:\/\/www.hotelavanti.cz\/pl\/\"},{\"@type\":\"ListItem\",\"position\":2,\"name\":\"Centrum Relaksu Avanti\",\"item\":\"https:\/\/www.hotelavanti.cz\/pl\/centrum-relaksu-avanti\/\"},{\"@type\":\"ListItem\",\"position\":3,\"name\":\"Co pa\u0144stwa czeka\"}]},{\"@type\":\"WebSite\",\"@id\":\"https:\/\/www.hotelavanti.cz\/pl\/#website\",\"url\":\"https:\/\/www.hotelavanti.cz\/pl\/\",\"name\":\"Hotel Avanti Brno\",\"description\":\"Just another ms.decms.eu site\",\"potentialAction\":[{\"@type\":\"SearchAction\",\"target\":{\"@type\":\"EntryPoint\",\"urlTemplate\":\"https:\/\/www.hotelavanti.cz\/pl\/?s={search_term_string}\"},\"query-input\":{\"@type\":\"PropertyValueSpecification\",\"valueRequired\":true,\"valueName\":\"search_term_string\"}}],\"inLanguage\":\"pl-PL\"}]}<\/script>\n<!-- \/ Yoast SEO plugin. -->","yoast_head_json":{"title":"Co pa\u0144stwa czeka - Hotel Avanti Brno -","description":"Spok\u00f3j i relaks. Komfort i czysto\u015b\u0107","robots":{"index":"index","follow":"follow","max-snippet":"max-snippet:-1","max-image-preview":"max-image-preview:large","max-video-preview":"max-video-preview:-1"},"canonical":"https:\/\/www.hotelavanti.cz\/pl\/centrum-relaksu-avanti\/co-panstwa-czeka\/","og_locale":"pl_PL","og_type":"article","og_title":"Co pa\u0144stwa czeka - Hotel Avanti Brno -","og_description":"Spok\u00f3j i relaks. Komfort i czysto\u015b\u0107","og_url":"https:\/\/www.hotelavanti.cz\/pl\/centrum-relaksu-avanti\/co-panstwa-czeka\/","og_site_name":"Hotel Avanti Brno","article_modified_time":"2024-11-14T09:51:05+00:00","og_image":[{"width":1200,"height":800,"url":"https:\/\/www.hotelavanti.cz\/wp-content\/uploads\/sites\/329\/2021\/07\/Hotel_avanti_president_apartment_gallery01-1.jpg","type":"image\/jpeg"}],"twitter_card":"summary_large_image","twitter_misc":{"Szacowany czas czytania":"1 minuta"},"schema":{"@context":"https:\/\/schema.org","@graph":[{"@type":"WebPage","@id":"https:\/\/www.hotelavanti.cz\/pl\/centrum-relaksu-avanti\/co-panstwa-czeka\/","url":"https:\/\/www.hotelavanti.cz\/pl\/centrum-relaksu-avanti\/co-panstwa-czeka\/","name":"Co pa\u0144stwa czeka - Hotel Avanti Brno -","isPartOf":{"@id":"https:\/\/www.hotelavanti.cz\/pl\/#website"},"datePublished":"2021-07-27T12:35:46+00:00","dateModified":"2024-11-14T09:51:05+00:00","description":"Spok\u00f3j i relaks. Komfort i czysto\u015b\u0107","breadcrumb":{"@id":"https:\/\/www.hotelavanti.cz\/pl\/centrum-relaksu-avanti\/co-panstwa-czeka\/#breadcrumb"},"inLanguage":"pl-PL","potentialAction":[{"@type":"ReadAction","target":["https:\/\/www.hotelavanti.cz\/pl\/centrum-relaksu-avanti\/co-panstwa-czeka\/"]}]},{"@type":"BreadcrumbList","@id":"https:\/\/www.hotelavanti.cz\/pl\/centrum-relaksu-avanti\/co-panstwa-czeka\/#breadcrumb","itemListElement":[{"@type":"ListItem","position":1,"name":"Home","item":"https:\/\/www.hotelavanti.cz\/pl\/"},{"@type":"ListItem","position":2,"name":"Centrum Relaksu Avanti","item":"https:\/\/www.hotelavanti.cz\/pl\/centrum-relaksu-avanti\/"},{"@type":"ListItem","position":3,"name":"Co pa\u0144stwa czeka"}]},{"@type":"WebSite","@id":"https:\/\/www.hotelavanti.cz\/pl\/#website","url":"https:\/\/www.hotelavanti.cz\/pl\/","name":"Hotel Avanti Brno","description":"Just another ms.decms.eu site","potentialAction":[{"@type":"SearchAction","target":{"@type":"EntryPoint","urlTemplate":"https:\/\/www.hotelavanti.cz\/pl\/?s={search_term_string}"},"query-input":{"@type":"PropertyValueSpecification","valueRequired":true,"valueName":"search_term_string"}}],"inLanguage":"pl-PL"}]}},"acf":[],"_links":{"self":[{"href":"https:\/\/www.hotelavanti.cz\/pl\/wp-json\/wp\/v2\/pages\/664","targetHints":{"allow":["GET"]}}],"collection":[{"href":"https:\/\/www.hotelavanti.cz\/pl\/wp-json\/wp\/v2\/pages"}],"about":[{"href":"https:\/\/www.hotelavanti.cz\/pl\/wp-json\/wp\/v2\/types\/page"}],"author":[{"embeddable":true,"href":"https:\/\/www.hotelavanti.cz\/pl\/wp-json\/wp\/v2\/users\/36"}],"replies":[{"embeddable":true,"href":"https:\/\/www.hotelavanti.cz\/pl\/wp-json\/wp\/v2\/comments?post=664"}],"version-history":[{"count":0,"href":"https:\/\/www.hotelavanti.cz\/pl\/wp-json\/wp\/v2\/pages\/664\/revisions"}],"up":[{"embeddable":true,"href":"https:\/\/www.hotelavanti.cz\/pl\/wp-json\/wp\/v2\/pages\/610"}],"wp:attachment":[{"href":"https:\/\/www.hotelavanti.cz\/pl\/wp-json\/wp\/v2\/media?parent=664"}],"curies":[{"name":"wp","href":"https:\/\/api.w.org\/{rel}","templated":true}]}}