{"id":610,"date":"2021-07-26T15:22:26","date_gmt":"2021-07-26T15:22:26","guid":{"rendered":"https:\/\/hotel-avanti.ms.decms.eu\/?page_id=610"},"modified":"2021-08-23T14:44:14","modified_gmt":"2021-08-23T14:44:14","slug":"centrum-relaksu-avanti","status":"publish","type":"page","link":"https:\/\/www.hotelavanti.cz\/pl\/centrum-relaksu-avanti\/","title":{"rendered":"Centrum Relaksu Avanti"},"content":{"rendered":"<p><strong>Wellness OPEN zgodnie z obowi\u0105zuj\u0105cymi przepisami. Wymagana REZERWACJA (telefonicznie <a href=\"tel:541510111\">541510111<\/a> lub mailowo <a href=\"mailto:hotel@hotelavanti.cz\">hotel@hotelavanti.cz<\/a>)<\/strong><\/p>\n<p>Zrelaksuj si\u0119 po ci\u0119\u017ckim dniu spotka\u0144 lub ciesz si\u0119 zas\u0142u\u017conym urlopem. Zatrzymaj si\u0119 w naszym hotelu i korzystaj z naszego nowego centrum relaksacyjnego na dachu zupe\u0142nie za darmo! To jest hotel relaksacyjny Avanti Brno.<\/p>\n","protected":false},"excerpt":{"rendered":"<p>Wellness OPEN zgodnie z obowi\u0105zuj\u0105cymi przepisami. Wymagana REZERWACJA (telefonicznie 541510111 lub mailowo hotel@hotelavanti.cz) Zrelaksuj si\u0119 po ci\u0119\u017ckim dniu spotka\u0144 lub ciesz si\u0119 zas\u0142u\u017conym urlopem. Zatrzymaj si\u0119 w naszym hotelu i korzystaj z naszego nowego centrum relaksacyjnego na dachu zupe\u0142nie za darmo! To jest hotel relaksacyjny Avanti Brno.<\/p>\n","protected":false},"author":36,"featured_media":0,"parent":0,"menu_order":40,"comment_status":"closed","ping_status":"closed","template":"template-spa.php","meta":{"footnotes":""},"class_list":["post-610","page","type-page","status-publish","hentry"],"yoast_head":"<!-- This site is optimized with the Yoast SEO plugin v26.9 - https:\/\/yoast.com\/product\/yoast-seo-wordpress\/ -->\n<title>Centrum Relaksu Avanti - Hotel Avanti Brno -<\/title>\n<meta name=\"description\" content=\"Wellness OPEN zgodnie z obowi\u0105zuj\u0105cymi przepisami. Wymagana REZERWACJA (telefonicznie 541510111 lub mailowo hotel@hotelavanti.cz)  Zrelaksuj si\u0119 po ci\u0119\u017ckim dniu spotka\u0144 lub ciesz si\u0119 zas\u0142u\u017conym urlopem\" \/>\n<meta name=\"robots\" content=\"index, follow, max-snippet:-1, max-image-preview:large, max-video-preview:-1\" \/>\n<link rel=\"canonical\" href=\"https:\/\/www.hotelavanti.cz\/pl\/centrum-relaksu-avanti\/\" \/>\n<meta property=\"og:locale\" content=\"pl_PL\" \/>\n<meta property=\"og:type\" content=\"article\" \/>\n<meta property=\"og:title\" content=\"Centrum Relaksu Avanti - Hotel Avanti Brno -\" \/>\n<meta property=\"og:description\" content=\"Wellness OPEN zgodnie z obowi\u0105zuj\u0105cymi przepisami. Wymagana REZERWACJA (telefonicznie 541510111 lub mailowo hotel@hotelavanti.cz)  Zrelaksuj si\u0119 po ci\u0119\u017ckim dniu spotka\u0144 lub ciesz si\u0119 zas\u0142u\u017conym urlopem\" \/>\n<meta property=\"og:url\" content=\"https:\/\/www.hotelavanti.cz\/pl\/centrum-relaksu-avanti\/\" \/>\n<meta property=\"og:site_name\" content=\"Hotel Avanti Brno\" \/>\n<meta property=\"article:modified_time\" content=\"2021-08-23T14:44:14+00:00\" \/>\n<meta property=\"og:image\" content=\"https:\/\/www.hotelavanti.cz\/wp-content\/uploads\/sites\/329\/2021\/07\/Hotel_avanti_president_apartment_gallery01-1.jpg\" \/>\n\t<meta property=\"og:image:width\" content=\"1200\" \/>\n\t<meta property=\"og:image:height\" content=\"800\" \/>\n\t<meta property=\"og:image:type\" content=\"image\/jpeg\" \/>\n<meta name=\"twitter:card\" content=\"summary_large_image\" \/>\n<meta name=\"twitter:label1\" content=\"Szacowany czas czytania\" \/>\n\t<meta name=\"twitter:data1\" content=\"1 minuta\" \/>\n<script type=\"application\/ld+json\" class=\"yoast-schema-graph\">{\"@context\":\"https:\/\/schema.org\",\"@graph\":[{\"@type\":\"WebPage\",\"@id\":\"https:\/\/www.hotelavanti.cz\/pl\/centrum-relaksu-avanti\/\",\"url\":\"https:\/\/www.hotelavanti.cz\/pl\/centrum-relaksu-avanti\/\",\"name\":\"Centrum Relaksu Avanti - Hotel Avanti Brno -\",\"isPartOf\":{\"@id\":\"https:\/\/www.hotelavanti.cz\/pl\/#website\"},\"datePublished\":\"2021-07-26T15:22:26+00:00\",\"dateModified\":\"2021-08-23T14:44:14+00:00\",\"description\":\"Wellness OPEN zgodnie z obowi\u0105zuj\u0105cymi przepisami. Wymagana REZERWACJA (telefonicznie 541510111 lub mailowo hotel@hotelavanti.cz) Zrelaksuj si\u0119 po ci\u0119\u017ckim dniu spotka\u0144 lub ciesz si\u0119 zas\u0142u\u017conym urlopem\",\"breadcrumb\":{\"@id\":\"https:\/\/www.hotelavanti.cz\/pl\/centrum-relaksu-avanti\/#breadcrumb\"},\"inLanguage\":\"pl-PL\",\"potentialAction\":[{\"@type\":\"ReadAction\",\"target\":[\"https:\/\/www.hotelavanti.cz\/pl\/centrum-relaksu-avanti\/\"]}]},{\"@type\":\"BreadcrumbList\",\"@id\":\"https:\/\/www.hotelavanti.cz\/pl\/centrum-relaksu-avanti\/#breadcrumb\",\"itemListElement\":[{\"@type\":\"ListItem\",\"position\":1,\"name\":\"Home\",\"item\":\"https:\/\/www.hotelavanti.cz\/pl\/\"},{\"@type\":\"ListItem\",\"position\":2,\"name\":\"Centrum Relaksu Avanti\"}]},{\"@type\":\"WebSite\",\"@id\":\"https:\/\/www.hotelavanti.cz\/pl\/#website\",\"url\":\"https:\/\/www.hotelavanti.cz\/pl\/\",\"name\":\"Hotel Avanti Brno\",\"description\":\"Just another ms.decms.eu site\",\"potentialAction\":[{\"@type\":\"SearchAction\",\"target\":{\"@type\":\"EntryPoint\",\"urlTemplate\":\"https:\/\/www.hotelavanti.cz\/pl\/?s={search_term_string}\"},\"query-input\":{\"@type\":\"PropertyValueSpecification\",\"valueRequired\":true,\"valueName\":\"search_term_string\"}}],\"inLanguage\":\"pl-PL\"}]}<\/script>\n<!-- \/ Yoast SEO plugin. -->","yoast_head_json":{"title":"Centrum Relaksu Avanti - Hotel Avanti Brno -","description":"Wellness OPEN zgodnie z obowi\u0105zuj\u0105cymi przepisami. Wymagana REZERWACJA (telefonicznie 541510111 lub mailowo hotel@hotelavanti.cz)  Zrelaksuj si\u0119 po ci\u0119\u017ckim dniu spotka\u0144 lub ciesz si\u0119 zas\u0142u\u017conym urlopem","robots":{"index":"index","follow":"follow","max-snippet":"max-snippet:-1","max-image-preview":"max-image-preview:large","max-video-preview":"max-video-preview:-1"},"canonical":"https:\/\/www.hotelavanti.cz\/pl\/centrum-relaksu-avanti\/","og_locale":"pl_PL","og_type":"article","og_title":"Centrum Relaksu Avanti - Hotel Avanti Brno -","og_description":"Wellness OPEN zgodnie z obowi\u0105zuj\u0105cymi przepisami. Wymagana REZERWACJA (telefonicznie 541510111 lub mailowo hotel@hotelavanti.cz)  Zrelaksuj si\u0119 po ci\u0119\u017ckim dniu spotka\u0144 lub ciesz si\u0119 zas\u0142u\u017conym urlopem","og_url":"https:\/\/www.hotelavanti.cz\/pl\/centrum-relaksu-avanti\/","og_site_name":"Hotel Avanti Brno","article_modified_time":"2021-08-23T14:44:14+00:00","og_image":[{"width":1200,"height":800,"url":"https:\/\/www.hotelavanti.cz\/wp-content\/uploads\/sites\/329\/2021\/07\/Hotel_avanti_president_apartment_gallery01-1.jpg","type":"image\/jpeg"}],"twitter_card":"summary_large_image","twitter_misc":{"Szacowany czas czytania":"1 minuta"},"schema":{"@context":"https:\/\/schema.org","@graph":[{"@type":"WebPage","@id":"https:\/\/www.hotelavanti.cz\/pl\/centrum-relaksu-avanti\/","url":"https:\/\/www.hotelavanti.cz\/pl\/centrum-relaksu-avanti\/","name":"Centrum Relaksu Avanti - Hotel Avanti Brno -","isPartOf":{"@id":"https:\/\/www.hotelavanti.cz\/pl\/#website"},"datePublished":"2021-07-26T15:22:26+00:00","dateModified":"2021-08-23T14:44:14+00:00","description":"Wellness OPEN zgodnie z obowi\u0105zuj\u0105cymi przepisami. Wymagana REZERWACJA (telefonicznie 541510111 lub mailowo hotel@hotelavanti.cz) Zrelaksuj si\u0119 po ci\u0119\u017ckim dniu spotka\u0144 lub ciesz si\u0119 zas\u0142u\u017conym urlopem","breadcrumb":{"@id":"https:\/\/www.hotelavanti.cz\/pl\/centrum-relaksu-avanti\/#breadcrumb"},"inLanguage":"pl-PL","potentialAction":[{"@type":"ReadAction","target":["https:\/\/www.hotelavanti.cz\/pl\/centrum-relaksu-avanti\/"]}]},{"@type":"BreadcrumbList","@id":"https:\/\/www.hotelavanti.cz\/pl\/centrum-relaksu-avanti\/#breadcrumb","itemListElement":[{"@type":"ListItem","position":1,"name":"Home","item":"https:\/\/www.hotelavanti.cz\/pl\/"},{"@type":"ListItem","position":2,"name":"Centrum Relaksu Avanti"}]},{"@type":"WebSite","@id":"https:\/\/www.hotelavanti.cz\/pl\/#website","url":"https:\/\/www.hotelavanti.cz\/pl\/","name":"Hotel Avanti Brno","description":"Just another ms.decms.eu site","potentialAction":[{"@type":"SearchAction","target":{"@type":"EntryPoint","urlTemplate":"https:\/\/www.hotelavanti.cz\/pl\/?s={search_term_string}"},"query-input":{"@type":"PropertyValueSpecification","valueRequired":true,"valueName":"search_term_string"}}],"inLanguage":"pl-PL"}]}},"acf":[],"_links":{"self":[{"href":"https:\/\/www.hotelavanti.cz\/pl\/wp-json\/wp\/v2\/pages\/610","targetHints":{"allow":["GET"]}}],"collection":[{"href":"https:\/\/www.hotelavanti.cz\/pl\/wp-json\/wp\/v2\/pages"}],"about":[{"href":"https:\/\/www.hotelavanti.cz\/pl\/wp-json\/wp\/v2\/types\/page"}],"author":[{"embeddable":true,"href":"https:\/\/www.hotelavanti.cz\/pl\/wp-json\/wp\/v2\/users\/36"}],"replies":[{"embeddable":true,"href":"https:\/\/www.hotelavanti.cz\/pl\/wp-json\/wp\/v2\/comments?post=610"}],"version-history":[{"count":0,"href":"https:\/\/www.hotelavanti.cz\/pl\/wp-json\/wp\/v2\/pages\/610\/revisions"}],"wp:attachment":[{"href":"https:\/\/www.hotelavanti.cz\/pl\/wp-json\/wp\/v2\/media?parent=610"}],"curies":[{"name":"wp","href":"https:\/\/api.w.org\/{rel}","templated":true}]}}