{"id":586,"date":"2021-07-26T14:56:08","date_gmt":"2021-07-26T14:56:08","guid":{"rendered":"https:\/\/hotel-avanti.ms.decms.eu\/?page_id=586"},"modified":"2021-11-09T15:14:51","modified_gmt":"2021-11-09T15:14:51","slug":"meeting-room-iv","status":"publish","type":"page","link":"https:\/\/www.hotelavanti.cz\/pl\/konferencyje\/meeting-room-iv\/","title":{"rendered":"Meeting Room IV"},"content":{"rendered":"<ul>\n<li style=\"font-weight: 400;\"><span style=\"font-weight: 400;\">pomie\u015bci do 20 os\u00f3b<\/span><\/li>\n<li style=\"font-weight: 400;\"><span style=\"font-weight: 400;\">organizacja przestrzeni zgodnie z Pa\u0144stwa \u017cyczeniem<\/span><\/li>\n<li style=\"font-weight: 400;\"><span style=\"font-weight: 400;\">zaplecze do prezentacji<\/span><\/li>\n<li style=\"font-weight: 400;\"><span style=\"font-weight: 400;\">klimatyzacja<\/span><\/li>\n<\/ul>\n","protected":false},"excerpt":{"rendered":"<p>pomie\u015bci do 20 os\u00f3b organizacja przestrzeni zgodnie z Pa\u0144stwa \u017cyczeniem zaplecze do prezentacji klimatyzacja<\/p>\n","protected":false},"author":36,"featured_media":0,"parent":498,"menu_order":45,"comment_status":"closed","ping_status":"closed","template":"template-meeting.php","meta":{"footnotes":""},"class_list":["post-586","page","type-page","status-publish","hentry"],"yoast_head":"<!-- This site is optimized with the Yoast SEO plugin v26.9 - https:\/\/yoast.com\/product\/yoast-seo-wordpress\/ -->\n<title>Meeting Room IV - Hotel Avanti Brno -<\/title>\n<meta name=\"description\" content=\"pomie\u015bci do 20 os\u00f3b  organizacja przestrzeni zgodnie z Pa\u0144stwa \u017cyczeniem  zaplecze do prezentacji  klimatyzacja .\" \/>\n<meta name=\"robots\" content=\"index, follow, max-snippet:-1, max-image-preview:large, max-video-preview:-1\" \/>\n<link rel=\"canonical\" href=\"https:\/\/www.hotelavanti.cz\/pl\/konferencyje\/meeting-room-iv\/\" \/>\n<meta property=\"og:locale\" content=\"pl_PL\" \/>\n<meta property=\"og:type\" content=\"article\" \/>\n<meta property=\"og:title\" content=\"Meeting Room IV - Hotel Avanti Brno -\" \/>\n<meta property=\"og:description\" content=\"pomie\u015bci do 20 os\u00f3b  organizacja przestrzeni zgodnie z Pa\u0144stwa \u017cyczeniem  zaplecze do prezentacji  klimatyzacja .\" \/>\n<meta property=\"og:url\" content=\"https:\/\/www.hotelavanti.cz\/pl\/konferencyje\/meeting-room-iv\/\" \/>\n<meta property=\"og:site_name\" content=\"Hotel Avanti Brno\" \/>\n<meta property=\"article:modified_time\" content=\"2021-11-09T15:14:51+00:00\" \/>\n<meta property=\"og:image\" content=\"https:\/\/www.hotelavanti.cz\/wp-content\/uploads\/sites\/329\/2021\/07\/Hotel_avanti_president_apartment_gallery01-1.jpg\" \/>\n\t<meta property=\"og:image:width\" content=\"1200\" \/>\n\t<meta property=\"og:image:height\" content=\"800\" \/>\n\t<meta property=\"og:image:type\" content=\"image\/jpeg\" \/>\n<meta name=\"twitter:card\" content=\"summary_large_image\" \/>\n<meta name=\"twitter:label1\" content=\"Szacowany czas czytania\" \/>\n\t<meta name=\"twitter:data1\" content=\"1 minuta\" \/>\n<script type=\"application\/ld+json\" class=\"yoast-schema-graph\">{\"@context\":\"https:\/\/schema.org\",\"@graph\":[{\"@type\":\"WebPage\",\"@id\":\"https:\/\/www.hotelavanti.cz\/pl\/konferencyje\/meeting-room-iv\/\",\"url\":\"https:\/\/www.hotelavanti.cz\/pl\/konferencyje\/meeting-room-iv\/\",\"name\":\"Meeting Room IV - Hotel Avanti Brno -\",\"isPartOf\":{\"@id\":\"https:\/\/www.hotelavanti.cz\/pl\/#website\"},\"datePublished\":\"2021-07-26T14:56:08+00:00\",\"dateModified\":\"2021-11-09T15:14:51+00:00\",\"description\":\"\u2022 pomie\u015bci do 20 os\u00f3b \u2022 organizacja przestrzeni zgodnie z Pa\u0144stwa \u017cyczeniem \u2022 zaplecze do prezentacji \u2022 klimatyzacja .\",\"breadcrumb\":{\"@id\":\"https:\/\/www.hotelavanti.cz\/pl\/konferencyje\/meeting-room-iv\/#breadcrumb\"},\"inLanguage\":\"pl-PL\",\"potentialAction\":[{\"@type\":\"ReadAction\",\"target\":[\"https:\/\/www.hotelavanti.cz\/pl\/konferencyje\/meeting-room-iv\/\"]}]},{\"@type\":\"BreadcrumbList\",\"@id\":\"https:\/\/www.hotelavanti.cz\/pl\/konferencyje\/meeting-room-iv\/#breadcrumb\",\"itemListElement\":[{\"@type\":\"ListItem\",\"position\":1,\"name\":\"Home\",\"item\":\"https:\/\/www.hotelavanti.cz\/pl\/\"},{\"@type\":\"ListItem\",\"position\":2,\"name\":\"Konferencyje\",\"item\":\"https:\/\/www.hotelavanti.cz\/pl\/konferencyje\/\"},{\"@type\":\"ListItem\",\"position\":3,\"name\":\"Meeting Room IV\"}]},{\"@type\":\"WebSite\",\"@id\":\"https:\/\/www.hotelavanti.cz\/pl\/#website\",\"url\":\"https:\/\/www.hotelavanti.cz\/pl\/\",\"name\":\"Hotel Avanti Brno\",\"description\":\"Just another ms.decms.eu site\",\"potentialAction\":[{\"@type\":\"SearchAction\",\"target\":{\"@type\":\"EntryPoint\",\"urlTemplate\":\"https:\/\/www.hotelavanti.cz\/pl\/?s={search_term_string}\"},\"query-input\":{\"@type\":\"PropertyValueSpecification\",\"valueRequired\":true,\"valueName\":\"search_term_string\"}}],\"inLanguage\":\"pl-PL\"}]}<\/script>\n<!-- \/ Yoast SEO plugin. -->","yoast_head_json":{"title":"Meeting Room IV - Hotel Avanti Brno -","description":"pomie\u015bci do 20 os\u00f3b  organizacja przestrzeni zgodnie z Pa\u0144stwa \u017cyczeniem  zaplecze do prezentacji  klimatyzacja .","robots":{"index":"index","follow":"follow","max-snippet":"max-snippet:-1","max-image-preview":"max-image-preview:large","max-video-preview":"max-video-preview:-1"},"canonical":"https:\/\/www.hotelavanti.cz\/pl\/konferencyje\/meeting-room-iv\/","og_locale":"pl_PL","og_type":"article","og_title":"Meeting Room IV - Hotel Avanti Brno -","og_description":"pomie\u015bci do 20 os\u00f3b  organizacja przestrzeni zgodnie z Pa\u0144stwa \u017cyczeniem  zaplecze do prezentacji  klimatyzacja .","og_url":"https:\/\/www.hotelavanti.cz\/pl\/konferencyje\/meeting-room-iv\/","og_site_name":"Hotel Avanti Brno","article_modified_time":"2021-11-09T15:14:51+00:00","og_image":[{"width":1200,"height":800,"url":"https:\/\/www.hotelavanti.cz\/wp-content\/uploads\/sites\/329\/2021\/07\/Hotel_avanti_president_apartment_gallery01-1.jpg","type":"image\/jpeg"}],"twitter_card":"summary_large_image","twitter_misc":{"Szacowany czas czytania":"1 minuta"},"schema":{"@context":"https:\/\/schema.org","@graph":[{"@type":"WebPage","@id":"https:\/\/www.hotelavanti.cz\/pl\/konferencyje\/meeting-room-iv\/","url":"https:\/\/www.hotelavanti.cz\/pl\/konferencyje\/meeting-room-iv\/","name":"Meeting Room IV - Hotel Avanti Brno -","isPartOf":{"@id":"https:\/\/www.hotelavanti.cz\/pl\/#website"},"datePublished":"2021-07-26T14:56:08+00:00","dateModified":"2021-11-09T15:14:51+00:00","description":"\u2022 pomie\u015bci do 20 os\u00f3b \u2022 organizacja przestrzeni zgodnie z Pa\u0144stwa \u017cyczeniem \u2022 zaplecze do prezentacji \u2022 klimatyzacja .","breadcrumb":{"@id":"https:\/\/www.hotelavanti.cz\/pl\/konferencyje\/meeting-room-iv\/#breadcrumb"},"inLanguage":"pl-PL","potentialAction":[{"@type":"ReadAction","target":["https:\/\/www.hotelavanti.cz\/pl\/konferencyje\/meeting-room-iv\/"]}]},{"@type":"BreadcrumbList","@id":"https:\/\/www.hotelavanti.cz\/pl\/konferencyje\/meeting-room-iv\/#breadcrumb","itemListElement":[{"@type":"ListItem","position":1,"name":"Home","item":"https:\/\/www.hotelavanti.cz\/pl\/"},{"@type":"ListItem","position":2,"name":"Konferencyje","item":"https:\/\/www.hotelavanti.cz\/pl\/konferencyje\/"},{"@type":"ListItem","position":3,"name":"Meeting Room IV"}]},{"@type":"WebSite","@id":"https:\/\/www.hotelavanti.cz\/pl\/#website","url":"https:\/\/www.hotelavanti.cz\/pl\/","name":"Hotel Avanti Brno","description":"Just another ms.decms.eu site","potentialAction":[{"@type":"SearchAction","target":{"@type":"EntryPoint","urlTemplate":"https:\/\/www.hotelavanti.cz\/pl\/?s={search_term_string}"},"query-input":{"@type":"PropertyValueSpecification","valueRequired":true,"valueName":"search_term_string"}}],"inLanguage":"pl-PL"}]}},"acf":[],"_links":{"self":[{"href":"https:\/\/www.hotelavanti.cz\/pl\/wp-json\/wp\/v2\/pages\/586","targetHints":{"allow":["GET"]}}],"collection":[{"href":"https:\/\/www.hotelavanti.cz\/pl\/wp-json\/wp\/v2\/pages"}],"about":[{"href":"https:\/\/www.hotelavanti.cz\/pl\/wp-json\/wp\/v2\/types\/page"}],"author":[{"embeddable":true,"href":"https:\/\/www.hotelavanti.cz\/pl\/wp-json\/wp\/v2\/users\/36"}],"replies":[{"embeddable":true,"href":"https:\/\/www.hotelavanti.cz\/pl\/wp-json\/wp\/v2\/comments?post=586"}],"version-history":[{"count":0,"href":"https:\/\/www.hotelavanti.cz\/pl\/wp-json\/wp\/v2\/pages\/586\/revisions"}],"up":[{"embeddable":true,"href":"https:\/\/www.hotelavanti.cz\/pl\/wp-json\/wp\/v2\/pages\/498"}],"wp:attachment":[{"href":"https:\/\/www.hotelavanti.cz\/pl\/wp-json\/wp\/v2\/media?parent=586"}],"curies":[{"name":"wp","href":"https:\/\/api.w.org\/{rel}","templated":true}]}}