{"id":540,"date":"2021-07-26T12:45:09","date_gmt":"2021-07-26T12:45:09","guid":{"rendered":"https:\/\/hotel-avanti.ms.decms.eu\/?page_id=540"},"modified":"2021-10-18T12:13:20","modified_gmt":"2021-10-18T12:13:20","slug":"duza-sala","status":"publish","type":"page","link":"https:\/\/www.hotelavanti.cz\/pl\/konferencyje\/duza-sala\/","title":{"rendered":"Du\u017ca sala"},"content":{"rendered":"<p><strong>Max. 80 os\u00f3b<\/strong><\/p>\n<ul>\n<li>przyjemne \u015brodowisko z naturalnym \u015bwiat\u0142em, doskona\u0142\u0105 akustyk\u0105 i wyposa\u017ceniem do prezentacji<\/li>\n<li>pojemno\u015b\u0107 do 80 os\u00f3b<\/li>\n<li>aran\u017cacj\u0119 przestrzeni w zale\u017cno\u015bci od wymaga\u0144<\/li>\n<li>klimatyzacj\u0119<\/li>\n<li>dost\u0119p z przestronnego foyer z kawiarni\u0105<\/li>\n<\/ul>\n","protected":false},"excerpt":{"rendered":"<p>Max. 80 os\u00f3b przyjemne \u015brodowisko z naturalnym \u015bwiat\u0142em, doskona\u0142\u0105 akustyk\u0105 i wyposa\u017ceniem do prezentacji pojemno\u015b\u0107 do 80 os\u00f3b aran\u017cacj\u0119 przestrzeni w zale\u017cno\u015bci od wymaga\u0144 klimatyzacj\u0119 dost\u0119p z przestronnego foyer z kawiarni\u0105<\/p>\n","protected":false},"author":36,"featured_media":0,"parent":498,"menu_order":15,"comment_status":"closed","ping_status":"closed","template":"template-meeting.php","meta":{"footnotes":""},"class_list":["post-540","page","type-page","status-publish","hentry"],"yoast_head":"<!-- This site is optimized with the Yoast SEO plugin v26.9 - https:\/\/yoast.com\/product\/yoast-seo-wordpress\/ -->\n<title>Du\u017ca sala - Hotel Avanti Brno -<\/title>\n<meta name=\"description\" content=\"Max. 80 os\u00f3b   przyjemne \u015brodowisko z naturalnym \u015bwiat\u0142em, doskona\u0142\u0105 akustyk\u0105 i wyposa\u017ceniem do prezentacji  pojemno\u015b\u0107 do 80 os\u00f3b  aran\u017cacj\u0119 przestrzeni w zale\u017cno\u015bci od wymaga\u0144  klimatyzacj\u0119  dost\u0119p z przestronnego foyer z kawiarni\u0105\" \/>\n<meta name=\"robots\" content=\"index, follow, max-snippet:-1, max-image-preview:large, max-video-preview:-1\" \/>\n<link rel=\"canonical\" href=\"https:\/\/www.hotelavanti.cz\/pl\/konferencyje\/duza-sala\/\" \/>\n<meta property=\"og:locale\" content=\"pl_PL\" \/>\n<meta property=\"og:type\" content=\"article\" \/>\n<meta property=\"og:title\" content=\"Du\u017ca sala - Hotel Avanti Brno -\" \/>\n<meta property=\"og:description\" content=\"Max. 80 os\u00f3b   przyjemne \u015brodowisko z naturalnym \u015bwiat\u0142em, doskona\u0142\u0105 akustyk\u0105 i wyposa\u017ceniem do prezentacji  pojemno\u015b\u0107 do 80 os\u00f3b  aran\u017cacj\u0119 przestrzeni w zale\u017cno\u015bci od wymaga\u0144  klimatyzacj\u0119  dost\u0119p z przestronnego foyer z kawiarni\u0105\" \/>\n<meta property=\"og:url\" content=\"https:\/\/www.hotelavanti.cz\/pl\/konferencyje\/duza-sala\/\" \/>\n<meta property=\"og:site_name\" content=\"Hotel Avanti Brno\" \/>\n<meta property=\"article:modified_time\" content=\"2021-10-18T12:13:20+00:00\" \/>\n<meta property=\"og:image\" content=\"https:\/\/www.hotelavanti.cz\/wp-content\/uploads\/sites\/329\/2021\/07\/Hotel_avanti_president_apartment_gallery01-1.jpg\" \/>\n\t<meta property=\"og:image:width\" content=\"1200\" \/>\n\t<meta property=\"og:image:height\" content=\"800\" \/>\n\t<meta property=\"og:image:type\" content=\"image\/jpeg\" \/>\n<meta name=\"twitter:card\" content=\"summary_large_image\" \/>\n<meta name=\"twitter:label1\" content=\"Szacowany czas czytania\" \/>\n\t<meta name=\"twitter:data1\" content=\"1 minuta\" \/>\n<script type=\"application\/ld+json\" class=\"yoast-schema-graph\">{\"@context\":\"https:\/\/schema.org\",\"@graph\":[{\"@type\":\"WebPage\",\"@id\":\"https:\/\/www.hotelavanti.cz\/pl\/konferencyje\/duza-sala\/\",\"url\":\"https:\/\/www.hotelavanti.cz\/pl\/konferencyje\/duza-sala\/\",\"name\":\"Du\u017ca sala - Hotel Avanti Brno -\",\"isPartOf\":{\"@id\":\"https:\/\/www.hotelavanti.cz\/pl\/#website\"},\"datePublished\":\"2021-07-26T12:45:09+00:00\",\"dateModified\":\"2021-10-18T12:13:20+00:00\",\"description\":\"Max. 80 os\u00f3b \u2022 przyjemne \u015brodowisko z naturalnym \u015bwiat\u0142em, doskona\u0142\u0105 akustyk\u0105 i wyposa\u017ceniem do prezentacji \u2022 pojemno\u015b\u0107 do 80 os\u00f3b \u2022 aran\u017cacj\u0119 przestrzeni w zale\u017cno\u015bci od wymaga\u0144 \u2022 klimatyzacj\u0119 \u2022 dost\u0119p z przestronnego foyer z kawiarni\u0105\",\"breadcrumb\":{\"@id\":\"https:\/\/www.hotelavanti.cz\/pl\/konferencyje\/duza-sala\/#breadcrumb\"},\"inLanguage\":\"pl-PL\",\"potentialAction\":[{\"@type\":\"ReadAction\",\"target\":[\"https:\/\/www.hotelavanti.cz\/pl\/konferencyje\/duza-sala\/\"]}]},{\"@type\":\"BreadcrumbList\",\"@id\":\"https:\/\/www.hotelavanti.cz\/pl\/konferencyje\/duza-sala\/#breadcrumb\",\"itemListElement\":[{\"@type\":\"ListItem\",\"position\":1,\"name\":\"Home\",\"item\":\"https:\/\/www.hotelavanti.cz\/pl\/\"},{\"@type\":\"ListItem\",\"position\":2,\"name\":\"Konferencyje\",\"item\":\"https:\/\/www.hotelavanti.cz\/pl\/konferencyje\/\"},{\"@type\":\"ListItem\",\"position\":3,\"name\":\"Du\u017ca sala\"}]},{\"@type\":\"WebSite\",\"@id\":\"https:\/\/www.hotelavanti.cz\/pl\/#website\",\"url\":\"https:\/\/www.hotelavanti.cz\/pl\/\",\"name\":\"Hotel Avanti Brno\",\"description\":\"Just another ms.decms.eu site\",\"potentialAction\":[{\"@type\":\"SearchAction\",\"target\":{\"@type\":\"EntryPoint\",\"urlTemplate\":\"https:\/\/www.hotelavanti.cz\/pl\/?s={search_term_string}\"},\"query-input\":{\"@type\":\"PropertyValueSpecification\",\"valueRequired\":true,\"valueName\":\"search_term_string\"}}],\"inLanguage\":\"pl-PL\"}]}<\/script>\n<!-- \/ Yoast SEO plugin. -->","yoast_head_json":{"title":"Du\u017ca sala - Hotel Avanti Brno -","description":"Max. 80 os\u00f3b   przyjemne \u015brodowisko z naturalnym \u015bwiat\u0142em, doskona\u0142\u0105 akustyk\u0105 i wyposa\u017ceniem do prezentacji  pojemno\u015b\u0107 do 80 os\u00f3b  aran\u017cacj\u0119 przestrzeni w zale\u017cno\u015bci od wymaga\u0144  klimatyzacj\u0119  dost\u0119p z przestronnego foyer z kawiarni\u0105","robots":{"index":"index","follow":"follow","max-snippet":"max-snippet:-1","max-image-preview":"max-image-preview:large","max-video-preview":"max-video-preview:-1"},"canonical":"https:\/\/www.hotelavanti.cz\/pl\/konferencyje\/duza-sala\/","og_locale":"pl_PL","og_type":"article","og_title":"Du\u017ca sala - Hotel Avanti Brno -","og_description":"Max. 80 os\u00f3b   przyjemne \u015brodowisko z naturalnym \u015bwiat\u0142em, doskona\u0142\u0105 akustyk\u0105 i wyposa\u017ceniem do prezentacji  pojemno\u015b\u0107 do 80 os\u00f3b  aran\u017cacj\u0119 przestrzeni w zale\u017cno\u015bci od wymaga\u0144  klimatyzacj\u0119  dost\u0119p z przestronnego foyer z kawiarni\u0105","og_url":"https:\/\/www.hotelavanti.cz\/pl\/konferencyje\/duza-sala\/","og_site_name":"Hotel Avanti Brno","article_modified_time":"2021-10-18T12:13:20+00:00","og_image":[{"width":1200,"height":800,"url":"https:\/\/www.hotelavanti.cz\/wp-content\/uploads\/sites\/329\/2021\/07\/Hotel_avanti_president_apartment_gallery01-1.jpg","type":"image\/jpeg"}],"twitter_card":"summary_large_image","twitter_misc":{"Szacowany czas czytania":"1 minuta"},"schema":{"@context":"https:\/\/schema.org","@graph":[{"@type":"WebPage","@id":"https:\/\/www.hotelavanti.cz\/pl\/konferencyje\/duza-sala\/","url":"https:\/\/www.hotelavanti.cz\/pl\/konferencyje\/duza-sala\/","name":"Du\u017ca sala - Hotel Avanti Brno -","isPartOf":{"@id":"https:\/\/www.hotelavanti.cz\/pl\/#website"},"datePublished":"2021-07-26T12:45:09+00:00","dateModified":"2021-10-18T12:13:20+00:00","description":"Max. 80 os\u00f3b \u2022 przyjemne \u015brodowisko z naturalnym \u015bwiat\u0142em, doskona\u0142\u0105 akustyk\u0105 i wyposa\u017ceniem do prezentacji \u2022 pojemno\u015b\u0107 do 80 os\u00f3b \u2022 aran\u017cacj\u0119 przestrzeni w zale\u017cno\u015bci od wymaga\u0144 \u2022 klimatyzacj\u0119 \u2022 dost\u0119p z przestronnego foyer z kawiarni\u0105","breadcrumb":{"@id":"https:\/\/www.hotelavanti.cz\/pl\/konferencyje\/duza-sala\/#breadcrumb"},"inLanguage":"pl-PL","potentialAction":[{"@type":"ReadAction","target":["https:\/\/www.hotelavanti.cz\/pl\/konferencyje\/duza-sala\/"]}]},{"@type":"BreadcrumbList","@id":"https:\/\/www.hotelavanti.cz\/pl\/konferencyje\/duza-sala\/#breadcrumb","itemListElement":[{"@type":"ListItem","position":1,"name":"Home","item":"https:\/\/www.hotelavanti.cz\/pl\/"},{"@type":"ListItem","position":2,"name":"Konferencyje","item":"https:\/\/www.hotelavanti.cz\/pl\/konferencyje\/"},{"@type":"ListItem","position":3,"name":"Du\u017ca sala"}]},{"@type":"WebSite","@id":"https:\/\/www.hotelavanti.cz\/pl\/#website","url":"https:\/\/www.hotelavanti.cz\/pl\/","name":"Hotel Avanti Brno","description":"Just another ms.decms.eu site","potentialAction":[{"@type":"SearchAction","target":{"@type":"EntryPoint","urlTemplate":"https:\/\/www.hotelavanti.cz\/pl\/?s={search_term_string}"},"query-input":{"@type":"PropertyValueSpecification","valueRequired":true,"valueName":"search_term_string"}}],"inLanguage":"pl-PL"}]}},"acf":[],"_links":{"self":[{"href":"https:\/\/www.hotelavanti.cz\/pl\/wp-json\/wp\/v2\/pages\/540","targetHints":{"allow":["GET"]}}],"collection":[{"href":"https:\/\/www.hotelavanti.cz\/pl\/wp-json\/wp\/v2\/pages"}],"about":[{"href":"https:\/\/www.hotelavanti.cz\/pl\/wp-json\/wp\/v2\/types\/page"}],"author":[{"embeddable":true,"href":"https:\/\/www.hotelavanti.cz\/pl\/wp-json\/wp\/v2\/users\/36"}],"replies":[{"embeddable":true,"href":"https:\/\/www.hotelavanti.cz\/pl\/wp-json\/wp\/v2\/comments?post=540"}],"version-history":[{"count":0,"href":"https:\/\/www.hotelavanti.cz\/pl\/wp-json\/wp\/v2\/pages\/540\/revisions"}],"up":[{"embeddable":true,"href":"https:\/\/www.hotelavanti.cz\/pl\/wp-json\/wp\/v2\/pages\/498"}],"wp:attachment":[{"href":"https:\/\/www.hotelavanti.cz\/pl\/wp-json\/wp\/v2\/media?parent=540"}],"curies":[{"name":"wp","href":"https:\/\/api.w.org\/{rel}","templated":true}]}}