{"id":5,"date":"2021-07-19T13:10:21","date_gmt":"2021-07-19T13:10:21","guid":{"rendered":"https:\/\/hotel-avanti.ms.decms.eu\/?page_id=5"},"modified":"2025-10-15T13:58:27","modified_gmt":"2025-10-15T13:58:27","slug":"avanti-hotel","status":"publish","type":"page","link":"https:\/\/www.hotelavanti.cz\/pl\/","title":{"rendered":"Avanti Hotel"},"content":{"rendered":"<p>Planujecie Pa\u0144stwo podr\u00f3\u017c s\u0142u\u017cbow\u0105 do Brna, organizujecie konferencj\u0119 lub chceciemi\u0142o sp\u0119dzi\u0107 weekend? Zapraszamy do skorzystania z oferty hotelu AVANTI. Od nowoczesnych pokoj\u00f3w bez py\u0142ku kurzu, a\u017c po bezp\u0142atne centrum wellness na dachu hotelu, sk\u0105d rozci\u0105ga si\u0119 widok na ca\u0142e miasto.<\/p>\n<p>Parking, dost\u0119p do sieci, centrum miasta &#8211; wszystko do Pa\u0144stwa dyspozycji<\/p>\n<p>Bezp\u0142atny parking oraz Wi-Fi to w naszym hotelu oczywisto\u015b\u0107. Wystarczy si\u0119 zakwaterowa\u0107, zostawi\u0107 rzeczy w pokoju i mo\u017cna rusza\u0107 na zwiedzanie miasta lub na spotkanie. Hotel znajduje si\u0119 w spokojnej okolicy, w pobli\u017cu parku Lu\u017e\u00e1nky,niedaleko centrum Brna.<\/p>\n<p style=\"text-align: center\"><img loading=\"lazy\" decoding=\"async\" class=\"wp-image-501 aligncenter\" src=\"https:\/\/hotel-avanti.ms.decms.eu\/wp-content\/uploads\/sites\/329\/2021\/07\/avanti_logo_book_direct-300x300.png\" alt=\"\" width=\"170\" height=\"170\" srcset=\"https:\/\/www.hotelavanti.cz\/wp-content\/uploads\/sites\/329\/2021\/07\/avanti_logo_book_direct-300x300.png 300w, https:\/\/www.hotelavanti.cz\/wp-content\/uploads\/sites\/329\/2021\/07\/avanti_logo_book_direct-150x150.png 150w, https:\/\/www.hotelavanti.cz\/wp-content\/uploads\/sites\/329\/2021\/07\/avanti_logo_book_direct-200x200.png 200w, https:\/\/www.hotelavanti.cz\/wp-content\/uploads\/sites\/329\/2021\/07\/avanti_logo_book_direct.png 533w\" sizes=\"auto, (max-width: 170px) 100vw, 170px\" \/><\/p>\n","protected":false},"excerpt":{"rendered":"<p>Planujecie Pa\u0144stwo podr\u00f3\u017c s\u0142u\u017cbow\u0105 do Brna, organizujecie konferencj\u0119 lub chceciemi\u0142o sp\u0119dzi\u0107 weekend? Zapraszamy do skorzystania z oferty hotelu AVANTI. Od nowoczesnych pokoj\u00f3w bez py\u0142ku kurzu, a\u017c po bezp\u0142atne centrum wellness na dachu hotelu, sk\u0105d rozci\u0105ga si\u0119 widok na ca\u0142e miasto. Parking, dost\u0119p do sieci, centrum miasta &#8211; wszystko do Pa\u0144stwa dyspozycji Bezp\u0142atny parking oraz Wi-Fi [&hellip;]<\/p>\n","protected":false},"author":36,"featured_media":0,"parent":0,"menu_order":0,"comment_status":"closed","ping_status":"closed","template":"","meta":{"footnotes":""},"class_list":["post-5","page","type-page","status-publish","hentry"],"yoast_head":"<!-- This site is optimized with the Yoast SEO plugin v26.9 - https:\/\/yoast.com\/product\/yoast-seo-wordpress\/ -->\n<title>Hotel Avanti - Hotel w pobli\u017cu centrum Brna<\/title>\n<meta name=\"description\" content=\"Planujecie Pa\u0144stwo podr\u00f3\u017c s\u0142u\u017cbow\u0105 do Brna, organizujecie konferencj\u0119 lub chceciemi\u0142o sp\u0119dzi\u0107 weekend? Zapraszamy do skorzystania z oferty hotelu AVANTI. Od nowoczesnych pokoj\u00f3w bez py\u0142ku kurzu, a\u017c po bezp\u0142atne centrum wellness na dachu hotelu, sk\u0105d rozci\u0105ga si\u0119 widok na ca\u0142e miasto.  Parking, dost\u0119p do sieci, centrum miasta - wszystko do Pa\u0144stwa dyspozycji  Bezp\u0142atny parking oraz Wi-Fi to w naszym hotelu oczywisto\u015b\u0107\" \/>\n<meta name=\"robots\" content=\"index, follow, max-snippet:-1, max-image-preview:large, max-video-preview:-1\" \/>\n<link rel=\"canonical\" href=\"https:\/\/www.hotelavanti.cz\/pl\/\" \/>\n<meta property=\"og:locale\" content=\"pl_PL\" \/>\n<meta property=\"og:type\" content=\"article\" \/>\n<meta property=\"og:title\" content=\"Hotel Avanti - Hotel w pobli\u017cu centrum Brna\" \/>\n<meta property=\"og:description\" content=\"Planujecie Pa\u0144stwo podr\u00f3\u017c s\u0142u\u017cbow\u0105 do Brna, organizujecie konferencj\u0119 lub chceciemi\u0142o sp\u0119dzi\u0107 weekend? Zapraszamy do skorzystania z oferty hotelu AVANTI. Od nowoczesnych pokoj\u00f3w bez py\u0142ku kurzu, a\u017c po bezp\u0142atne centrum wellness na dachu hotelu, sk\u0105d rozci\u0105ga si\u0119 widok na ca\u0142e miasto.  Parking, dost\u0119p do sieci, centrum miasta - wszystko do Pa\u0144stwa dyspozycji  Bezp\u0142atny parking oraz Wi-Fi to w naszym hotelu oczywisto\u015b\u0107\" \/>\n<meta property=\"og:url\" content=\"https:\/\/www.hotelavanti.cz\/pl\/\" \/>\n<meta property=\"og:site_name\" content=\"Hotel Avanti Brno\" \/>\n<meta property=\"article:modified_time\" content=\"2025-10-15T13:58:27+00:00\" \/>\n<meta property=\"og:image\" content=\"https:\/\/hotel-avanti.ms.decms.eu\/wp-content\/uploads\/sites\/329\/2021\/07\/avanti_logo_book_direct-300x300.png\" \/>\n<meta name=\"twitter:card\" content=\"summary_large_image\" \/>\n<meta name=\"twitter:label1\" content=\"Szacowany czas czytania\" \/>\n\t<meta name=\"twitter:data1\" content=\"1 minuta\" \/>\n<script type=\"application\/ld+json\" class=\"yoast-schema-graph\">{\"@context\":\"https:\/\/schema.org\",\"@graph\":[{\"@type\":\"WebPage\",\"@id\":\"https:\/\/www.hotelavanti.cz\/pl\/\",\"url\":\"https:\/\/www.hotelavanti.cz\/pl\/\",\"name\":\"Hotel Avanti - Hotel w pobli\u017cu centrum Brna\",\"isPartOf\":{\"@id\":\"https:\/\/www.hotelavanti.cz\/pl\/#website\"},\"primaryImageOfPage\":{\"@id\":\"https:\/\/www.hotelavanti.cz\/pl\/#primaryimage\"},\"image\":{\"@id\":\"https:\/\/www.hotelavanti.cz\/pl\/#primaryimage\"},\"thumbnailUrl\":\"https:\/\/hotel-avanti.ms.decms.eu\/wp-content\/uploads\/sites\/329\/2021\/07\/avanti_logo_book_direct-300x300.png\",\"datePublished\":\"2021-07-19T13:10:21+00:00\",\"dateModified\":\"2025-10-15T13:58:27+00:00\",\"description\":\"Planujecie Pa\u0144stwo podr\u00f3\u017c s\u0142u\u017cbow\u0105 do Brna, organizujecie konferencj\u0119 lub chceciemi\u0142o sp\u0119dzi\u0107 weekend? Zapraszamy do skorzystania z oferty hotelu AVANTI. Od nowoczesnych pokoj\u00f3w bez py\u0142ku kurzu, a\u017c po bezp\u0142atne centrum wellness na dachu hotelu, sk\u0105d rozci\u0105ga si\u0119 widok na ca\u0142e miasto. Parking, dost\u0119p do sieci, centrum miasta - wszystko do Pa\u0144stwa dyspozycji Bezp\u0142atny parking oraz Wi-Fi to w naszym hotelu oczywisto\u015b\u0107\",\"breadcrumb\":{\"@id\":\"https:\/\/www.hotelavanti.cz\/pl\/#breadcrumb\"},\"inLanguage\":\"pl-PL\",\"potentialAction\":[{\"@type\":\"ReadAction\",\"target\":[\"https:\/\/www.hotelavanti.cz\/pl\/\"]}]},{\"@type\":\"ImageObject\",\"inLanguage\":\"pl-PL\",\"@id\":\"https:\/\/www.hotelavanti.cz\/pl\/#primaryimage\",\"url\":\"https:\/\/hotel-avanti.ms.decms.eu\/wp-content\/uploads\/sites\/329\/2021\/07\/avanti_logo_book_direct-300x300.png\",\"contentUrl\":\"https:\/\/hotel-avanti.ms.decms.eu\/wp-content\/uploads\/sites\/329\/2021\/07\/avanti_logo_book_direct-300x300.png\"},{\"@type\":\"BreadcrumbList\",\"@id\":\"https:\/\/www.hotelavanti.cz\/pl\/#breadcrumb\",\"itemListElement\":[{\"@type\":\"ListItem\",\"position\":1,\"name\":\"Home\",\"item\":\"https:\/\/www.hotelavanti.cz\/pl\/\"},{\"@type\":\"ListItem\",\"position\":2,\"name\":\"Avanti Hotel\"}]},{\"@type\":\"WebSite\",\"@id\":\"https:\/\/www.hotelavanti.cz\/pl\/#website\",\"url\":\"https:\/\/www.hotelavanti.cz\/pl\/\",\"name\":\"Hotel Avanti Brno\",\"description\":\"Just another ms.decms.eu site\",\"potentialAction\":[{\"@type\":\"SearchAction\",\"target\":{\"@type\":\"EntryPoint\",\"urlTemplate\":\"https:\/\/www.hotelavanti.cz\/pl\/?s={search_term_string}\"},\"query-input\":{\"@type\":\"PropertyValueSpecification\",\"valueRequired\":true,\"valueName\":\"search_term_string\"}}],\"inLanguage\":\"pl-PL\"}]}<\/script>\n<!-- \/ Yoast SEO plugin. -->","yoast_head_json":{"title":"Hotel Avanti - Hotel w pobli\u017cu centrum Brna","description":"Planujecie Pa\u0144stwo podr\u00f3\u017c s\u0142u\u017cbow\u0105 do Brna, organizujecie konferencj\u0119 lub chceciemi\u0142o sp\u0119dzi\u0107 weekend? Zapraszamy do skorzystania z oferty hotelu AVANTI. Od nowoczesnych pokoj\u00f3w bez py\u0142ku kurzu, a\u017c po bezp\u0142atne centrum wellness na dachu hotelu, sk\u0105d rozci\u0105ga si\u0119 widok na ca\u0142e miasto.  Parking, dost\u0119p do sieci, centrum miasta - wszystko do Pa\u0144stwa dyspozycji  Bezp\u0142atny parking oraz Wi-Fi to w naszym hotelu oczywisto\u015b\u0107","robots":{"index":"index","follow":"follow","max-snippet":"max-snippet:-1","max-image-preview":"max-image-preview:large","max-video-preview":"max-video-preview:-1"},"canonical":"https:\/\/www.hotelavanti.cz\/pl\/","og_locale":"pl_PL","og_type":"article","og_title":"Hotel Avanti - Hotel w pobli\u017cu centrum Brna","og_description":"Planujecie Pa\u0144stwo podr\u00f3\u017c s\u0142u\u017cbow\u0105 do Brna, organizujecie konferencj\u0119 lub chceciemi\u0142o sp\u0119dzi\u0107 weekend? Zapraszamy do skorzystania z oferty hotelu AVANTI. Od nowoczesnych pokoj\u00f3w bez py\u0142ku kurzu, a\u017c po bezp\u0142atne centrum wellness na dachu hotelu, sk\u0105d rozci\u0105ga si\u0119 widok na ca\u0142e miasto.  Parking, dost\u0119p do sieci, centrum miasta - wszystko do Pa\u0144stwa dyspozycji  Bezp\u0142atny parking oraz Wi-Fi to w naszym hotelu oczywisto\u015b\u0107","og_url":"https:\/\/www.hotelavanti.cz\/pl\/","og_site_name":"Hotel Avanti Brno","article_modified_time":"2025-10-15T13:58:27+00:00","og_image":[{"url":"https:\/\/hotel-avanti.ms.decms.eu\/wp-content\/uploads\/sites\/329\/2021\/07\/avanti_logo_book_direct-300x300.png","type":"","width":"","height":""}],"twitter_card":"summary_large_image","twitter_misc":{"Szacowany czas czytania":"1 minuta"},"schema":{"@context":"https:\/\/schema.org","@graph":[{"@type":"WebPage","@id":"https:\/\/www.hotelavanti.cz\/pl\/","url":"https:\/\/www.hotelavanti.cz\/pl\/","name":"Hotel Avanti - Hotel w pobli\u017cu centrum Brna","isPartOf":{"@id":"https:\/\/www.hotelavanti.cz\/pl\/#website"},"primaryImageOfPage":{"@id":"https:\/\/www.hotelavanti.cz\/pl\/#primaryimage"},"image":{"@id":"https:\/\/www.hotelavanti.cz\/pl\/#primaryimage"},"thumbnailUrl":"https:\/\/hotel-avanti.ms.decms.eu\/wp-content\/uploads\/sites\/329\/2021\/07\/avanti_logo_book_direct-300x300.png","datePublished":"2021-07-19T13:10:21+00:00","dateModified":"2025-10-15T13:58:27+00:00","description":"Planujecie Pa\u0144stwo podr\u00f3\u017c s\u0142u\u017cbow\u0105 do Brna, organizujecie konferencj\u0119 lub chceciemi\u0142o sp\u0119dzi\u0107 weekend? Zapraszamy do skorzystania z oferty hotelu AVANTI. Od nowoczesnych pokoj\u00f3w bez py\u0142ku kurzu, a\u017c po bezp\u0142atne centrum wellness na dachu hotelu, sk\u0105d rozci\u0105ga si\u0119 widok na ca\u0142e miasto. Parking, dost\u0119p do sieci, centrum miasta - wszystko do Pa\u0144stwa dyspozycji Bezp\u0142atny parking oraz Wi-Fi to w naszym hotelu oczywisto\u015b\u0107","breadcrumb":{"@id":"https:\/\/www.hotelavanti.cz\/pl\/#breadcrumb"},"inLanguage":"pl-PL","potentialAction":[{"@type":"ReadAction","target":["https:\/\/www.hotelavanti.cz\/pl\/"]}]},{"@type":"ImageObject","inLanguage":"pl-PL","@id":"https:\/\/www.hotelavanti.cz\/pl\/#primaryimage","url":"https:\/\/hotel-avanti.ms.decms.eu\/wp-content\/uploads\/sites\/329\/2021\/07\/avanti_logo_book_direct-300x300.png","contentUrl":"https:\/\/hotel-avanti.ms.decms.eu\/wp-content\/uploads\/sites\/329\/2021\/07\/avanti_logo_book_direct-300x300.png"},{"@type":"BreadcrumbList","@id":"https:\/\/www.hotelavanti.cz\/pl\/#breadcrumb","itemListElement":[{"@type":"ListItem","position":1,"name":"Home","item":"https:\/\/www.hotelavanti.cz\/pl\/"},{"@type":"ListItem","position":2,"name":"Avanti Hotel"}]},{"@type":"WebSite","@id":"https:\/\/www.hotelavanti.cz\/pl\/#website","url":"https:\/\/www.hotelavanti.cz\/pl\/","name":"Hotel Avanti Brno","description":"Just another ms.decms.eu site","potentialAction":[{"@type":"SearchAction","target":{"@type":"EntryPoint","urlTemplate":"https:\/\/www.hotelavanti.cz\/pl\/?s={search_term_string}"},"query-input":{"@type":"PropertyValueSpecification","valueRequired":true,"valueName":"search_term_string"}}],"inLanguage":"pl-PL"}]}},"acf":[],"_links":{"self":[{"href":"https:\/\/www.hotelavanti.cz\/pl\/wp-json\/wp\/v2\/pages\/5","targetHints":{"allow":["GET"]}}],"collection":[{"href":"https:\/\/www.hotelavanti.cz\/pl\/wp-json\/wp\/v2\/pages"}],"about":[{"href":"https:\/\/www.hotelavanti.cz\/pl\/wp-json\/wp\/v2\/types\/page"}],"author":[{"embeddable":true,"href":"https:\/\/www.hotelavanti.cz\/pl\/wp-json\/wp\/v2\/users\/36"}],"replies":[{"embeddable":true,"href":"https:\/\/www.hotelavanti.cz\/pl\/wp-json\/wp\/v2\/comments?post=5"}],"version-history":[{"count":0,"href":"https:\/\/www.hotelavanti.cz\/pl\/wp-json\/wp\/v2\/pages\/5\/revisions"}],"wp:attachment":[{"href":"https:\/\/www.hotelavanti.cz\/pl\/wp-json\/wp\/v2\/media?parent=5"}],"curies":[{"name":"wp","href":"https:\/\/api.w.org\/{rel}","templated":true}]}}