{"id":472,"date":"2021-07-21T10:26:02","date_gmt":"2021-07-21T10:26:02","guid":{"rendered":"https:\/\/hotel-avanti.ms.decms.eu\/?page_id=472"},"modified":"2024-10-09T10:15:20","modified_gmt":"2024-10-09T10:15:20","slug":"apartament-prezydencki","status":"publish","type":"page","link":"https:\/\/www.hotelavanti.cz\/pl\/pokoje\/apartament-prezydencki\/","title":{"rendered":"Apartament Prezydencki"},"content":{"rendered":"<p>Dwie sypialnie i dwie \u0142azienki &#8211; jedna z naro\u017cn\u0105 wann\u0105 bezpo\u015brednio w sypialni.<\/p>\n<p>Room service i 1x 2 godziny prywatnego spa gratis. Codzienny dost\u0119p do prywatnego spa w godzinach 17.30 &#8211; 19 lub 19.30 &#8211; 21.<\/p>\n","protected":false},"excerpt":{"rendered":"<p>Dwie sypialnie i dwie \u0142azienki &#8211; jedna z naro\u017cn\u0105 wann\u0105 bezpo\u015brednio w sypialni. Room service i 1x 2 godziny prywatnego spa gratis. Codzienny dost\u0119p do prywatnego spa w godzinach 17.30 &#8211; 19 lub 19.30 &#8211; 21.<\/p>\n","protected":false},"author":36,"featured_media":0,"parent":51,"menu_order":30,"comment_status":"closed","ping_status":"closed","template":"template-single-room.php","meta":{"footnotes":""},"class_list":["post-472","page","type-page","status-publish","hentry"],"yoast_head":"<!-- This site is optimized with the Yoast SEO plugin v26.9 - https:\/\/yoast.com\/product\/yoast-seo-wordpress\/ -->\n<title>Apartament Prezydencki - Hotel Avanti Brno -<\/title>\n<meta name=\"description\" content=\"Dwie sypialnie i dwie \u0142azienki - jedna z naro\u017cn\u0105 wann\u0105 bezpo\u015brednio w sypialni.  Room service i 1x 2 godziny prywatnego spa gratis. Codzienny dost\u0119p do prywatnego spa w godzinach 17.30 - 19 lub 19.30 - 21.\" \/>\n<meta name=\"robots\" content=\"index, follow, max-snippet:-1, max-image-preview:large, max-video-preview:-1\" \/>\n<link rel=\"canonical\" href=\"https:\/\/www.hotelavanti.cz\/pl\/pokoje\/apartament-prezydencki\/\" \/>\n<meta property=\"og:locale\" content=\"pl_PL\" \/>\n<meta property=\"og:type\" content=\"article\" \/>\n<meta property=\"og:title\" content=\"Apartament Prezydencki - Hotel Avanti Brno -\" \/>\n<meta property=\"og:description\" content=\"Dwie sypialnie i dwie \u0142azienki - jedna z naro\u017cn\u0105 wann\u0105 bezpo\u015brednio w sypialni.  Room service i 1x 2 godziny prywatnego spa gratis. Codzienny dost\u0119p do prywatnego spa w godzinach 17.30 - 19 lub 19.30 - 21.\" \/>\n<meta property=\"og:url\" content=\"https:\/\/www.hotelavanti.cz\/pl\/pokoje\/apartament-prezydencki\/\" \/>\n<meta property=\"og:site_name\" content=\"Hotel Avanti Brno\" \/>\n<meta property=\"article:modified_time\" content=\"2024-10-09T10:15:20+00:00\" \/>\n<meta property=\"og:image\" content=\"https:\/\/www.hotelavanti.cz\/wp-content\/uploads\/sites\/329\/2021\/07\/Hotel_avanti_president_apartment_gallery01-1.jpg\" \/>\n\t<meta property=\"og:image:width\" content=\"1200\" \/>\n\t<meta property=\"og:image:height\" content=\"800\" \/>\n\t<meta property=\"og:image:type\" content=\"image\/jpeg\" \/>\n<meta name=\"twitter:card\" content=\"summary_large_image\" \/>\n<meta name=\"twitter:label1\" content=\"Szacowany czas czytania\" \/>\n\t<meta name=\"twitter:data1\" content=\"1 minuta\" \/>\n<script type=\"application\/ld+json\" class=\"yoast-schema-graph\">{\"@context\":\"https:\/\/schema.org\",\"@graph\":[{\"@type\":\"WebPage\",\"@id\":\"https:\/\/www.hotelavanti.cz\/pl\/pokoje\/apartament-prezydencki\/\",\"url\":\"https:\/\/www.hotelavanti.cz\/pl\/pokoje\/apartament-prezydencki\/\",\"name\":\"Apartament Prezydencki - Hotel Avanti Brno -\",\"isPartOf\":{\"@id\":\"https:\/\/www.hotelavanti.cz\/pl\/#website\"},\"datePublished\":\"2021-07-21T10:26:02+00:00\",\"dateModified\":\"2024-10-09T10:15:20+00:00\",\"description\":\"Dwie sypialnie i dwie \u0142azienki - jedna z naro\u017cn\u0105 wann\u0105 bezpo\u015brednio w sypialni. Room service i 1x 2 godziny prywatnego spa gratis. Codzienny dost\u0119p do prywatnego spa w godzinach 17.30 - 19 lub 19.30 - 21.\",\"breadcrumb\":{\"@id\":\"https:\/\/www.hotelavanti.cz\/pl\/pokoje\/apartament-prezydencki\/#breadcrumb\"},\"inLanguage\":\"pl-PL\",\"potentialAction\":[{\"@type\":\"ReadAction\",\"target\":[\"https:\/\/www.hotelavanti.cz\/pl\/pokoje\/apartament-prezydencki\/\"]}]},{\"@type\":\"BreadcrumbList\",\"@id\":\"https:\/\/www.hotelavanti.cz\/pl\/pokoje\/apartament-prezydencki\/#breadcrumb\",\"itemListElement\":[{\"@type\":\"ListItem\",\"position\":1,\"name\":\"Home\",\"item\":\"https:\/\/www.hotelavanti.cz\/pl\/\"},{\"@type\":\"ListItem\",\"position\":2,\"name\":\"Pokoje\",\"item\":\"https:\/\/www.hotelavanti.cz\/pl\/pokoje\/\"},{\"@type\":\"ListItem\",\"position\":3,\"name\":\"Apartament Prezydencki\"}]},{\"@type\":\"WebSite\",\"@id\":\"https:\/\/www.hotelavanti.cz\/pl\/#website\",\"url\":\"https:\/\/www.hotelavanti.cz\/pl\/\",\"name\":\"Hotel Avanti Brno\",\"description\":\"Just another ms.decms.eu site\",\"potentialAction\":[{\"@type\":\"SearchAction\",\"target\":{\"@type\":\"EntryPoint\",\"urlTemplate\":\"https:\/\/www.hotelavanti.cz\/pl\/?s={search_term_string}\"},\"query-input\":{\"@type\":\"PropertyValueSpecification\",\"valueRequired\":true,\"valueName\":\"search_term_string\"}}],\"inLanguage\":\"pl-PL\"}]}<\/script>\n<!-- \/ Yoast SEO plugin. -->","yoast_head_json":{"title":"Apartament Prezydencki - Hotel Avanti Brno -","description":"Dwie sypialnie i dwie \u0142azienki - jedna z naro\u017cn\u0105 wann\u0105 bezpo\u015brednio w sypialni.  Room service i 1x 2 godziny prywatnego spa gratis. Codzienny dost\u0119p do prywatnego spa w godzinach 17.30 - 19 lub 19.30 - 21.","robots":{"index":"index","follow":"follow","max-snippet":"max-snippet:-1","max-image-preview":"max-image-preview:large","max-video-preview":"max-video-preview:-1"},"canonical":"https:\/\/www.hotelavanti.cz\/pl\/pokoje\/apartament-prezydencki\/","og_locale":"pl_PL","og_type":"article","og_title":"Apartament Prezydencki - Hotel Avanti Brno -","og_description":"Dwie sypialnie i dwie \u0142azienki - jedna z naro\u017cn\u0105 wann\u0105 bezpo\u015brednio w sypialni.  Room service i 1x 2 godziny prywatnego spa gratis. Codzienny dost\u0119p do prywatnego spa w godzinach 17.30 - 19 lub 19.30 - 21.","og_url":"https:\/\/www.hotelavanti.cz\/pl\/pokoje\/apartament-prezydencki\/","og_site_name":"Hotel Avanti Brno","article_modified_time":"2024-10-09T10:15:20+00:00","og_image":[{"width":1200,"height":800,"url":"https:\/\/www.hotelavanti.cz\/wp-content\/uploads\/sites\/329\/2021\/07\/Hotel_avanti_president_apartment_gallery01-1.jpg","type":"image\/jpeg"}],"twitter_card":"summary_large_image","twitter_misc":{"Szacowany czas czytania":"1 minuta"},"schema":{"@context":"https:\/\/schema.org","@graph":[{"@type":"WebPage","@id":"https:\/\/www.hotelavanti.cz\/pl\/pokoje\/apartament-prezydencki\/","url":"https:\/\/www.hotelavanti.cz\/pl\/pokoje\/apartament-prezydencki\/","name":"Apartament Prezydencki - Hotel Avanti Brno -","isPartOf":{"@id":"https:\/\/www.hotelavanti.cz\/pl\/#website"},"datePublished":"2021-07-21T10:26:02+00:00","dateModified":"2024-10-09T10:15:20+00:00","description":"Dwie sypialnie i dwie \u0142azienki - jedna z naro\u017cn\u0105 wann\u0105 bezpo\u015brednio w sypialni. Room service i 1x 2 godziny prywatnego spa gratis. Codzienny dost\u0119p do prywatnego spa w godzinach 17.30 - 19 lub 19.30 - 21.","breadcrumb":{"@id":"https:\/\/www.hotelavanti.cz\/pl\/pokoje\/apartament-prezydencki\/#breadcrumb"},"inLanguage":"pl-PL","potentialAction":[{"@type":"ReadAction","target":["https:\/\/www.hotelavanti.cz\/pl\/pokoje\/apartament-prezydencki\/"]}]},{"@type":"BreadcrumbList","@id":"https:\/\/www.hotelavanti.cz\/pl\/pokoje\/apartament-prezydencki\/#breadcrumb","itemListElement":[{"@type":"ListItem","position":1,"name":"Home","item":"https:\/\/www.hotelavanti.cz\/pl\/"},{"@type":"ListItem","position":2,"name":"Pokoje","item":"https:\/\/www.hotelavanti.cz\/pl\/pokoje\/"},{"@type":"ListItem","position":3,"name":"Apartament Prezydencki"}]},{"@type":"WebSite","@id":"https:\/\/www.hotelavanti.cz\/pl\/#website","url":"https:\/\/www.hotelavanti.cz\/pl\/","name":"Hotel Avanti Brno","description":"Just another ms.decms.eu site","potentialAction":[{"@type":"SearchAction","target":{"@type":"EntryPoint","urlTemplate":"https:\/\/www.hotelavanti.cz\/pl\/?s={search_term_string}"},"query-input":{"@type":"PropertyValueSpecification","valueRequired":true,"valueName":"search_term_string"}}],"inLanguage":"pl-PL"}]}},"acf":[],"_links":{"self":[{"href":"https:\/\/www.hotelavanti.cz\/pl\/wp-json\/wp\/v2\/pages\/472","targetHints":{"allow":["GET"]}}],"collection":[{"href":"https:\/\/www.hotelavanti.cz\/pl\/wp-json\/wp\/v2\/pages"}],"about":[{"href":"https:\/\/www.hotelavanti.cz\/pl\/wp-json\/wp\/v2\/types\/page"}],"author":[{"embeddable":true,"href":"https:\/\/www.hotelavanti.cz\/pl\/wp-json\/wp\/v2\/users\/36"}],"replies":[{"embeddable":true,"href":"https:\/\/www.hotelavanti.cz\/pl\/wp-json\/wp\/v2\/comments?post=472"}],"version-history":[{"count":0,"href":"https:\/\/www.hotelavanti.cz\/pl\/wp-json\/wp\/v2\/pages\/472\/revisions"}],"up":[{"embeddable":true,"href":"https:\/\/www.hotelavanti.cz\/pl\/wp-json\/wp\/v2\/pages\/51"}],"wp:attachment":[{"href":"https:\/\/www.hotelavanti.cz\/pl\/wp-json\/wp\/v2\/media?parent=472"}],"curies":[{"name":"wp","href":"https:\/\/api.w.org\/{rel}","templated":true}]}}