{"id":1480,"date":"2021-08-16T09:24:35","date_gmt":"2021-08-16T09:24:35","guid":{"rendered":"https:\/\/hotel-avanti.ms.decms.eu\/?page_id=1480"},"modified":"2024-02-15T11:27:19","modified_gmt":"2024-02-15T11:27:19","slug":"cennik-sal-konferencyjnych","status":"publish","type":"page","link":"https:\/\/www.hotelavanti.cz\/pl\/konferencyje\/cennik-sal-konferencyjnych\/","title":{"rendered":"Cennik sal konferencyjnych"},"content":{"rendered":"<div class=\"nice-scroll\">\n<table class=\"tabulka-formatovana\" border=\"0\" width=\"75%\" cellspacing=\"0\" cellpadding=\"0\">\n<tbody>\n<tr>\n<th align=\"left\"><\/th>\n<th align=\"right\">Ca\u0142y dzie\u0144<\/th>\n<th align=\"right\">Od 17:00, pierwsze 3 godziny<\/th>\n<th align=\"right\">Ka\u017cda kolejna godzina<\/th>\n<\/tr>\n<tr>\n<td>Sala kongresowa<\/td>\n<td align=\"right\">12.000,-<\/td>\n<td align=\"right\">6.000,-<\/td>\n<td align=\"right\">1.200,-<\/td>\n<\/tr>\n<tr>\n<td>Du\u017ca sala<\/td>\n<td align=\"right\">8.500,-<\/td>\n<td align=\"right\">5.000,-<\/td>\n<td align=\"right\">1.000,-<\/td>\n<\/tr>\n<tr>\n<td>Ma\u0142a sala<\/td>\n<td align=\"right\">7.000,-<\/td>\n<td align=\"right\">3.000,-<\/td>\n<td align=\"right\">800,-<\/td>\n<\/tr>\n<tr>\n<td>Salon<\/td>\n<td align=\"right\">3.500,-<\/td>\n<td align=\"right\">1.000,-<\/td>\n<td align=\"right\">500,-<\/td>\n<\/tr>\n<tr>\n<td>Meeting room 1<\/td>\n<td align=\"right\">8.000,-<\/td>\n<td align=\"right\">4.000,-<\/td>\n<td align=\"right\">1.000,-<\/td>\n<\/tr>\n<tr>\n<td>Meeting room 2<\/td>\n<td align=\"right\">6.500,-<\/td>\n<td align=\"right\">2.500,-<\/td>\n<td align=\"right\">700,-<\/td>\n<\/tr>\n<tr>\n<td>Meeting room 3<\/td>\n<td align=\"right\">7.000,-<\/td>\n<td align=\"right\">3.000,-<\/td>\n<td align=\"right\">800,-<\/td>\n<\/tr>\n<tr>\n<td>Meeting room 4<\/td>\n<td align=\"right\">3.500,-<\/td>\n<td align=\"right\">1.000,-<\/td>\n<td align=\"right\">500,-<\/td>\n<\/tr>\n<\/tbody>\n<\/table>\n<\/div>\n<p><strong>Op\u0142aty za anulowanie rezerwacji Sali kongresowej:<\/strong><\/p>\n<ul>\n<li>30 &#8211; 25 dni przed terminem rezerwacji 40 %<\/li>\n<li>24 &#8211; 10 dni przed terminem rezerwacji 50 %<\/li>\n<li>\u00a09 &#8211;\u00a0 5 dni przed terminem rezerwacji 80 %<\/li>\n<li>\u00a04 &#8211;\u00a0 0 dni przed terminem rezerwacji 100 %<\/li>\n<\/ul>\n<p>Ceny podane s\u0105 w CZK. W sprawie indywidualnej oferty prosimy o kontakt pod numerem telefonu: +420 541 510 111 lub vera.radova@hotelavanti.cz<\/p>\n","protected":false},"excerpt":{"rendered":"<p>Ca\u0142y dzie\u0144 Od 17:00, pierwsze 3 godziny Ka\u017cda kolejna godzina Sala kongresowa 12.000,- 6.000,- 1.200,- Du\u017ca sala 8.500,- 5.000,- 1.000,- Ma\u0142a sala 7.000,- 3.000,- 800,- Salon 3.500,- 1.000,- 500,- Meeting room 1 8.000,- 4.000,- 1.000,- Meeting room 2 6.500,- 2.500,- 700,- Meeting room 3 7.000,- 3.000,- 800,- Meeting room 4 3.500,- 1.000,- 500,- Op\u0142aty za [&hellip;]<\/p>\n","protected":false},"author":36,"featured_media":0,"parent":498,"menu_order":50,"comment_status":"closed","ping_status":"closed","template":"template-meeting.php","meta":{"footnotes":""},"class_list":["post-1480","page","type-page","status-publish","hentry"],"yoast_head":"<!-- This site is optimized with the Yoast SEO plugin v26.9 - https:\/\/yoast.com\/product\/yoast-seo-wordpress\/ -->\n<title>Cennik sal konferencyjnych - Hotel Avanti Brno -<\/title>\n<meta name=\"description\" content=\"Ca\u0142y dzie\u0144 Od 17:00, pierwsze 3 godziny Ka\u017cda kolejna godzina   Sala kongresowa 12.000,- 6.000,- 1.200,-   Du\u017ca sala 8.500,- 5.000,- 1.000,-   Ma\u0142a sala 7.000,- 3.000,- 800,-   Salon 3.500,- 1.000,- 500,-   Meeting room 1 8.000,- 4.000,- 1.000,-   Meeting room 2 6.500,- 2.500,- 700,-   Meeting room 3 7.000,- 3.000,- 800,-   Meeting room 4 3.500,- 1.000,- 500,-     Op\u0142aty za anulowanie rezerwacji Sali kongresowej:   30 - 25 dni przed terminem rezerwacji 40 %  24 - 10 dni przed terminem rezerwacji 50 %  \u00a09 -\u00a0 5 dni przed terminem rezerwacji 80 %  \u00a04 -\u00a0 0 dni przed terminem rezerwacji 100 %  Ceny podane s\u0105 w CZK. W sprawie indywidualnej oferty prosimy o kontakt pod numerem telefonu: +420 541 510 111 lub vera.radova@hotelavanti.cz\" \/>\n<meta name=\"robots\" content=\"index, follow, max-snippet:-1, max-image-preview:large, max-video-preview:-1\" \/>\n<link rel=\"canonical\" href=\"https:\/\/www.hotelavanti.cz\/pl\/konferencyje\/cennik-sal-konferencyjnych\/\" \/>\n<meta property=\"og:locale\" content=\"pl_PL\" \/>\n<meta property=\"og:type\" content=\"article\" \/>\n<meta property=\"og:title\" content=\"Cennik sal konferencyjnych - Hotel Avanti Brno -\" \/>\n<meta property=\"og:description\" content=\"Ca\u0142y dzie\u0144 Od 17:00, pierwsze 3 godziny Ka\u017cda kolejna godzina   Sala kongresowa 12.000,- 6.000,- 1.200,-   Du\u017ca sala 8.500,- 5.000,- 1.000,-   Ma\u0142a sala 7.000,- 3.000,- 800,-   Salon 3.500,- 1.000,- 500,-   Meeting room 1 8.000,- 4.000,- 1.000,-   Meeting room 2 6.500,- 2.500,- 700,-   Meeting room 3 7.000,- 3.000,- 800,-   Meeting room 4 3.500,- 1.000,- 500,-     Op\u0142aty za anulowanie rezerwacji Sali kongresowej:   30 - 25 dni przed terminem rezerwacji 40 %  24 - 10 dni przed terminem rezerwacji 50 %  \u00a09 -\u00a0 5 dni przed terminem rezerwacji 80 %  \u00a04 -\u00a0 0 dni przed terminem rezerwacji 100 %  Ceny podane s\u0105 w CZK. W sprawie indywidualnej oferty prosimy o kontakt pod numerem telefonu: +420 541 510 111 lub vera.radova@hotelavanti.cz\" \/>\n<meta property=\"og:url\" content=\"https:\/\/www.hotelavanti.cz\/pl\/konferencyje\/cennik-sal-konferencyjnych\/\" \/>\n<meta property=\"og:site_name\" content=\"Hotel Avanti Brno\" \/>\n<meta property=\"article:modified_time\" content=\"2024-02-15T11:27:19+00:00\" \/>\n<meta property=\"og:image\" content=\"https:\/\/www.hotelavanti.cz\/wp-content\/uploads\/sites\/329\/2021\/07\/Hotel_avanti_president_apartment_gallery01-1.jpg\" \/>\n\t<meta property=\"og:image:width\" content=\"1200\" \/>\n\t<meta property=\"og:image:height\" content=\"800\" \/>\n\t<meta property=\"og:image:type\" content=\"image\/jpeg\" \/>\n<meta name=\"twitter:card\" content=\"summary_large_image\" \/>\n<script type=\"application\/ld+json\" class=\"yoast-schema-graph\">{\"@context\":\"https:\/\/schema.org\",\"@graph\":[{\"@type\":\"WebPage\",\"@id\":\"https:\/\/www.hotelavanti.cz\/pl\/konferencyje\/cennik-sal-konferencyjnych\/\",\"url\":\"https:\/\/www.hotelavanti.cz\/pl\/konferencyje\/cennik-sal-konferencyjnych\/\",\"name\":\"Cennik sal konferencyjnych - Hotel Avanti Brno -\",\"isPartOf\":{\"@id\":\"https:\/\/www.hotelavanti.cz\/pl\/#website\"},\"datePublished\":\"2021-08-16T09:24:35+00:00\",\"dateModified\":\"2024-02-15T11:27:19+00:00\",\"description\":\"Ca\u0142y dzie\u0144 Od 17:00, pierwsze 3 godziny Ka\u017cda kolejna godzina Sala kongresowa 12.000,- 6.000,- 1.200,- Du\u017ca sala 8.500,- 5.000,- 1.000,- Ma\u0142a sala 7.000,- 3.000,- 800,- Salon 3.500,- 1.000,- 500,- Meeting room 1 8.000,- 4.000,- 1.000,- Meeting room 2 6.500,- 2.500,- 700,- Meeting room 3 7.000,- 3.000,- 800,- Meeting room 4 3.500,- 1.000,- 500,- Op\u0142aty za anulowanie rezerwacji Sali kongresowej: \u2022 30 - 25 dni przed terminem rezerwacji 40 % \u2022 24 - 10 dni przed terminem rezerwacji 50 % \u2022 \u00a09 -\u00a0 5 dni przed terminem rezerwacji 80 % \u2022 \u00a04 -\u00a0 0 dni przed terminem rezerwacji 100 % Ceny podane s\u0105 w CZK. W sprawie indywidualnej oferty prosimy o kontakt pod numerem telefonu: +420 541 510 111 lub vera.radova@hotelavanti.cz\",\"breadcrumb\":{\"@id\":\"https:\/\/www.hotelavanti.cz\/pl\/konferencyje\/cennik-sal-konferencyjnych\/#breadcrumb\"},\"inLanguage\":\"pl-PL\",\"potentialAction\":[{\"@type\":\"ReadAction\",\"target\":[\"https:\/\/www.hotelavanti.cz\/pl\/konferencyje\/cennik-sal-konferencyjnych\/\"]}]},{\"@type\":\"BreadcrumbList\",\"@id\":\"https:\/\/www.hotelavanti.cz\/pl\/konferencyje\/cennik-sal-konferencyjnych\/#breadcrumb\",\"itemListElement\":[{\"@type\":\"ListItem\",\"position\":1,\"name\":\"Home\",\"item\":\"https:\/\/www.hotelavanti.cz\/pl\/\"},{\"@type\":\"ListItem\",\"position\":2,\"name\":\"Konferencyje\",\"item\":\"https:\/\/www.hotelavanti.cz\/pl\/konferencyje\/\"},{\"@type\":\"ListItem\",\"position\":3,\"name\":\"Cennik sal konferencyjnych\"}]},{\"@type\":\"WebSite\",\"@id\":\"https:\/\/www.hotelavanti.cz\/pl\/#website\",\"url\":\"https:\/\/www.hotelavanti.cz\/pl\/\",\"name\":\"Hotel Avanti Brno\",\"description\":\"Just another ms.decms.eu site\",\"potentialAction\":[{\"@type\":\"SearchAction\",\"target\":{\"@type\":\"EntryPoint\",\"urlTemplate\":\"https:\/\/www.hotelavanti.cz\/pl\/?s={search_term_string}\"},\"query-input\":{\"@type\":\"PropertyValueSpecification\",\"valueRequired\":true,\"valueName\":\"search_term_string\"}}],\"inLanguage\":\"pl-PL\"}]}<\/script>\n<!-- \/ Yoast SEO plugin. -->","yoast_head_json":{"title":"Cennik sal konferencyjnych - Hotel Avanti Brno -","description":"Ca\u0142y dzie\u0144 Od 17:00, pierwsze 3 godziny Ka\u017cda kolejna godzina   Sala kongresowa 12.000,- 6.000,- 1.200,-   Du\u017ca sala 8.500,- 5.000,- 1.000,-   Ma\u0142a sala 7.000,- 3.000,- 800,-   Salon 3.500,- 1.000,- 500,-   Meeting room 1 8.000,- 4.000,- 1.000,-   Meeting room 2 6.500,- 2.500,- 700,-   Meeting room 3 7.000,- 3.000,- 800,-   Meeting room 4 3.500,- 1.000,- 500,-     Op\u0142aty za anulowanie rezerwacji Sali kongresowej:   30 - 25 dni przed terminem rezerwacji 40 %  24 - 10 dni przed terminem rezerwacji 50 %  \u00a09 -\u00a0 5 dni przed terminem rezerwacji 80 %  \u00a04 -\u00a0 0 dni przed terminem rezerwacji 100 %  Ceny podane s\u0105 w CZK. W sprawie indywidualnej oferty prosimy o kontakt pod numerem telefonu: +420 541 510 111 lub vera.radova@hotelavanti.cz","robots":{"index":"index","follow":"follow","max-snippet":"max-snippet:-1","max-image-preview":"max-image-preview:large","max-video-preview":"max-video-preview:-1"},"canonical":"https:\/\/www.hotelavanti.cz\/pl\/konferencyje\/cennik-sal-konferencyjnych\/","og_locale":"pl_PL","og_type":"article","og_title":"Cennik sal konferencyjnych - Hotel Avanti Brno -","og_description":"Ca\u0142y dzie\u0144 Od 17:00, pierwsze 3 godziny Ka\u017cda kolejna godzina   Sala kongresowa 12.000,- 6.000,- 1.200,-   Du\u017ca sala 8.500,- 5.000,- 1.000,-   Ma\u0142a sala 7.000,- 3.000,- 800,-   Salon 3.500,- 1.000,- 500,-   Meeting room 1 8.000,- 4.000,- 1.000,-   Meeting room 2 6.500,- 2.500,- 700,-   Meeting room 3 7.000,- 3.000,- 800,-   Meeting room 4 3.500,- 1.000,- 500,-     Op\u0142aty za anulowanie rezerwacji Sali kongresowej:   30 - 25 dni przed terminem rezerwacji 40 %  24 - 10 dni przed terminem rezerwacji 50 %  \u00a09 -\u00a0 5 dni przed terminem rezerwacji 80 %  \u00a04 -\u00a0 0 dni przed terminem rezerwacji 100 %  Ceny podane s\u0105 w CZK. W sprawie indywidualnej oferty prosimy o kontakt pod numerem telefonu: +420 541 510 111 lub vera.radova@hotelavanti.cz","og_url":"https:\/\/www.hotelavanti.cz\/pl\/konferencyje\/cennik-sal-konferencyjnych\/","og_site_name":"Hotel Avanti Brno","article_modified_time":"2024-02-15T11:27:19+00:00","og_image":[{"width":1200,"height":800,"url":"https:\/\/www.hotelavanti.cz\/wp-content\/uploads\/sites\/329\/2021\/07\/Hotel_avanti_president_apartment_gallery01-1.jpg","type":"image\/jpeg"}],"twitter_card":"summary_large_image","schema":{"@context":"https:\/\/schema.org","@graph":[{"@type":"WebPage","@id":"https:\/\/www.hotelavanti.cz\/pl\/konferencyje\/cennik-sal-konferencyjnych\/","url":"https:\/\/www.hotelavanti.cz\/pl\/konferencyje\/cennik-sal-konferencyjnych\/","name":"Cennik sal konferencyjnych - Hotel Avanti Brno -","isPartOf":{"@id":"https:\/\/www.hotelavanti.cz\/pl\/#website"},"datePublished":"2021-08-16T09:24:35+00:00","dateModified":"2024-02-15T11:27:19+00:00","description":"Ca\u0142y dzie\u0144 Od 17:00, pierwsze 3 godziny Ka\u017cda kolejna godzina Sala kongresowa 12.000,- 6.000,- 1.200,- Du\u017ca sala 8.500,- 5.000,- 1.000,- Ma\u0142a sala 7.000,- 3.000,- 800,- Salon 3.500,- 1.000,- 500,- Meeting room 1 8.000,- 4.000,- 1.000,- Meeting room 2 6.500,- 2.500,- 700,- Meeting room 3 7.000,- 3.000,- 800,- Meeting room 4 3.500,- 1.000,- 500,- Op\u0142aty za anulowanie rezerwacji Sali kongresowej: \u2022 30 - 25 dni przed terminem rezerwacji 40 % \u2022 24 - 10 dni przed terminem rezerwacji 50 % \u2022 \u00a09 -\u00a0 5 dni przed terminem rezerwacji 80 % \u2022 \u00a04 -\u00a0 0 dni przed terminem rezerwacji 100 % Ceny podane s\u0105 w CZK. W sprawie indywidualnej oferty prosimy o kontakt pod numerem telefonu: +420 541 510 111 lub vera.radova@hotelavanti.cz","breadcrumb":{"@id":"https:\/\/www.hotelavanti.cz\/pl\/konferencyje\/cennik-sal-konferencyjnych\/#breadcrumb"},"inLanguage":"pl-PL","potentialAction":[{"@type":"ReadAction","target":["https:\/\/www.hotelavanti.cz\/pl\/konferencyje\/cennik-sal-konferencyjnych\/"]}]},{"@type":"BreadcrumbList","@id":"https:\/\/www.hotelavanti.cz\/pl\/konferencyje\/cennik-sal-konferencyjnych\/#breadcrumb","itemListElement":[{"@type":"ListItem","position":1,"name":"Home","item":"https:\/\/www.hotelavanti.cz\/pl\/"},{"@type":"ListItem","position":2,"name":"Konferencyje","item":"https:\/\/www.hotelavanti.cz\/pl\/konferencyje\/"},{"@type":"ListItem","position":3,"name":"Cennik sal konferencyjnych"}]},{"@type":"WebSite","@id":"https:\/\/www.hotelavanti.cz\/pl\/#website","url":"https:\/\/www.hotelavanti.cz\/pl\/","name":"Hotel Avanti Brno","description":"Just another ms.decms.eu site","potentialAction":[{"@type":"SearchAction","target":{"@type":"EntryPoint","urlTemplate":"https:\/\/www.hotelavanti.cz\/pl\/?s={search_term_string}"},"query-input":{"@type":"PropertyValueSpecification","valueRequired":true,"valueName":"search_term_string"}}],"inLanguage":"pl-PL"}]}},"acf":[],"_links":{"self":[{"href":"https:\/\/www.hotelavanti.cz\/pl\/wp-json\/wp\/v2\/pages\/1480","targetHints":{"allow":["GET"]}}],"collection":[{"href":"https:\/\/www.hotelavanti.cz\/pl\/wp-json\/wp\/v2\/pages"}],"about":[{"href":"https:\/\/www.hotelavanti.cz\/pl\/wp-json\/wp\/v2\/types\/page"}],"author":[{"embeddable":true,"href":"https:\/\/www.hotelavanti.cz\/pl\/wp-json\/wp\/v2\/users\/36"}],"replies":[{"embeddable":true,"href":"https:\/\/www.hotelavanti.cz\/pl\/wp-json\/wp\/v2\/comments?post=1480"}],"version-history":[{"count":0,"href":"https:\/\/www.hotelavanti.cz\/pl\/wp-json\/wp\/v2\/pages\/1480\/revisions"}],"up":[{"embeddable":true,"href":"https:\/\/www.hotelavanti.cz\/pl\/wp-json\/wp\/v2\/pages\/498"}],"wp:attachment":[{"href":"https:\/\/www.hotelavanti.cz\/pl\/wp-json\/wp\/v2\/media?parent=1480"}],"curies":[{"name":"wp","href":"https:\/\/api.w.org\/{rel}","templated":true}]}}