{"id":1068,"date":"2021-07-30T12:16:27","date_gmt":"2021-07-30T12:16:27","guid":{"rendered":"https:\/\/hotel-avanti.ms.decms.eu\/?page_id=1068"},"modified":"2023-04-27T10:11:48","modified_gmt":"2023-04-27T10:11:48","slug":"things-to-do-in-kralovo-pole","status":"publish","type":"page","link":"https:\/\/www.hotelavanti.cz\/en\/things-to-do-in-kralovo-pole\/","title":{"rendered":"Cultural and sports events in Brno"},"content":{"rendered":"<p>Hotel AVANTI is located in Kr\u00e1lovo Pole \u2013 a part of Brno with a variety of leisure options.<br \/>\nFor inspiration, below is a list of cultural and sports events which you can see in Kr\u00e1lovo Pole and its surroundings:<\/p>\n<ul>\n<li><a href=\"http:\/\/www.semilasso.cz\/\">Semilasso Theatre<\/a><\/li>\n<li><a href=\"http:\/\/www.technicalmuseum.cz\/\">Technical Museum<\/a><\/li>\n<li><a href=\"http:\/\/www.barka.unas.cz\/\">Barrier-free Theatre Barka<\/a><\/li>\n<li><a href=\"http:\/\/www.luzanky.cz\/\">Leisure Time Centre Lu\u017e\u00e1nky<\/a><\/li>\n<li><a href=\"http:\/\/www.dobrak.cz\/\">Dobrovsk\u00e9ho Swimming Pool<\/a><\/li>\n<li><a href=\"http:\/\/www.gca.cz\/\">Golf GCA<\/a><\/li>\n<li><a href=\"http:\/\/www.golfbrno.cz\/\">Golf Brno<\/a><\/li>\n<li><a href=\"http:\/\/www.mdb.cz\/\">Brno City Theatre<\/a><\/li>\n<li><a href=\"https:\/\/www.sportcentrumluzanky.cz\/\">Hockey hall for children and youth<\/a><\/li>\n<li><a href=\"https:\/\/www.tugendhat.eu\/\">Vila Tugendhat<\/a><\/li>\n<li><a href=\"https:\/\/www.ticbrno.cz\/\">TIC Brno<\/a><\/li>\n<li><a href=\"https:\/\/www.gotobrno.cz\/brnopas\/\">Brnopas<\/a><\/li>\n<\/ul>\n","protected":false},"excerpt":{"rendered":"<p>Hotel AVANTI is located in Kr\u00e1lovo Pole \u2013 a part of Brno with a variety of leisure options. For inspiration, below is a list of cultural and sports events which you can see in Kr\u00e1lovo Pole and its surroundings: Semilasso Theatre Technical Museum Barrier-free Theatre Barka Leisure Time Centre Lu\u017e\u00e1nky Dobrovsk\u00e9ho Swimming Pool Golf GCA [&hellip;]<\/p>\n","protected":false},"author":36,"featured_media":0,"parent":0,"menu_order":999,"comment_status":"closed","ping_status":"closed","template":"","meta":{"footnotes":""},"class_list":["post-1068","page","type-page","status-publish","hentry"],"yoast_head":"<!-- This site is optimized with the Yoast SEO plugin v26.9 - https:\/\/yoast.com\/product\/yoast-seo-wordpress\/ -->\n<title>Cultural and sports events in Brno - Hotel Avanti Brno -<\/title>\n<meta name=\"description\" content=\"Hotel AVANTI is located in Kr\u00e1lovo Pole \u2013 a part of Brno with a variety of leisure options. For inspiration, below is a list of cultural and sports events which you can see in Kr\u00e1lovo Pole and its surroundings:   Semilasso Theatre  Technical Museum  Barrier-free Theatre Barka  Leisure Time Centre Lu\u017e\u00e1nky  Dobrovsk\u00e9ho Swimming Pool  Golf GCA  Golf Brno  Brno City Theatre  Hockey hall for children and youth  Vila Tugendhat  TIC Brno  Brnopas .\" \/>\n<meta name=\"robots\" content=\"index, follow, max-snippet:-1, max-image-preview:large, max-video-preview:-1\" \/>\n<link rel=\"canonical\" href=\"https:\/\/www.hotelavanti.cz\/en\/things-to-do-in-kralovo-pole\/\" \/>\n<meta property=\"og:locale\" content=\"en_US\" \/>\n<meta property=\"og:type\" content=\"article\" \/>\n<meta property=\"og:title\" content=\"Cultural and sports events in Brno - Hotel Avanti Brno -\" \/>\n<meta property=\"og:description\" content=\"Hotel AVANTI is located in Kr\u00e1lovo Pole \u2013 a part of Brno with a variety of leisure options. For inspiration, below is a list of cultural and sports events which you can see in Kr\u00e1lovo Pole and its surroundings:   Semilasso Theatre  Technical Museum  Barrier-free Theatre Barka  Leisure Time Centre Lu\u017e\u00e1nky  Dobrovsk\u00e9ho Swimming Pool  Golf GCA  Golf Brno  Brno City Theatre  Hockey hall for children and youth  Vila Tugendhat  TIC Brno  Brnopas .\" \/>\n<meta property=\"og:url\" content=\"https:\/\/www.hotelavanti.cz\/en\/things-to-do-in-kralovo-pole\/\" \/>\n<meta property=\"og:site_name\" content=\"Hotel Avanti Brno\" \/>\n<meta property=\"article:modified_time\" content=\"2023-04-27T10:11:48+00:00\" \/>\n<meta property=\"og:image\" content=\"https:\/\/www.hotelavanti.cz\/wp-content\/uploads\/sites\/329\/2021\/07\/Hotel_avanti_president_apartment_gallery01-1.jpg\" \/>\n\t<meta property=\"og:image:width\" content=\"1200\" \/>\n\t<meta property=\"og:image:height\" content=\"800\" \/>\n\t<meta property=\"og:image:type\" content=\"image\/jpeg\" \/>\n<meta name=\"twitter:card\" content=\"summary_large_image\" \/>\n<meta name=\"twitter:label1\" content=\"Est. reading time\" \/>\n\t<meta name=\"twitter:data1\" content=\"1 minute\" \/>\n<script type=\"application\/ld+json\" class=\"yoast-schema-graph\">{\"@context\":\"https:\/\/schema.org\",\"@graph\":[{\"@type\":\"WebPage\",\"@id\":\"https:\/\/www.hotelavanti.cz\/en\/things-to-do-in-kralovo-pole\/\",\"url\":\"https:\/\/www.hotelavanti.cz\/en\/things-to-do-in-kralovo-pole\/\",\"name\":\"Cultural and sports events in Brno - Hotel Avanti Brno -\",\"isPartOf\":{\"@id\":\"https:\/\/www.hotelavanti.cz\/en\/#website\"},\"datePublished\":\"2021-07-30T12:16:27+00:00\",\"dateModified\":\"2023-04-27T10:11:48+00:00\",\"description\":\"Hotel AVANTI is located in Kr\u00e1lovo Pole \u2013 a part of Brno with a variety of leisure options. For inspiration, below is a list of cultural and sports events which you can see in Kr\u00e1lovo Pole and its surroundings: \u2022 Semilasso Theatre \u2022 Technical Museum \u2022 Barrier-free Theatre Barka \u2022 Leisure Time Centre Lu\u017e\u00e1nky \u2022 Dobrovsk\u00e9ho Swimming Pool \u2022 Golf GCA \u2022 Golf Brno \u2022 Brno City Theatre \u2022 Hockey hall for children and youth \u2022 Vila Tugendhat \u2022 TIC Brno \u2022 Brnopas .\",\"breadcrumb\":{\"@id\":\"https:\/\/www.hotelavanti.cz\/en\/things-to-do-in-kralovo-pole\/#breadcrumb\"},\"inLanguage\":\"en-US\",\"potentialAction\":[{\"@type\":\"ReadAction\",\"target\":[\"https:\/\/www.hotelavanti.cz\/en\/things-to-do-in-kralovo-pole\/\"]}]},{\"@type\":\"BreadcrumbList\",\"@id\":\"https:\/\/www.hotelavanti.cz\/en\/things-to-do-in-kralovo-pole\/#breadcrumb\",\"itemListElement\":[{\"@type\":\"ListItem\",\"position\":1,\"name\":\"Home\",\"item\":\"https:\/\/www.hotelavanti.cz\/en\/\"},{\"@type\":\"ListItem\",\"position\":2,\"name\":\"Cultural and sports events in Brno\"}]},{\"@type\":\"WebSite\",\"@id\":\"https:\/\/www.hotelavanti.cz\/en\/#website\",\"url\":\"https:\/\/www.hotelavanti.cz\/en\/\",\"name\":\"Hotel Avanti Brno\",\"description\":\"Just another ms.decms.eu site\",\"potentialAction\":[{\"@type\":\"SearchAction\",\"target\":{\"@type\":\"EntryPoint\",\"urlTemplate\":\"https:\/\/www.hotelavanti.cz\/en\/?s={search_term_string}\"},\"query-input\":{\"@type\":\"PropertyValueSpecification\",\"valueRequired\":true,\"valueName\":\"search_term_string\"}}],\"inLanguage\":\"en-US\"}]}<\/script>\n<!-- \/ Yoast SEO plugin. -->","yoast_head_json":{"title":"Cultural and sports events in Brno - Hotel Avanti Brno -","description":"Hotel AVANTI is located in Kr\u00e1lovo Pole \u2013 a part of Brno with a variety of leisure options. For inspiration, below is a list of cultural and sports events which you can see in Kr\u00e1lovo Pole and its surroundings:   Semilasso Theatre  Technical Museum  Barrier-free Theatre Barka  Leisure Time Centre Lu\u017e\u00e1nky  Dobrovsk\u00e9ho Swimming Pool  Golf GCA  Golf Brno  Brno City Theatre  Hockey hall for children and youth  Vila Tugendhat  TIC Brno  Brnopas .","robots":{"index":"index","follow":"follow","max-snippet":"max-snippet:-1","max-image-preview":"max-image-preview:large","max-video-preview":"max-video-preview:-1"},"canonical":"https:\/\/www.hotelavanti.cz\/en\/things-to-do-in-kralovo-pole\/","og_locale":"en_US","og_type":"article","og_title":"Cultural and sports events in Brno - Hotel Avanti Brno -","og_description":"Hotel AVANTI is located in Kr\u00e1lovo Pole \u2013 a part of Brno with a variety of leisure options. For inspiration, below is a list of cultural and sports events which you can see in Kr\u00e1lovo Pole and its surroundings:   Semilasso Theatre  Technical Museum  Barrier-free Theatre Barka  Leisure Time Centre Lu\u017e\u00e1nky  Dobrovsk\u00e9ho Swimming Pool  Golf GCA  Golf Brno  Brno City Theatre  Hockey hall for children and youth  Vila Tugendhat  TIC Brno  Brnopas .","og_url":"https:\/\/www.hotelavanti.cz\/en\/things-to-do-in-kralovo-pole\/","og_site_name":"Hotel Avanti Brno","article_modified_time":"2023-04-27T10:11:48+00:00","og_image":[{"width":1200,"height":800,"url":"https:\/\/www.hotelavanti.cz\/wp-content\/uploads\/sites\/329\/2021\/07\/Hotel_avanti_president_apartment_gallery01-1.jpg","type":"image\/jpeg"}],"twitter_card":"summary_large_image","twitter_misc":{"Est. reading time":"1 minute"},"schema":{"@context":"https:\/\/schema.org","@graph":[{"@type":"WebPage","@id":"https:\/\/www.hotelavanti.cz\/en\/things-to-do-in-kralovo-pole\/","url":"https:\/\/www.hotelavanti.cz\/en\/things-to-do-in-kralovo-pole\/","name":"Cultural and sports events in Brno - Hotel Avanti Brno -","isPartOf":{"@id":"https:\/\/www.hotelavanti.cz\/en\/#website"},"datePublished":"2021-07-30T12:16:27+00:00","dateModified":"2023-04-27T10:11:48+00:00","description":"Hotel AVANTI is located in Kr\u00e1lovo Pole \u2013 a part of Brno with a variety of leisure options. For inspiration, below is a list of cultural and sports events which you can see in Kr\u00e1lovo Pole and its surroundings: \u2022 Semilasso Theatre \u2022 Technical Museum \u2022 Barrier-free Theatre Barka \u2022 Leisure Time Centre Lu\u017e\u00e1nky \u2022 Dobrovsk\u00e9ho Swimming Pool \u2022 Golf GCA \u2022 Golf Brno \u2022 Brno City Theatre \u2022 Hockey hall for children and youth \u2022 Vila Tugendhat \u2022 TIC Brno \u2022 Brnopas .","breadcrumb":{"@id":"https:\/\/www.hotelavanti.cz\/en\/things-to-do-in-kralovo-pole\/#breadcrumb"},"inLanguage":"en-US","potentialAction":[{"@type":"ReadAction","target":["https:\/\/www.hotelavanti.cz\/en\/things-to-do-in-kralovo-pole\/"]}]},{"@type":"BreadcrumbList","@id":"https:\/\/www.hotelavanti.cz\/en\/things-to-do-in-kralovo-pole\/#breadcrumb","itemListElement":[{"@type":"ListItem","position":1,"name":"Home","item":"https:\/\/www.hotelavanti.cz\/en\/"},{"@type":"ListItem","position":2,"name":"Cultural and sports events in Brno"}]},{"@type":"WebSite","@id":"https:\/\/www.hotelavanti.cz\/en\/#website","url":"https:\/\/www.hotelavanti.cz\/en\/","name":"Hotel Avanti Brno","description":"Just another ms.decms.eu site","potentialAction":[{"@type":"SearchAction","target":{"@type":"EntryPoint","urlTemplate":"https:\/\/www.hotelavanti.cz\/en\/?s={search_term_string}"},"query-input":{"@type":"PropertyValueSpecification","valueRequired":true,"valueName":"search_term_string"}}],"inLanguage":"en-US"}]}},"acf":[],"_links":{"self":[{"href":"https:\/\/www.hotelavanti.cz\/en\/wp-json\/wp\/v2\/pages\/1068","targetHints":{"allow":["GET"]}}],"collection":[{"href":"https:\/\/www.hotelavanti.cz\/en\/wp-json\/wp\/v2\/pages"}],"about":[{"href":"https:\/\/www.hotelavanti.cz\/en\/wp-json\/wp\/v2\/types\/page"}],"author":[{"embeddable":true,"href":"https:\/\/www.hotelavanti.cz\/en\/wp-json\/wp\/v2\/users\/36"}],"replies":[{"embeddable":true,"href":"https:\/\/www.hotelavanti.cz\/en\/wp-json\/wp\/v2\/comments?post=1068"}],"version-history":[{"count":0,"href":"https:\/\/www.hotelavanti.cz\/en\/wp-json\/wp\/v2\/pages\/1068\/revisions"}],"wp:attachment":[{"href":"https:\/\/www.hotelavanti.cz\/en\/wp-json\/wp\/v2\/media?parent=1068"}],"curies":[{"name":"wp","href":"https:\/\/api.w.org\/{rel}","templated":true}]}}