{"id":803,"date":"2021-07-29T13:12:29","date_gmt":"2021-07-29T13:12:29","guid":{"rendered":"https:\/\/hotel-avanti.ms.decms.eu\/?page_id=803"},"modified":"2021-07-29T13:15:23","modified_gmt":"2021-07-29T13:15:23","slug":"standort","status":"publish","type":"page","link":"https:\/\/www.hotelavanti.cz\/de\/standort\/","title":{"rendered":"Standort"},"content":{"rendered":"<p><strong>Bei Online Reservierung garantieren wir Ihnen den niedrigsten verf\u00fcgbaren Preis.<\/strong><\/p>\n<p>Sollten Sie im Internet einen niedrigeren Preis f\u00fcr Unterkunft im Hotel AVANTI finden, dann begleichen wir nicht nur die Preisdifferenz, sondern geben Ihnen noch 5 % Rabatt auf den Unterkunftspreis.<\/p>\n<p>Ausschlaggebend ist, dass die Reservierung im gleichen Termin, f\u00fcr die gleiche Personenzahl, zu gleichen Zahlungsbedingungen gemacht wird. Es muss sich also um die gleiche Reservierung handeln. \u00a0Kontaktieren Sie die Hotelrezpetion\u00a0<strong>innerhalb von 24 Stunden\u00a0<\/strong>ab der Feststellung dieser Tatsache unter der E-Mail\u00a0<a href=\"mailto:hotel@hotelavanti.cz\">hotel@hotelavanti.cz<\/a>, ggf. telefonisch unter: 541 510 111.<\/p>\n<p>as Hotel Avanti liegt nicht weit vom Zentrum von Brno, in der N\u00e4he des Lu\u017e\u00e1neck\u00fd-Parks, in der Stra\u00dfe St\u0159edn\u00ed 61, Brno.<br \/>\nGPS-Standort: 49\u00b012\u201946.17\u2033N, 16\u00b036\u201916.64\u2033E<\/p>\n<h2>VON PRAG<\/h2>\n<p>Fahren Sie von der Autobahn D1 \u00fcber die Abfahrt 190 Brno-z\u00e1pad, Richtung Svitavy. Nach dem Abbiegen von der Autobahn durchfahren Sie den ersten Tunnel (Pis\u00e1reck\u00fd), von dem Sie weiter auf der Hauptstra\u00dfe weiter fahren. Erst wenn Sie den zweiten Tunnel (Kr\u00e1lovopolsk\u00fd) durchfahren, biegen Sie nach rechts in Richtung Zentrum ab. Auf der anderen Seite der Kreuzung biegen Sie nach rechts ab und Sie sind beim Hotel.<\/p>\n<p>Von der Autobahn kommen Sie in ca. 10 Minuten zum Hotel.<\/p>\n<h2>VON OLOMOUC UND BRATISLAVA<\/h2>\n<p>Fahren Sie von der Autobahn D1 erst \u00fcber die Abfahrt 190 Brno-z\u00e1pad, Richtung Svitavy ab. Nach dem Abbiegen von der Autobahn durchfahren Sie den ersten Tunnel (Pis\u00e1reck\u00fd), von dem Sie weiter auf der Hauptstra\u00dfe weiter fahren. Erst wenn Sie den zweiten Tunnel (Kr\u00e1lovopolsk\u00fd) durchfahren, biegen Sie nach rechts in Richtung Zentrum ab. Auf der anderen Seite der Kreuzung biegen Sie nach rechts ab und Sie sind beim Hotel.<\/p>\n<p>Von der Autobahn kommen Sie in ca. 10 Minuten zum Hotel.<\/p>\n<h2>VON ZENTRUM BR\u00dcNN<\/h2>\n<p>Folgen Sie der Richtung Svitavy. Fahren Sie am Park Lu\u017e\u00e1nky entlang und fahren Sie gerade \u00fcber die Kreuzung. An der n\u00e4chsten Ampelkreuzung (bei der Hockeyhalle) biegen Sie links ab. Und Sie sind beim Hotel.<\/p>\n<h2>VOM HAUPTBAHNHOF (\u00d6NV)<\/h2>\n<p>Mit der Stra\u00dfenbahn Nr. 1 Richtung \u0158e\u010dkovice zur Haltestelle Hrn\u010d\u00ed\u0159sk\u00e1. Gehen Sie in Fahrtrichtung und an der Kreuzung (die gleich bei der Haltestelle ist) biegen Sie nach rechts ab. Gehen Sie durch die Stra\u00dfe Rybn\u00ed\u010dek. An der zweiten Kreuzung gehen Sie nach links und Sie kommen zum Hotel.<\/p>\n","protected":false},"excerpt":{"rendered":"<p>Bei Online Reservierung garantieren wir Ihnen den niedrigsten verf\u00fcgbaren Preis. Sollten Sie im Internet einen niedrigeren Preis f\u00fcr Unterkunft im Hotel AVANTI finden, dann begleichen wir nicht nur die Preisdifferenz, sondern geben Ihnen noch 5 % Rabatt auf den Unterkunftspreis. Ausschlaggebend ist, dass die Reservierung im gleichen Termin, f\u00fcr die gleiche Personenzahl, zu gleichen Zahlungsbedingungen [&hellip;]<\/p>\n","protected":false},"author":36,"featured_media":0,"parent":0,"menu_order":80,"comment_status":"closed","ping_status":"closed","template":"template-location.php","meta":{"footnotes":""},"class_list":["post-803","page","type-page","status-publish","hentry"],"yoast_head":"<!-- This site is optimized with the Yoast SEO plugin v26.9 - https:\/\/yoast.com\/product\/yoast-seo-wordpress\/ -->\n<title>Standort - Hotel Avanti Brno -<\/title>\n<meta name=\"description\" content=\"Bei Online Reservierung garantieren wir Ihnen den niedrigsten verf\u00fcgbaren Preis.  Sollten Sie im Internet einen niedrigeren Preis f\u00fcr Unterkunft im Hotel AVANTI finden, dann begleichen wir nicht nur die Preisdifferenz, sondern geben Ihnen noch 5 % Rabatt auf den Unterkunftspreis.  Ausschlaggebend ist, dass die Reservierung im gleichen Termin, f\u00fcr die gleiche Personenzahl, zu gleichen Zahlungsbedingungen gemacht wird. Es muss sich also um die gleiche Reservierung handeln\" \/>\n<meta name=\"robots\" content=\"index, follow, max-snippet:-1, max-image-preview:large, max-video-preview:-1\" \/>\n<link rel=\"canonical\" href=\"https:\/\/www.hotelavanti.cz\/de\/standort\/\" \/>\n<meta property=\"og:locale\" content=\"de_DE\" \/>\n<meta property=\"og:type\" content=\"article\" \/>\n<meta property=\"og:title\" content=\"Standort - Hotel Avanti Brno -\" \/>\n<meta property=\"og:description\" content=\"Bei Online Reservierung garantieren wir Ihnen den niedrigsten verf\u00fcgbaren Preis.  Sollten Sie im Internet einen niedrigeren Preis f\u00fcr Unterkunft im Hotel AVANTI finden, dann begleichen wir nicht nur die Preisdifferenz, sondern geben Ihnen noch 5 % Rabatt auf den Unterkunftspreis.  Ausschlaggebend ist, dass die Reservierung im gleichen Termin, f\u00fcr die gleiche Personenzahl, zu gleichen Zahlungsbedingungen gemacht wird. Es muss sich also um die gleiche Reservierung handeln\" \/>\n<meta property=\"og:url\" content=\"https:\/\/www.hotelavanti.cz\/de\/standort\/\" \/>\n<meta property=\"og:site_name\" content=\"Hotel Avanti Brno\" \/>\n<meta property=\"article:modified_time\" content=\"2021-07-29T13:15:23+00:00\" \/>\n<meta property=\"og:image\" content=\"https:\/\/www.hotelavanti.cz\/wp-content\/uploads\/sites\/329\/2021\/07\/Hotel_avanti_president_apartment_gallery01-1.jpg\" \/>\n\t<meta property=\"og:image:width\" content=\"1200\" \/>\n\t<meta property=\"og:image:height\" content=\"800\" \/>\n\t<meta property=\"og:image:type\" content=\"image\/jpeg\" \/>\n<meta name=\"twitter:card\" content=\"summary_large_image\" \/>\n<meta name=\"twitter:label1\" content=\"Gesch\u00e4tzte Lesezeit\" \/>\n\t<meta name=\"twitter:data1\" content=\"2 Minuten\" \/>\n<script type=\"application\/ld+json\" class=\"yoast-schema-graph\">{\"@context\":\"https:\/\/schema.org\",\"@graph\":[{\"@type\":\"WebPage\",\"@id\":\"https:\/\/www.hotelavanti.cz\/de\/standort\/\",\"url\":\"https:\/\/www.hotelavanti.cz\/de\/standort\/\",\"name\":\"Standort - Hotel Avanti Brno -\",\"isPartOf\":{\"@id\":\"https:\/\/www.hotelavanti.cz\/de\/#website\"},\"datePublished\":\"2021-07-29T13:12:29+00:00\",\"dateModified\":\"2021-07-29T13:15:23+00:00\",\"description\":\"Bei Online Reservierung garantieren wir Ihnen den niedrigsten verf\u00fcgbaren Preis. Sollten Sie im Internet einen niedrigeren Preis f\u00fcr Unterkunft im Hotel AVANTI finden, dann begleichen wir nicht nur die Preisdifferenz, sondern geben Ihnen noch 5 % Rabatt auf den Unterkunftspreis. Ausschlaggebend ist, dass die Reservierung im gleichen Termin, f\u00fcr die gleiche Personenzahl, zu gleichen Zahlungsbedingungen gemacht wird. Es muss sich also um die gleiche Reservierung handeln\",\"breadcrumb\":{\"@id\":\"https:\/\/www.hotelavanti.cz\/de\/standort\/#breadcrumb\"},\"inLanguage\":\"de-DE\",\"potentialAction\":[{\"@type\":\"ReadAction\",\"target\":[\"https:\/\/www.hotelavanti.cz\/de\/standort\/\"]}]},{\"@type\":\"BreadcrumbList\",\"@id\":\"https:\/\/www.hotelavanti.cz\/de\/standort\/#breadcrumb\",\"itemListElement\":[{\"@type\":\"ListItem\",\"position\":1,\"name\":\"Home\",\"item\":\"https:\/\/www.hotelavanti.cz\/de\/\"},{\"@type\":\"ListItem\",\"position\":2,\"name\":\"Standort\"}]},{\"@type\":\"WebSite\",\"@id\":\"https:\/\/www.hotelavanti.cz\/de\/#website\",\"url\":\"https:\/\/www.hotelavanti.cz\/de\/\",\"name\":\"Hotel Avanti Brno\",\"description\":\"Just another ms.decms.eu site\",\"potentialAction\":[{\"@type\":\"SearchAction\",\"target\":{\"@type\":\"EntryPoint\",\"urlTemplate\":\"https:\/\/www.hotelavanti.cz\/de\/?s={search_term_string}\"},\"query-input\":{\"@type\":\"PropertyValueSpecification\",\"valueRequired\":true,\"valueName\":\"search_term_string\"}}],\"inLanguage\":\"de-DE\"}]}<\/script>\n<!-- \/ Yoast SEO plugin. -->","yoast_head_json":{"title":"Standort - Hotel Avanti Brno -","description":"Bei Online Reservierung garantieren wir Ihnen den niedrigsten verf\u00fcgbaren Preis.  Sollten Sie im Internet einen niedrigeren Preis f\u00fcr Unterkunft im Hotel AVANTI finden, dann begleichen wir nicht nur die Preisdifferenz, sondern geben Ihnen noch 5 % Rabatt auf den Unterkunftspreis.  Ausschlaggebend ist, dass die Reservierung im gleichen Termin, f\u00fcr die gleiche Personenzahl, zu gleichen Zahlungsbedingungen gemacht wird. Es muss sich also um die gleiche Reservierung handeln","robots":{"index":"index","follow":"follow","max-snippet":"max-snippet:-1","max-image-preview":"max-image-preview:large","max-video-preview":"max-video-preview:-1"},"canonical":"https:\/\/www.hotelavanti.cz\/de\/standort\/","og_locale":"de_DE","og_type":"article","og_title":"Standort - Hotel Avanti Brno -","og_description":"Bei Online Reservierung garantieren wir Ihnen den niedrigsten verf\u00fcgbaren Preis.  Sollten Sie im Internet einen niedrigeren Preis f\u00fcr Unterkunft im Hotel AVANTI finden, dann begleichen wir nicht nur die Preisdifferenz, sondern geben Ihnen noch 5 % Rabatt auf den Unterkunftspreis.  Ausschlaggebend ist, dass die Reservierung im gleichen Termin, f\u00fcr die gleiche Personenzahl, zu gleichen Zahlungsbedingungen gemacht wird. Es muss sich also um die gleiche Reservierung handeln","og_url":"https:\/\/www.hotelavanti.cz\/de\/standort\/","og_site_name":"Hotel Avanti Brno","article_modified_time":"2021-07-29T13:15:23+00:00","og_image":[{"width":1200,"height":800,"url":"https:\/\/www.hotelavanti.cz\/wp-content\/uploads\/sites\/329\/2021\/07\/Hotel_avanti_president_apartment_gallery01-1.jpg","type":"image\/jpeg"}],"twitter_card":"summary_large_image","twitter_misc":{"Gesch\u00e4tzte Lesezeit":"2 Minuten"},"schema":{"@context":"https:\/\/schema.org","@graph":[{"@type":"WebPage","@id":"https:\/\/www.hotelavanti.cz\/de\/standort\/","url":"https:\/\/www.hotelavanti.cz\/de\/standort\/","name":"Standort - Hotel Avanti Brno -","isPartOf":{"@id":"https:\/\/www.hotelavanti.cz\/de\/#website"},"datePublished":"2021-07-29T13:12:29+00:00","dateModified":"2021-07-29T13:15:23+00:00","description":"Bei Online Reservierung garantieren wir Ihnen den niedrigsten verf\u00fcgbaren Preis. Sollten Sie im Internet einen niedrigeren Preis f\u00fcr Unterkunft im Hotel AVANTI finden, dann begleichen wir nicht nur die Preisdifferenz, sondern geben Ihnen noch 5 % Rabatt auf den Unterkunftspreis. Ausschlaggebend ist, dass die Reservierung im gleichen Termin, f\u00fcr die gleiche Personenzahl, zu gleichen Zahlungsbedingungen gemacht wird. Es muss sich also um die gleiche Reservierung handeln","breadcrumb":{"@id":"https:\/\/www.hotelavanti.cz\/de\/standort\/#breadcrumb"},"inLanguage":"de-DE","potentialAction":[{"@type":"ReadAction","target":["https:\/\/www.hotelavanti.cz\/de\/standort\/"]}]},{"@type":"BreadcrumbList","@id":"https:\/\/www.hotelavanti.cz\/de\/standort\/#breadcrumb","itemListElement":[{"@type":"ListItem","position":1,"name":"Home","item":"https:\/\/www.hotelavanti.cz\/de\/"},{"@type":"ListItem","position":2,"name":"Standort"}]},{"@type":"WebSite","@id":"https:\/\/www.hotelavanti.cz\/de\/#website","url":"https:\/\/www.hotelavanti.cz\/de\/","name":"Hotel Avanti Brno","description":"Just another ms.decms.eu site","potentialAction":[{"@type":"SearchAction","target":{"@type":"EntryPoint","urlTemplate":"https:\/\/www.hotelavanti.cz\/de\/?s={search_term_string}"},"query-input":{"@type":"PropertyValueSpecification","valueRequired":true,"valueName":"search_term_string"}}],"inLanguage":"de-DE"}]}},"acf":[],"_links":{"self":[{"href":"https:\/\/www.hotelavanti.cz\/de\/wp-json\/wp\/v2\/pages\/803","targetHints":{"allow":["GET"]}}],"collection":[{"href":"https:\/\/www.hotelavanti.cz\/de\/wp-json\/wp\/v2\/pages"}],"about":[{"href":"https:\/\/www.hotelavanti.cz\/de\/wp-json\/wp\/v2\/types\/page"}],"author":[{"embeddable":true,"href":"https:\/\/www.hotelavanti.cz\/de\/wp-json\/wp\/v2\/users\/36"}],"replies":[{"embeddable":true,"href":"https:\/\/www.hotelavanti.cz\/de\/wp-json\/wp\/v2\/comments?post=803"}],"version-history":[{"count":0,"href":"https:\/\/www.hotelavanti.cz\/de\/wp-json\/wp\/v2\/pages\/803\/revisions"}],"wp:attachment":[{"href":"https:\/\/www.hotelavanti.cz\/de\/wp-json\/wp\/v2\/media?parent=803"}],"curies":[{"name":"wp","href":"https:\/\/api.w.org\/{rel}","templated":true}]}}