{"id":736,"date":"2021-07-27T14:07:12","date_gmt":"2021-07-27T14:07:12","guid":{"rendered":"https:\/\/hotel-avanti.ms.decms.eu\/?page_id=736"},"modified":"2025-09-16T12:52:07","modified_gmt":"2025-09-16T12:52:07","slug":"restaurant","status":"publish","type":"page","link":"https:\/\/www.hotelavanti.cz\/de\/restaurant\/","title":{"rendered":"Restaurant"},"content":{"rendered":"<p>Niemand m\u00f6chte zum Sightseeing mit leerem Magen aufbrechen. Im Hotel AVANTI gehen wir einen Schritt weiter. Wir bieten Ihnen nicht nur hochwertiges, <strong>schmackhaftes Fr\u00fchst\u00fcck\u00a0<\/strong>im Hotelrestaurant, sondern lassen\u00a0<strong>Chefkoch Pavel Tauber<\/strong>\u00a0alle Freiheiten, damit er f\u00fcr Sie das beste Men\u00fc zusammenstellt. Regelm\u00e4\u00dfig \u00fcberrascht er Sie beispielsweise mit\u00a0<strong>Themenwochen<\/strong>\u00a0laut der aktuellen Saison!<\/p>\n<p>In den beiden Hotelrestaurants Avanti und Ark\u00e1da kochen wir ausschlie\u00dflich aus frischen Zutaten. Sie k\u00f6nnen \u201e\u00e0 la carte\u201c aus der traditionellen tschechischen K\u00fcche w\u00e4hlen oder internationale Spezialit\u00e4ten bevorzugen und Weine aus ber\u00fchmten s\u00fcdm\u00e4hrischen Weinbergen probieren.<\/p>\n<p>&nbsp;<\/p>\n<h3 style=\"text-align: center\"><strong><a href=\"https:\/\/www.hotelavanti.cz\/wp-content\/uploads\/sites\/329\/2025\/09\/Avanti-JL-2025-DE.pdf\">Speisekarte<\/a><\/strong><\/h3>\n","protected":false},"excerpt":{"rendered":"<p>Niemand m\u00f6chte zum Sightseeing mit leerem Magen aufbrechen. Im Hotel AVANTI gehen wir einen Schritt weiter. Wir bieten Ihnen nicht nur hochwertiges, schmackhaftes Fr\u00fchst\u00fcck\u00a0im Hotelrestaurant, sondern lassen\u00a0Chefkoch Pavel Tauber\u00a0alle Freiheiten, damit er f\u00fcr Sie das beste Men\u00fc zusammenstellt. Regelm\u00e4\u00dfig \u00fcberrascht er Sie beispielsweise mit\u00a0Themenwochen\u00a0laut der aktuellen Saison! In den beiden Hotelrestaurants Avanti und Ark\u00e1da kochen [&hellip;]<\/p>\n","protected":false},"author":36,"featured_media":0,"parent":0,"menu_order":50,"comment_status":"closed","ping_status":"closed","template":"template-restaurants.php","meta":{"footnotes":""},"class_list":["post-736","page","type-page","status-publish","hentry"],"yoast_head":"<!-- This site is optimized with the Yoast SEO plugin v26.9 - https:\/\/yoast.com\/product\/yoast-seo-wordpress\/ -->\n<title>Restaurant - Hotel Avanti Brno -<\/title>\n<meta name=\"description\" content=\"Niemand m\u00f6chte zum Sightseeing mit leerem Magen aufbrechen. Im Hotel AVANTI gehen wir einen Schritt weiter\" \/>\n<meta name=\"robots\" content=\"index, follow, max-snippet:-1, max-image-preview:large, max-video-preview:-1\" \/>\n<link rel=\"canonical\" href=\"https:\/\/www.hotelavanti.cz\/de\/restaurant\/\" \/>\n<meta property=\"og:locale\" content=\"de_DE\" \/>\n<meta property=\"og:type\" content=\"article\" \/>\n<meta property=\"og:title\" content=\"Restaurant - Hotel Avanti Brno -\" \/>\n<meta property=\"og:description\" content=\"Niemand m\u00f6chte zum Sightseeing mit leerem Magen aufbrechen. Im Hotel AVANTI gehen wir einen Schritt weiter\" \/>\n<meta property=\"og:url\" content=\"https:\/\/www.hotelavanti.cz\/de\/restaurant\/\" \/>\n<meta property=\"og:site_name\" content=\"Hotel Avanti Brno\" \/>\n<meta property=\"article:modified_time\" content=\"2025-09-16T12:52:07+00:00\" \/>\n<meta property=\"og:image\" content=\"https:\/\/www.hotelavanti.cz\/wp-content\/uploads\/sites\/329\/2021\/07\/Hotel_avanti_president_apartment_gallery01-1.jpg\" \/>\n\t<meta property=\"og:image:width\" content=\"1200\" \/>\n\t<meta property=\"og:image:height\" content=\"800\" \/>\n\t<meta property=\"og:image:type\" content=\"image\/jpeg\" \/>\n<meta name=\"twitter:card\" content=\"summary_large_image\" \/>\n<meta name=\"twitter:label1\" content=\"Gesch\u00e4tzte Lesezeit\" \/>\n\t<meta name=\"twitter:data1\" content=\"1 Minute\" \/>\n<script type=\"application\/ld+json\" class=\"yoast-schema-graph\">{\"@context\":\"https:\/\/schema.org\",\"@graph\":[{\"@type\":\"WebPage\",\"@id\":\"https:\/\/www.hotelavanti.cz\/de\/restaurant\/\",\"url\":\"https:\/\/www.hotelavanti.cz\/de\/restaurant\/\",\"name\":\"Restaurant - Hotel Avanti Brno -\",\"isPartOf\":{\"@id\":\"https:\/\/www.hotelavanti.cz\/de\/#website\"},\"datePublished\":\"2021-07-27T14:07:12+00:00\",\"dateModified\":\"2025-09-16T12:52:07+00:00\",\"description\":\"Niemand m\u00f6chte zum Sightseeing mit leerem Magen aufbrechen. Im Hotel AVANTI gehen wir einen Schritt weiter\",\"breadcrumb\":{\"@id\":\"https:\/\/www.hotelavanti.cz\/de\/restaurant\/#breadcrumb\"},\"inLanguage\":\"de-DE\",\"potentialAction\":[{\"@type\":\"ReadAction\",\"target\":[\"https:\/\/www.hotelavanti.cz\/de\/restaurant\/\"]}]},{\"@type\":\"BreadcrumbList\",\"@id\":\"https:\/\/www.hotelavanti.cz\/de\/restaurant\/#breadcrumb\",\"itemListElement\":[{\"@type\":\"ListItem\",\"position\":1,\"name\":\"Home\",\"item\":\"https:\/\/www.hotelavanti.cz\/de\/\"},{\"@type\":\"ListItem\",\"position\":2,\"name\":\"Restaurant\"}]},{\"@type\":\"WebSite\",\"@id\":\"https:\/\/www.hotelavanti.cz\/de\/#website\",\"url\":\"https:\/\/www.hotelavanti.cz\/de\/\",\"name\":\"Hotel Avanti Brno\",\"description\":\"Just another ms.decms.eu site\",\"potentialAction\":[{\"@type\":\"SearchAction\",\"target\":{\"@type\":\"EntryPoint\",\"urlTemplate\":\"https:\/\/www.hotelavanti.cz\/de\/?s={search_term_string}\"},\"query-input\":{\"@type\":\"PropertyValueSpecification\",\"valueRequired\":true,\"valueName\":\"search_term_string\"}}],\"inLanguage\":\"de-DE\"}]}<\/script>\n<!-- \/ Yoast SEO plugin. -->","yoast_head_json":{"title":"Restaurant - Hotel Avanti Brno -","description":"Niemand m\u00f6chte zum Sightseeing mit leerem Magen aufbrechen. Im Hotel AVANTI gehen wir einen Schritt weiter","robots":{"index":"index","follow":"follow","max-snippet":"max-snippet:-1","max-image-preview":"max-image-preview:large","max-video-preview":"max-video-preview:-1"},"canonical":"https:\/\/www.hotelavanti.cz\/de\/restaurant\/","og_locale":"de_DE","og_type":"article","og_title":"Restaurant - Hotel Avanti Brno -","og_description":"Niemand m\u00f6chte zum Sightseeing mit leerem Magen aufbrechen. Im Hotel AVANTI gehen wir einen Schritt weiter","og_url":"https:\/\/www.hotelavanti.cz\/de\/restaurant\/","og_site_name":"Hotel Avanti Brno","article_modified_time":"2025-09-16T12:52:07+00:00","og_image":[{"width":1200,"height":800,"url":"https:\/\/www.hotelavanti.cz\/wp-content\/uploads\/sites\/329\/2021\/07\/Hotel_avanti_president_apartment_gallery01-1.jpg","type":"image\/jpeg"}],"twitter_card":"summary_large_image","twitter_misc":{"Gesch\u00e4tzte Lesezeit":"1 Minute"},"schema":{"@context":"https:\/\/schema.org","@graph":[{"@type":"WebPage","@id":"https:\/\/www.hotelavanti.cz\/de\/restaurant\/","url":"https:\/\/www.hotelavanti.cz\/de\/restaurant\/","name":"Restaurant - Hotel Avanti Brno -","isPartOf":{"@id":"https:\/\/www.hotelavanti.cz\/de\/#website"},"datePublished":"2021-07-27T14:07:12+00:00","dateModified":"2025-09-16T12:52:07+00:00","description":"Niemand m\u00f6chte zum Sightseeing mit leerem Magen aufbrechen. Im Hotel AVANTI gehen wir einen Schritt weiter","breadcrumb":{"@id":"https:\/\/www.hotelavanti.cz\/de\/restaurant\/#breadcrumb"},"inLanguage":"de-DE","potentialAction":[{"@type":"ReadAction","target":["https:\/\/www.hotelavanti.cz\/de\/restaurant\/"]}]},{"@type":"BreadcrumbList","@id":"https:\/\/www.hotelavanti.cz\/de\/restaurant\/#breadcrumb","itemListElement":[{"@type":"ListItem","position":1,"name":"Home","item":"https:\/\/www.hotelavanti.cz\/de\/"},{"@type":"ListItem","position":2,"name":"Restaurant"}]},{"@type":"WebSite","@id":"https:\/\/www.hotelavanti.cz\/de\/#website","url":"https:\/\/www.hotelavanti.cz\/de\/","name":"Hotel Avanti Brno","description":"Just another ms.decms.eu site","potentialAction":[{"@type":"SearchAction","target":{"@type":"EntryPoint","urlTemplate":"https:\/\/www.hotelavanti.cz\/de\/?s={search_term_string}"},"query-input":{"@type":"PropertyValueSpecification","valueRequired":true,"valueName":"search_term_string"}}],"inLanguage":"de-DE"}]}},"acf":[],"_links":{"self":[{"href":"https:\/\/www.hotelavanti.cz\/de\/wp-json\/wp\/v2\/pages\/736","targetHints":{"allow":["GET"]}}],"collection":[{"href":"https:\/\/www.hotelavanti.cz\/de\/wp-json\/wp\/v2\/pages"}],"about":[{"href":"https:\/\/www.hotelavanti.cz\/de\/wp-json\/wp\/v2\/types\/page"}],"author":[{"embeddable":true,"href":"https:\/\/www.hotelavanti.cz\/de\/wp-json\/wp\/v2\/users\/36"}],"replies":[{"embeddable":true,"href":"https:\/\/www.hotelavanti.cz\/de\/wp-json\/wp\/v2\/comments?post=736"}],"version-history":[{"count":0,"href":"https:\/\/www.hotelavanti.cz\/de\/wp-json\/wp\/v2\/pages\/736\/revisions"}],"wp:attachment":[{"href":"https:\/\/www.hotelavanti.cz\/de\/wp-json\/wp\/v2\/media?parent=736"}],"curies":[{"name":"wp","href":"https:\/\/api.w.org\/{rel}","templated":true}]}}