{"id":697,"date":"2021-07-27T13:47:40","date_gmt":"2021-07-27T13:47:40","guid":{"rendered":"https:\/\/hotel-avanti.ms.decms.eu\/?page_id=697"},"modified":"2025-09-19T12:04:20","modified_gmt":"2025-09-19T12:04:20","slug":"bowling-bar","status":"publish","type":"page","link":"https:\/\/www.hotelavanti.cz\/de\/relax-zentrum\/bowling-bar\/","title":{"rendered":"Bowling Bar"},"content":{"rendered":"<p>Planen Sie eine Firmenfeier und suchen nach einer Unterhaltungsm\u00f6glichkeit? Sie k\u00f6nnen unsere beiden hoteleigenen Bowlingbahnen nutzen. Gerne bereiten wir f\u00fcr Ihre Gruppe ein Buffet vor und sorgen daf\u00fcr, dass es Ihnen an nichts fehlt.<\/p>\n<p>Ge\u00f6ffnet ist von 14:00 Uhr bis 02:00 Uhr fr\u00fch, wobei auf Wunsch auch anderen \u00d6ffnungszeiten m\u00f6glich sind. Bowling reservieren Sie an der Rezeption unter der Tel. Nr.: 541 510 111, oder unter der E-Mail hotel@hotelavanti.cz. Wir freuen uns auf Sie!<br \/>\nDie maximale Kapazit\u00e4t betr\u00e4gt 28 Personen.<\/p>\n<p><strong>Bowling Preise:<\/strong><\/p>\n<ul>\n<li>14 \u2013 17 h \u2013\u00a0 200,- CZK\/ 1 Bahn \/ Stunde<\/li>\n<li>17 \u2013 02 h \u2013\u00a0 250,- CZK\/ 1 Bahn \/ Stunde<\/li>\n<\/ul>\n","protected":false},"excerpt":{"rendered":"<p>Planen Sie eine Firmenfeier und suchen nach einer Unterhaltungsm\u00f6glichkeit? Sie k\u00f6nnen unsere beiden hoteleigenen Bowlingbahnen nutzen. Gerne bereiten wir f\u00fcr Ihre Gruppe ein Buffet vor und sorgen daf\u00fcr, dass es Ihnen an nichts fehlt. Ge\u00f6ffnet ist von 14:00 Uhr bis 02:00 Uhr fr\u00fch, wobei auf Wunsch auch anderen \u00d6ffnungszeiten m\u00f6glich sind. Bowling reservieren Sie an [&hellip;]<\/p>\n","protected":false},"author":36,"featured_media":0,"parent":609,"menu_order":15,"comment_status":"closed","ping_status":"closed","template":"template-single-spa.php","meta":{"footnotes":""},"class_list":["post-697","page","type-page","status-publish","hentry"],"yoast_head":"<!-- This site is optimized with the Yoast SEO plugin v26.9 - https:\/\/yoast.com\/product\/yoast-seo-wordpress\/ -->\n<title>Bowling Bar - Hotel Avanti Brno -<\/title>\n<meta name=\"description\" content=\"Planen Sie eine Firmenfeier und suchen nach einer Unterhaltungsm\u00f6glichkeit? Sie k\u00f6nnen unsere beiden hoteleigenen Bowlingbahnen nutzen. Gerne bereiten wir f\u00fcr Ihre Gruppe ein Buffet vor und sorgen daf\u00fcr, dass es Ihnen an nichts fehlt.  Ge\u00f6ffnet ist von 14:00 Uhr bis 02:00 Uhr fr\u00fch, wobei auf Wunsch auch anderen \u00d6ffnungszeiten m\u00f6glich sind\" \/>\n<meta name=\"robots\" content=\"index, follow, max-snippet:-1, max-image-preview:large, max-video-preview:-1\" \/>\n<link rel=\"canonical\" href=\"https:\/\/www.hotelavanti.cz\/de\/relax-zentrum\/bowling-bar\/\" \/>\n<meta property=\"og:locale\" content=\"de_DE\" \/>\n<meta property=\"og:type\" content=\"article\" \/>\n<meta property=\"og:title\" content=\"Bowling Bar - Hotel Avanti Brno -\" \/>\n<meta property=\"og:description\" content=\"Planen Sie eine Firmenfeier und suchen nach einer Unterhaltungsm\u00f6glichkeit? Sie k\u00f6nnen unsere beiden hoteleigenen Bowlingbahnen nutzen. Gerne bereiten wir f\u00fcr Ihre Gruppe ein Buffet vor und sorgen daf\u00fcr, dass es Ihnen an nichts fehlt.  Ge\u00f6ffnet ist von 14:00 Uhr bis 02:00 Uhr fr\u00fch, wobei auf Wunsch auch anderen \u00d6ffnungszeiten m\u00f6glich sind\" \/>\n<meta property=\"og:url\" content=\"https:\/\/www.hotelavanti.cz\/de\/relax-zentrum\/bowling-bar\/\" \/>\n<meta property=\"og:site_name\" content=\"Hotel Avanti Brno\" \/>\n<meta property=\"article:modified_time\" content=\"2025-09-19T12:04:20+00:00\" \/>\n<meta property=\"og:image\" content=\"https:\/\/www.hotelavanti.cz\/wp-content\/uploads\/sites\/329\/2021\/07\/Hotel_avanti_president_apartment_gallery01-1.jpg\" \/>\n\t<meta property=\"og:image:width\" content=\"1200\" \/>\n\t<meta property=\"og:image:height\" content=\"800\" \/>\n\t<meta property=\"og:image:type\" content=\"image\/jpeg\" \/>\n<meta name=\"twitter:card\" content=\"summary_large_image\" \/>\n<meta name=\"twitter:label1\" content=\"Gesch\u00e4tzte Lesezeit\" \/>\n\t<meta name=\"twitter:data1\" content=\"1 Minute\" \/>\n<script type=\"application\/ld+json\" class=\"yoast-schema-graph\">{\"@context\":\"https:\/\/schema.org\",\"@graph\":[{\"@type\":\"WebPage\",\"@id\":\"https:\/\/www.hotelavanti.cz\/de\/relax-zentrum\/bowling-bar\/\",\"url\":\"https:\/\/www.hotelavanti.cz\/de\/relax-zentrum\/bowling-bar\/\",\"name\":\"Bowling Bar - Hotel Avanti Brno -\",\"isPartOf\":{\"@id\":\"https:\/\/www.hotelavanti.cz\/de\/#website\"},\"datePublished\":\"2021-07-27T13:47:40+00:00\",\"dateModified\":\"2025-09-19T12:04:20+00:00\",\"description\":\"Planen Sie eine Firmenfeier und suchen nach einer Unterhaltungsm\u00f6glichkeit? Sie k\u00f6nnen unsere beiden hoteleigenen Bowlingbahnen nutzen. Gerne bereiten wir f\u00fcr Ihre Gruppe ein Buffet vor und sorgen daf\u00fcr, dass es Ihnen an nichts fehlt. Ge\u00f6ffnet ist von 14:00 Uhr bis 02:00 Uhr fr\u00fch, wobei auf Wunsch auch anderen \u00d6ffnungszeiten m\u00f6glich sind\",\"breadcrumb\":{\"@id\":\"https:\/\/www.hotelavanti.cz\/de\/relax-zentrum\/bowling-bar\/#breadcrumb\"},\"inLanguage\":\"de-DE\",\"potentialAction\":[{\"@type\":\"ReadAction\",\"target\":[\"https:\/\/www.hotelavanti.cz\/de\/relax-zentrum\/bowling-bar\/\"]}]},{\"@type\":\"BreadcrumbList\",\"@id\":\"https:\/\/www.hotelavanti.cz\/de\/relax-zentrum\/bowling-bar\/#breadcrumb\",\"itemListElement\":[{\"@type\":\"ListItem\",\"position\":1,\"name\":\"Home\",\"item\":\"https:\/\/www.hotelavanti.cz\/de\/\"},{\"@type\":\"ListItem\",\"position\":2,\"name\":\"Relax Zentrum\",\"item\":\"https:\/\/www.hotelavanti.cz\/de\/relax-zentrum\/\"},{\"@type\":\"ListItem\",\"position\":3,\"name\":\"Bowling Bar\"}]},{\"@type\":\"WebSite\",\"@id\":\"https:\/\/www.hotelavanti.cz\/de\/#website\",\"url\":\"https:\/\/www.hotelavanti.cz\/de\/\",\"name\":\"Hotel Avanti Brno\",\"description\":\"Just another ms.decms.eu site\",\"potentialAction\":[{\"@type\":\"SearchAction\",\"target\":{\"@type\":\"EntryPoint\",\"urlTemplate\":\"https:\/\/www.hotelavanti.cz\/de\/?s={search_term_string}\"},\"query-input\":{\"@type\":\"PropertyValueSpecification\",\"valueRequired\":true,\"valueName\":\"search_term_string\"}}],\"inLanguage\":\"de-DE\"}]}<\/script>\n<!-- \/ Yoast SEO plugin. -->","yoast_head_json":{"title":"Bowling Bar - Hotel Avanti Brno -","description":"Planen Sie eine Firmenfeier und suchen nach einer Unterhaltungsm\u00f6glichkeit? Sie k\u00f6nnen unsere beiden hoteleigenen Bowlingbahnen nutzen. Gerne bereiten wir f\u00fcr Ihre Gruppe ein Buffet vor und sorgen daf\u00fcr, dass es Ihnen an nichts fehlt.  Ge\u00f6ffnet ist von 14:00 Uhr bis 02:00 Uhr fr\u00fch, wobei auf Wunsch auch anderen \u00d6ffnungszeiten m\u00f6glich sind","robots":{"index":"index","follow":"follow","max-snippet":"max-snippet:-1","max-image-preview":"max-image-preview:large","max-video-preview":"max-video-preview:-1"},"canonical":"https:\/\/www.hotelavanti.cz\/de\/relax-zentrum\/bowling-bar\/","og_locale":"de_DE","og_type":"article","og_title":"Bowling Bar - Hotel Avanti Brno -","og_description":"Planen Sie eine Firmenfeier und suchen nach einer Unterhaltungsm\u00f6glichkeit? Sie k\u00f6nnen unsere beiden hoteleigenen Bowlingbahnen nutzen. Gerne bereiten wir f\u00fcr Ihre Gruppe ein Buffet vor und sorgen daf\u00fcr, dass es Ihnen an nichts fehlt.  Ge\u00f6ffnet ist von 14:00 Uhr bis 02:00 Uhr fr\u00fch, wobei auf Wunsch auch anderen \u00d6ffnungszeiten m\u00f6glich sind","og_url":"https:\/\/www.hotelavanti.cz\/de\/relax-zentrum\/bowling-bar\/","og_site_name":"Hotel Avanti Brno","article_modified_time":"2025-09-19T12:04:20+00:00","og_image":[{"width":1200,"height":800,"url":"https:\/\/www.hotelavanti.cz\/wp-content\/uploads\/sites\/329\/2021\/07\/Hotel_avanti_president_apartment_gallery01-1.jpg","type":"image\/jpeg"}],"twitter_card":"summary_large_image","twitter_misc":{"Gesch\u00e4tzte Lesezeit":"1 Minute"},"schema":{"@context":"https:\/\/schema.org","@graph":[{"@type":"WebPage","@id":"https:\/\/www.hotelavanti.cz\/de\/relax-zentrum\/bowling-bar\/","url":"https:\/\/www.hotelavanti.cz\/de\/relax-zentrum\/bowling-bar\/","name":"Bowling Bar - Hotel Avanti Brno -","isPartOf":{"@id":"https:\/\/www.hotelavanti.cz\/de\/#website"},"datePublished":"2021-07-27T13:47:40+00:00","dateModified":"2025-09-19T12:04:20+00:00","description":"Planen Sie eine Firmenfeier und suchen nach einer Unterhaltungsm\u00f6glichkeit? Sie k\u00f6nnen unsere beiden hoteleigenen Bowlingbahnen nutzen. Gerne bereiten wir f\u00fcr Ihre Gruppe ein Buffet vor und sorgen daf\u00fcr, dass es Ihnen an nichts fehlt. Ge\u00f6ffnet ist von 14:00 Uhr bis 02:00 Uhr fr\u00fch, wobei auf Wunsch auch anderen \u00d6ffnungszeiten m\u00f6glich sind","breadcrumb":{"@id":"https:\/\/www.hotelavanti.cz\/de\/relax-zentrum\/bowling-bar\/#breadcrumb"},"inLanguage":"de-DE","potentialAction":[{"@type":"ReadAction","target":["https:\/\/www.hotelavanti.cz\/de\/relax-zentrum\/bowling-bar\/"]}]},{"@type":"BreadcrumbList","@id":"https:\/\/www.hotelavanti.cz\/de\/relax-zentrum\/bowling-bar\/#breadcrumb","itemListElement":[{"@type":"ListItem","position":1,"name":"Home","item":"https:\/\/www.hotelavanti.cz\/de\/"},{"@type":"ListItem","position":2,"name":"Relax Zentrum","item":"https:\/\/www.hotelavanti.cz\/de\/relax-zentrum\/"},{"@type":"ListItem","position":3,"name":"Bowling Bar"}]},{"@type":"WebSite","@id":"https:\/\/www.hotelavanti.cz\/de\/#website","url":"https:\/\/www.hotelavanti.cz\/de\/","name":"Hotel Avanti Brno","description":"Just another ms.decms.eu site","potentialAction":[{"@type":"SearchAction","target":{"@type":"EntryPoint","urlTemplate":"https:\/\/www.hotelavanti.cz\/de\/?s={search_term_string}"},"query-input":{"@type":"PropertyValueSpecification","valueRequired":true,"valueName":"search_term_string"}}],"inLanguage":"de-DE"}]}},"acf":[],"_links":{"self":[{"href":"https:\/\/www.hotelavanti.cz\/de\/wp-json\/wp\/v2\/pages\/697","targetHints":{"allow":["GET"]}}],"collection":[{"href":"https:\/\/www.hotelavanti.cz\/de\/wp-json\/wp\/v2\/pages"}],"about":[{"href":"https:\/\/www.hotelavanti.cz\/de\/wp-json\/wp\/v2\/types\/page"}],"author":[{"embeddable":true,"href":"https:\/\/www.hotelavanti.cz\/de\/wp-json\/wp\/v2\/users\/36"}],"replies":[{"embeddable":true,"href":"https:\/\/www.hotelavanti.cz\/de\/wp-json\/wp\/v2\/comments?post=697"}],"version-history":[{"count":0,"href":"https:\/\/www.hotelavanti.cz\/de\/wp-json\/wp\/v2\/pages\/697\/revisions"}],"up":[{"embeddable":true,"href":"https:\/\/www.hotelavanti.cz\/de\/wp-json\/wp\/v2\/pages\/609"}],"wp:attachment":[{"href":"https:\/\/www.hotelavanti.cz\/de\/wp-json\/wp\/v2\/media?parent=697"}],"curies":[{"name":"wp","href":"https:\/\/api.w.org\/{rel}","templated":true}]}}