{"id":668,"date":"2021-07-27T12:50:05","date_gmt":"2021-07-27T12:50:05","guid":{"rendered":"https:\/\/hotel-avanti.ms.decms.eu\/?page_id=668"},"modified":"2025-10-15T13:47:59","modified_gmt":"2025-10-15T13:47:59","slug":"sauna-und-outdoor-whirpool","status":"publish","type":"page","link":"https:\/\/www.hotelavanti.cz\/de\/relax-zentrum\/sauna-und-outdoor-whirpool\/","title":{"rendered":"Sauna Und Outdoor Whirpool"},"content":{"rendered":"<p><strong>Das Entspannungszentrum auf dem Dach des Hotels steht den G\u00e4sten kostenlos zur Verf\u00fcgung.<\/strong><\/p>\n<p>Freuen Sie sich auf ein Fitnesscenter,\u00a0 Whirlpools im Freien und eine Sauna mit sch\u00f6ner Aussicht auf Br\u00fcnn. Sehen Sie sich unser Dachwellness aus der <a href=\"https:\/\/www.youtube.com\/watch?v=i43dUSqwJRs\">Vogelperspektive<\/a> an.<\/p>\n<p><strong>Fitnesscenter t\u00e4glich von 6:30 bis 22:00 Uhr ge\u00f6ffnet, Au\u00dfenwhirlpools und Sauna ab 16:00 Uhr.<\/strong><\/p>\n<p>Um in den 8. Stock zu gelangen, legen Sie bitte Ihre Hotelkarte bei. F\u00fcr weitere Informationen wenden Sie sich bitte an die Rezeption oder rufen Sie +420 541 510 111 an.<\/p>\n<p>Sie k\u00f6nnen eine einst\u00fcndige Massage Ihrer Wahl genie\u00dfen. Buchen Sie Ihre Zeit im Voraus an der Hotelrezeption. Der Preis der Massage betr\u00e4gt 1 190 CZK \/ Stunde.<\/p>\n","protected":false},"excerpt":{"rendered":"<p>Das Entspannungszentrum auf dem Dach des Hotels steht den G\u00e4sten kostenlos zur Verf\u00fcgung. Freuen Sie sich auf ein Fitnesscenter,\u00a0 Whirlpools im Freien und eine Sauna mit sch\u00f6ner Aussicht auf Br\u00fcnn. Sehen Sie sich unser Dachwellness aus der Vogelperspektive an. Fitnesscenter t\u00e4glich von 6:30 bis 22:00 Uhr ge\u00f6ffnet, Au\u00dfenwhirlpools und Sauna ab 16:00 Uhr. Um in [&hellip;]<\/p>\n","protected":false},"author":36,"featured_media":0,"parent":609,"menu_order":10,"comment_status":"closed","ping_status":"closed","template":"template-single-spa.php","meta":{"footnotes":""},"class_list":["post-668","page","type-page","status-publish","hentry"],"yoast_head":"<!-- This site is optimized with the Yoast SEO plugin v26.9 - https:\/\/yoast.com\/product\/yoast-seo-wordpress\/ -->\n<title>Sauna Und Outdoor Whirpool - Hotel Avanti Brno -<\/title>\n<meta name=\"description\" content=\"Das Entspannungszentrum auf dem Dach des Hotels steht den G\u00e4sten kostenlos zur Verf\u00fcgung.  Freuen Sie sich auf ein Fitnesscenter,\u00a0 Whirlpools im Freien und eine Sauna mit sch\u00f6ner Aussicht auf Br\u00fcnn. Sehen Sie sich unser Dachwellness aus der Vogelperspektive an.  Fitnesscenter t\u00e4glich von 6:30 bis 22:00 Uhr ge\u00f6ffnet, Au\u00dfenwhirlpools und Sauna ab 16:00 Uhr.  Um in den 8\" \/>\n<meta name=\"robots\" content=\"index, follow, max-snippet:-1, max-image-preview:large, max-video-preview:-1\" \/>\n<link rel=\"canonical\" href=\"https:\/\/www.hotelavanti.cz\/de\/relax-zentrum\/sauna-und-outdoor-whirpool\/\" \/>\n<meta property=\"og:locale\" content=\"de_DE\" \/>\n<meta property=\"og:type\" content=\"article\" \/>\n<meta property=\"og:title\" content=\"Sauna Und Outdoor Whirpool - Hotel Avanti Brno -\" \/>\n<meta property=\"og:description\" content=\"Das Entspannungszentrum auf dem Dach des Hotels steht den G\u00e4sten kostenlos zur Verf\u00fcgung.  Freuen Sie sich auf ein Fitnesscenter,\u00a0 Whirlpools im Freien und eine Sauna mit sch\u00f6ner Aussicht auf Br\u00fcnn. Sehen Sie sich unser Dachwellness aus der Vogelperspektive an.  Fitnesscenter t\u00e4glich von 6:30 bis 22:00 Uhr ge\u00f6ffnet, Au\u00dfenwhirlpools und Sauna ab 16:00 Uhr.  Um in den 8\" \/>\n<meta property=\"og:url\" content=\"https:\/\/www.hotelavanti.cz\/de\/relax-zentrum\/sauna-und-outdoor-whirpool\/\" \/>\n<meta property=\"og:site_name\" content=\"Hotel Avanti Brno\" \/>\n<meta property=\"article:modified_time\" content=\"2025-10-15T13:47:59+00:00\" \/>\n<meta property=\"og:image\" content=\"https:\/\/www.hotelavanti.cz\/wp-content\/uploads\/sites\/329\/2021\/07\/Hotel_avanti_president_apartment_gallery01-1.jpg\" \/>\n\t<meta property=\"og:image:width\" content=\"1200\" \/>\n\t<meta property=\"og:image:height\" content=\"800\" \/>\n\t<meta property=\"og:image:type\" content=\"image\/jpeg\" \/>\n<meta name=\"twitter:card\" content=\"summary_large_image\" \/>\n<meta name=\"twitter:label1\" content=\"Gesch\u00e4tzte Lesezeit\" \/>\n\t<meta name=\"twitter:data1\" content=\"1 Minute\" \/>\n<script type=\"application\/ld+json\" class=\"yoast-schema-graph\">{\"@context\":\"https:\/\/schema.org\",\"@graph\":[{\"@type\":\"WebPage\",\"@id\":\"https:\/\/www.hotelavanti.cz\/de\/relax-zentrum\/sauna-und-outdoor-whirpool\/\",\"url\":\"https:\/\/www.hotelavanti.cz\/de\/relax-zentrum\/sauna-und-outdoor-whirpool\/\",\"name\":\"Sauna Und Outdoor Whirpool - Hotel Avanti Brno -\",\"isPartOf\":{\"@id\":\"https:\/\/www.hotelavanti.cz\/de\/#website\"},\"datePublished\":\"2021-07-27T12:50:05+00:00\",\"dateModified\":\"2025-10-15T13:47:59+00:00\",\"description\":\"Das Entspannungszentrum auf dem Dach des Hotels steht den G\u00e4sten kostenlos zur Verf\u00fcgung. Freuen Sie sich auf ein Fitnesscenter,\u00a0 Whirlpools im Freien und eine Sauna mit sch\u00f6ner Aussicht auf Br\u00fcnn. Sehen Sie sich unser Dachwellness aus der Vogelperspektive an. Fitnesscenter t\u00e4glich von 6:30 bis 22:00 Uhr ge\u00f6ffnet, Au\u00dfenwhirlpools und Sauna ab 16:00 Uhr. Um in den 8\",\"breadcrumb\":{\"@id\":\"https:\/\/www.hotelavanti.cz\/de\/relax-zentrum\/sauna-und-outdoor-whirpool\/#breadcrumb\"},\"inLanguage\":\"de-DE\",\"potentialAction\":[{\"@type\":\"ReadAction\",\"target\":[\"https:\/\/www.hotelavanti.cz\/de\/relax-zentrum\/sauna-und-outdoor-whirpool\/\"]}]},{\"@type\":\"BreadcrumbList\",\"@id\":\"https:\/\/www.hotelavanti.cz\/de\/relax-zentrum\/sauna-und-outdoor-whirpool\/#breadcrumb\",\"itemListElement\":[{\"@type\":\"ListItem\",\"position\":1,\"name\":\"Home\",\"item\":\"https:\/\/www.hotelavanti.cz\/de\/\"},{\"@type\":\"ListItem\",\"position\":2,\"name\":\"Relax Zentrum\",\"item\":\"https:\/\/www.hotelavanti.cz\/de\/relax-zentrum\/\"},{\"@type\":\"ListItem\",\"position\":3,\"name\":\"Sauna Und Outdoor Whirpool\"}]},{\"@type\":\"WebSite\",\"@id\":\"https:\/\/www.hotelavanti.cz\/de\/#website\",\"url\":\"https:\/\/www.hotelavanti.cz\/de\/\",\"name\":\"Hotel Avanti Brno\",\"description\":\"Just another ms.decms.eu site\",\"potentialAction\":[{\"@type\":\"SearchAction\",\"target\":{\"@type\":\"EntryPoint\",\"urlTemplate\":\"https:\/\/www.hotelavanti.cz\/de\/?s={search_term_string}\"},\"query-input\":{\"@type\":\"PropertyValueSpecification\",\"valueRequired\":true,\"valueName\":\"search_term_string\"}}],\"inLanguage\":\"de-DE\"}]}<\/script>\n<!-- \/ Yoast SEO plugin. -->","yoast_head_json":{"title":"Sauna Und Outdoor Whirpool - Hotel Avanti Brno -","description":"Das Entspannungszentrum auf dem Dach des Hotels steht den G\u00e4sten kostenlos zur Verf\u00fcgung.  Freuen Sie sich auf ein Fitnesscenter,\u00a0 Whirlpools im Freien und eine Sauna mit sch\u00f6ner Aussicht auf Br\u00fcnn. Sehen Sie sich unser Dachwellness aus der Vogelperspektive an.  Fitnesscenter t\u00e4glich von 6:30 bis 22:00 Uhr ge\u00f6ffnet, Au\u00dfenwhirlpools und Sauna ab 16:00 Uhr.  Um in den 8","robots":{"index":"index","follow":"follow","max-snippet":"max-snippet:-1","max-image-preview":"max-image-preview:large","max-video-preview":"max-video-preview:-1"},"canonical":"https:\/\/www.hotelavanti.cz\/de\/relax-zentrum\/sauna-und-outdoor-whirpool\/","og_locale":"de_DE","og_type":"article","og_title":"Sauna Und Outdoor Whirpool - Hotel Avanti Brno -","og_description":"Das Entspannungszentrum auf dem Dach des Hotels steht den G\u00e4sten kostenlos zur Verf\u00fcgung.  Freuen Sie sich auf ein Fitnesscenter,\u00a0 Whirlpools im Freien und eine Sauna mit sch\u00f6ner Aussicht auf Br\u00fcnn. Sehen Sie sich unser Dachwellness aus der Vogelperspektive an.  Fitnesscenter t\u00e4glich von 6:30 bis 22:00 Uhr ge\u00f6ffnet, Au\u00dfenwhirlpools und Sauna ab 16:00 Uhr.  Um in den 8","og_url":"https:\/\/www.hotelavanti.cz\/de\/relax-zentrum\/sauna-und-outdoor-whirpool\/","og_site_name":"Hotel Avanti Brno","article_modified_time":"2025-10-15T13:47:59+00:00","og_image":[{"width":1200,"height":800,"url":"https:\/\/www.hotelavanti.cz\/wp-content\/uploads\/sites\/329\/2021\/07\/Hotel_avanti_president_apartment_gallery01-1.jpg","type":"image\/jpeg"}],"twitter_card":"summary_large_image","twitter_misc":{"Gesch\u00e4tzte Lesezeit":"1 Minute"},"schema":{"@context":"https:\/\/schema.org","@graph":[{"@type":"WebPage","@id":"https:\/\/www.hotelavanti.cz\/de\/relax-zentrum\/sauna-und-outdoor-whirpool\/","url":"https:\/\/www.hotelavanti.cz\/de\/relax-zentrum\/sauna-und-outdoor-whirpool\/","name":"Sauna Und Outdoor Whirpool - Hotel Avanti Brno -","isPartOf":{"@id":"https:\/\/www.hotelavanti.cz\/de\/#website"},"datePublished":"2021-07-27T12:50:05+00:00","dateModified":"2025-10-15T13:47:59+00:00","description":"Das Entspannungszentrum auf dem Dach des Hotels steht den G\u00e4sten kostenlos zur Verf\u00fcgung. Freuen Sie sich auf ein Fitnesscenter,\u00a0 Whirlpools im Freien und eine Sauna mit sch\u00f6ner Aussicht auf Br\u00fcnn. Sehen Sie sich unser Dachwellness aus der Vogelperspektive an. Fitnesscenter t\u00e4glich von 6:30 bis 22:00 Uhr ge\u00f6ffnet, Au\u00dfenwhirlpools und Sauna ab 16:00 Uhr. Um in den 8","breadcrumb":{"@id":"https:\/\/www.hotelavanti.cz\/de\/relax-zentrum\/sauna-und-outdoor-whirpool\/#breadcrumb"},"inLanguage":"de-DE","potentialAction":[{"@type":"ReadAction","target":["https:\/\/www.hotelavanti.cz\/de\/relax-zentrum\/sauna-und-outdoor-whirpool\/"]}]},{"@type":"BreadcrumbList","@id":"https:\/\/www.hotelavanti.cz\/de\/relax-zentrum\/sauna-und-outdoor-whirpool\/#breadcrumb","itemListElement":[{"@type":"ListItem","position":1,"name":"Home","item":"https:\/\/www.hotelavanti.cz\/de\/"},{"@type":"ListItem","position":2,"name":"Relax Zentrum","item":"https:\/\/www.hotelavanti.cz\/de\/relax-zentrum\/"},{"@type":"ListItem","position":3,"name":"Sauna Und Outdoor Whirpool"}]},{"@type":"WebSite","@id":"https:\/\/www.hotelavanti.cz\/de\/#website","url":"https:\/\/www.hotelavanti.cz\/de\/","name":"Hotel Avanti Brno","description":"Just another ms.decms.eu site","potentialAction":[{"@type":"SearchAction","target":{"@type":"EntryPoint","urlTemplate":"https:\/\/www.hotelavanti.cz\/de\/?s={search_term_string}"},"query-input":{"@type":"PropertyValueSpecification","valueRequired":true,"valueName":"search_term_string"}}],"inLanguage":"de-DE"}]}},"acf":[],"_links":{"self":[{"href":"https:\/\/www.hotelavanti.cz\/de\/wp-json\/wp\/v2\/pages\/668","targetHints":{"allow":["GET"]}}],"collection":[{"href":"https:\/\/www.hotelavanti.cz\/de\/wp-json\/wp\/v2\/pages"}],"about":[{"href":"https:\/\/www.hotelavanti.cz\/de\/wp-json\/wp\/v2\/types\/page"}],"author":[{"embeddable":true,"href":"https:\/\/www.hotelavanti.cz\/de\/wp-json\/wp\/v2\/users\/36"}],"replies":[{"embeddable":true,"href":"https:\/\/www.hotelavanti.cz\/de\/wp-json\/wp\/v2\/comments?post=668"}],"version-history":[{"count":0,"href":"https:\/\/www.hotelavanti.cz\/de\/wp-json\/wp\/v2\/pages\/668\/revisions"}],"up":[{"embeddable":true,"href":"https:\/\/www.hotelavanti.cz\/de\/wp-json\/wp\/v2\/pages\/609"}],"wp:attachment":[{"href":"https:\/\/www.hotelavanti.cz\/de\/wp-json\/wp\/v2\/media?parent=668"}],"curies":[{"name":"wp","href":"https:\/\/api.w.org\/{rel}","templated":true}]}}