{"id":663,"date":"2021-07-27T12:34:36","date_gmt":"2021-07-27T12:34:36","guid":{"rendered":"https:\/\/hotel-avanti.ms.decms.eu\/?page_id=663"},"modified":"2024-11-14T09:50:34","modified_gmt":"2024-11-14T09:50:34","slug":"freuen-koennen-sie-sich-auf","status":"publish","type":"page","link":"https:\/\/www.hotelavanti.cz\/de\/relax-zentrum\/freuen-koennen-sie-sich-auf\/","title":{"rendered":"Freuen K\u00f6nnen Sie Sich Auf"},"content":{"rendered":"<p>Ruhe und Entspannung. Komfort und ein top gepflegtes Zentrum. Privatsph\u00e4re, Verk\u00f6stigung an der Bowling Bar.<\/p>\n<p>Freuen k\u00f6nnen Sie sich auf<\/p>\n<ul>\n<li>Whirlpool (D\u00fcsen mit regelbarem Druck)<\/li>\n<li>Finnische Sauna und Aromasauna<\/li>\n<li>Schottische Dusche<\/li>\n<li>Solarwiese<\/li>\n<li>Reflexologie Bereich<\/li>\n<li>Beheizte Sitzb\u00e4nke und Fu\u00dfb\u00f6den<\/li>\n<\/ul>\n<p><strong>Wellnesseinrichtungen sind bis auf Weiteres geschlossen.<\/strong><\/p>\n<p>Wellnesszentrum Avanti<br \/>\nDas Wellnesszentrum des Hotels AVANTI k\u00f6nnen nicht nur Hotelg\u00e4ste, sondern auch externe Besucher nutzen.<\/p>\n<p><strong>\u00d6ffnungszeiten des Wellnessbereiches<\/strong><\/p>\n<p>t\u00e4glich 14:00 \u2013 00:00 Uhr (muss aufgrund beschr\u00e4nkter Kapazit\u00e4t rechtzeitig im Voraus gebucht werden)<br \/>\nm\u00f6gliche Reservierung in 2 Stundenintervallen, siehe Preisliste<br \/>\nG\u00e4sten in der Pr\u00e4sidentensuite und im VIP Appartement steht das Wellnesszentrum 2 Stunden lang kostenlos und ganz f\u00fcr sie allein zur Verf\u00fcgung<\/p>\n<p>(Reservierung im Voraus notwendig)<br \/>\nreservieren Sie an der Hotelrezeption unter der Tel. Nr.: 541 510 111, oder unter der E-Mail <a href=\"mailto:hotel@hotelavanti.cz\">hotel@hotelavanti.cz<\/a><\/p>\n<p><strong>Private Wellness &#8211; Preisliste<\/strong><\/p>\n<p><strong>F\u00fcr Hotelg\u00e4ste:<\/strong><\/p>\n<p>Gruppe bis 4 Personen 890,- \/ 2 h<\/p>\n<p>Gruppe bis 8 Personen 1090,- \/ 2 h<\/p>\n<p><strong>F\u00fcr die \u00d6ffentlichkeit:<\/strong><\/p>\n<p>Gruppe bis 4 Personen 1.490,- \/ 2 h<\/p>\n<p>Gruppe bis 8 Personen 1.890,- \/ 2 h<\/p>\n","protected":false},"excerpt":{"rendered":"<p>Ruhe und Entspannung. Komfort und ein top gepflegtes Zentrum. Privatsph\u00e4re, Verk\u00f6stigung an der Bowling Bar. Freuen k\u00f6nnen Sie sich auf Whirlpool (D\u00fcsen mit regelbarem Druck) Finnische Sauna und Aromasauna Schottische Dusche Solarwiese Reflexologie Bereich Beheizte Sitzb\u00e4nke und Fu\u00dfb\u00f6den Wellnesseinrichtungen sind bis auf Weiteres geschlossen. Wellnesszentrum Avanti Das Wellnesszentrum des Hotels AVANTI k\u00f6nnen nicht nur Hotelg\u00e4ste, [&hellip;]<\/p>\n","protected":false},"author":36,"featured_media":0,"parent":609,"menu_order":5,"comment_status":"closed","ping_status":"closed","template":"template-single-spa.php","meta":{"footnotes":""},"class_list":["post-663","page","type-page","status-publish","hentry"],"yoast_head":"<!-- This site is optimized with the Yoast SEO plugin v26.9 - https:\/\/yoast.com\/product\/yoast-seo-wordpress\/ -->\n<title>Freuen K\u00f6nnen Sie Sich Auf - Hotel Avanti Brno -<\/title>\n<meta name=\"description\" content=\"Ruhe und Entspannung. Komfort und ein top gepflegtes Zentrum\" \/>\n<meta name=\"robots\" content=\"index, follow, max-snippet:-1, max-image-preview:large, max-video-preview:-1\" \/>\n<link rel=\"canonical\" href=\"https:\/\/www.hotelavanti.cz\/de\/relax-zentrum\/freuen-koennen-sie-sich-auf\/\" \/>\n<meta property=\"og:locale\" content=\"de_DE\" \/>\n<meta property=\"og:type\" content=\"article\" \/>\n<meta property=\"og:title\" content=\"Freuen K\u00f6nnen Sie Sich Auf - Hotel Avanti Brno -\" \/>\n<meta property=\"og:description\" content=\"Ruhe und Entspannung. Komfort und ein top gepflegtes Zentrum\" \/>\n<meta property=\"og:url\" content=\"https:\/\/www.hotelavanti.cz\/de\/relax-zentrum\/freuen-koennen-sie-sich-auf\/\" \/>\n<meta property=\"og:site_name\" content=\"Hotel Avanti Brno\" \/>\n<meta property=\"article:modified_time\" content=\"2024-11-14T09:50:34+00:00\" \/>\n<meta property=\"og:image\" content=\"https:\/\/www.hotelavanti.cz\/wp-content\/uploads\/sites\/329\/2021\/07\/Hotel_avanti_president_apartment_gallery01-1.jpg\" \/>\n\t<meta property=\"og:image:width\" content=\"1200\" \/>\n\t<meta property=\"og:image:height\" content=\"800\" \/>\n\t<meta property=\"og:image:type\" content=\"image\/jpeg\" \/>\n<meta name=\"twitter:card\" content=\"summary_large_image\" \/>\n<meta name=\"twitter:label1\" content=\"Gesch\u00e4tzte Lesezeit\" \/>\n\t<meta name=\"twitter:data1\" content=\"1 Minute\" \/>\n<script type=\"application\/ld+json\" class=\"yoast-schema-graph\">{\"@context\":\"https:\/\/schema.org\",\"@graph\":[{\"@type\":\"WebPage\",\"@id\":\"https:\/\/www.hotelavanti.cz\/de\/relax-zentrum\/freuen-koennen-sie-sich-auf\/\",\"url\":\"https:\/\/www.hotelavanti.cz\/de\/relax-zentrum\/freuen-koennen-sie-sich-auf\/\",\"name\":\"Freuen K\u00f6nnen Sie Sich Auf - Hotel Avanti Brno -\",\"isPartOf\":{\"@id\":\"https:\/\/www.hotelavanti.cz\/de\/#website\"},\"datePublished\":\"2021-07-27T12:34:36+00:00\",\"dateModified\":\"2024-11-14T09:50:34+00:00\",\"description\":\"Ruhe und Entspannung. Komfort und ein top gepflegtes Zentrum\",\"breadcrumb\":{\"@id\":\"https:\/\/www.hotelavanti.cz\/de\/relax-zentrum\/freuen-koennen-sie-sich-auf\/#breadcrumb\"},\"inLanguage\":\"de-DE\",\"potentialAction\":[{\"@type\":\"ReadAction\",\"target\":[\"https:\/\/www.hotelavanti.cz\/de\/relax-zentrum\/freuen-koennen-sie-sich-auf\/\"]}]},{\"@type\":\"BreadcrumbList\",\"@id\":\"https:\/\/www.hotelavanti.cz\/de\/relax-zentrum\/freuen-koennen-sie-sich-auf\/#breadcrumb\",\"itemListElement\":[{\"@type\":\"ListItem\",\"position\":1,\"name\":\"Home\",\"item\":\"https:\/\/www.hotelavanti.cz\/de\/\"},{\"@type\":\"ListItem\",\"position\":2,\"name\":\"Relax Zentrum\",\"item\":\"https:\/\/www.hotelavanti.cz\/de\/relax-zentrum\/\"},{\"@type\":\"ListItem\",\"position\":3,\"name\":\"Freuen K\u00f6nnen Sie Sich Auf\"}]},{\"@type\":\"WebSite\",\"@id\":\"https:\/\/www.hotelavanti.cz\/de\/#website\",\"url\":\"https:\/\/www.hotelavanti.cz\/de\/\",\"name\":\"Hotel Avanti Brno\",\"description\":\"Just another ms.decms.eu site\",\"potentialAction\":[{\"@type\":\"SearchAction\",\"target\":{\"@type\":\"EntryPoint\",\"urlTemplate\":\"https:\/\/www.hotelavanti.cz\/de\/?s={search_term_string}\"},\"query-input\":{\"@type\":\"PropertyValueSpecification\",\"valueRequired\":true,\"valueName\":\"search_term_string\"}}],\"inLanguage\":\"de-DE\"}]}<\/script>\n<!-- \/ Yoast SEO plugin. -->","yoast_head_json":{"title":"Freuen K\u00f6nnen Sie Sich Auf - Hotel Avanti Brno -","description":"Ruhe und Entspannung. Komfort und ein top gepflegtes Zentrum","robots":{"index":"index","follow":"follow","max-snippet":"max-snippet:-1","max-image-preview":"max-image-preview:large","max-video-preview":"max-video-preview:-1"},"canonical":"https:\/\/www.hotelavanti.cz\/de\/relax-zentrum\/freuen-koennen-sie-sich-auf\/","og_locale":"de_DE","og_type":"article","og_title":"Freuen K\u00f6nnen Sie Sich Auf - Hotel Avanti Brno -","og_description":"Ruhe und Entspannung. Komfort und ein top gepflegtes Zentrum","og_url":"https:\/\/www.hotelavanti.cz\/de\/relax-zentrum\/freuen-koennen-sie-sich-auf\/","og_site_name":"Hotel Avanti Brno","article_modified_time":"2024-11-14T09:50:34+00:00","og_image":[{"width":1200,"height":800,"url":"https:\/\/www.hotelavanti.cz\/wp-content\/uploads\/sites\/329\/2021\/07\/Hotel_avanti_president_apartment_gallery01-1.jpg","type":"image\/jpeg"}],"twitter_card":"summary_large_image","twitter_misc":{"Gesch\u00e4tzte Lesezeit":"1 Minute"},"schema":{"@context":"https:\/\/schema.org","@graph":[{"@type":"WebPage","@id":"https:\/\/www.hotelavanti.cz\/de\/relax-zentrum\/freuen-koennen-sie-sich-auf\/","url":"https:\/\/www.hotelavanti.cz\/de\/relax-zentrum\/freuen-koennen-sie-sich-auf\/","name":"Freuen K\u00f6nnen Sie Sich Auf - Hotel Avanti Brno -","isPartOf":{"@id":"https:\/\/www.hotelavanti.cz\/de\/#website"},"datePublished":"2021-07-27T12:34:36+00:00","dateModified":"2024-11-14T09:50:34+00:00","description":"Ruhe und Entspannung. Komfort und ein top gepflegtes Zentrum","breadcrumb":{"@id":"https:\/\/www.hotelavanti.cz\/de\/relax-zentrum\/freuen-koennen-sie-sich-auf\/#breadcrumb"},"inLanguage":"de-DE","potentialAction":[{"@type":"ReadAction","target":["https:\/\/www.hotelavanti.cz\/de\/relax-zentrum\/freuen-koennen-sie-sich-auf\/"]}]},{"@type":"BreadcrumbList","@id":"https:\/\/www.hotelavanti.cz\/de\/relax-zentrum\/freuen-koennen-sie-sich-auf\/#breadcrumb","itemListElement":[{"@type":"ListItem","position":1,"name":"Home","item":"https:\/\/www.hotelavanti.cz\/de\/"},{"@type":"ListItem","position":2,"name":"Relax Zentrum","item":"https:\/\/www.hotelavanti.cz\/de\/relax-zentrum\/"},{"@type":"ListItem","position":3,"name":"Freuen K\u00f6nnen Sie Sich Auf"}]},{"@type":"WebSite","@id":"https:\/\/www.hotelavanti.cz\/de\/#website","url":"https:\/\/www.hotelavanti.cz\/de\/","name":"Hotel Avanti Brno","description":"Just another ms.decms.eu site","potentialAction":[{"@type":"SearchAction","target":{"@type":"EntryPoint","urlTemplate":"https:\/\/www.hotelavanti.cz\/de\/?s={search_term_string}"},"query-input":{"@type":"PropertyValueSpecification","valueRequired":true,"valueName":"search_term_string"}}],"inLanguage":"de-DE"}]}},"acf":[],"_links":{"self":[{"href":"https:\/\/www.hotelavanti.cz\/de\/wp-json\/wp\/v2\/pages\/663","targetHints":{"allow":["GET"]}}],"collection":[{"href":"https:\/\/www.hotelavanti.cz\/de\/wp-json\/wp\/v2\/pages"}],"about":[{"href":"https:\/\/www.hotelavanti.cz\/de\/wp-json\/wp\/v2\/types\/page"}],"author":[{"embeddable":true,"href":"https:\/\/www.hotelavanti.cz\/de\/wp-json\/wp\/v2\/users\/36"}],"replies":[{"embeddable":true,"href":"https:\/\/www.hotelavanti.cz\/de\/wp-json\/wp\/v2\/comments?post=663"}],"version-history":[{"count":0,"href":"https:\/\/www.hotelavanti.cz\/de\/wp-json\/wp\/v2\/pages\/663\/revisions"}],"up":[{"embeddable":true,"href":"https:\/\/www.hotelavanti.cz\/de\/wp-json\/wp\/v2\/pages\/609"}],"wp:attachment":[{"href":"https:\/\/www.hotelavanti.cz\/de\/wp-json\/wp\/v2\/media?parent=663"}],"curies":[{"name":"wp","href":"https:\/\/api.w.org\/{rel}","templated":true}]}}