{"id":555,"date":"2021-07-26T13:18:28","date_gmt":"2021-07-26T13:18:28","guid":{"rendered":"https:\/\/hotel-avanti.ms.decms.eu\/?page_id=555"},"modified":"2021-11-09T15:13:36","modified_gmt":"2021-11-09T15:13:36","slug":"salon","status":"publish","type":"page","link":"https:\/\/www.hotelavanti.cz\/de\/konferenz\/salon\/","title":{"rendered":"Salon"},"content":{"rendered":"<p><strong>Max. 25 Personen<\/strong><\/p>\n<ul>\n<li>leinfl\u00e4chiger, voll klimatisierter Raum f\u00fcr kleine Gruppen<\/li>\n<li>Kapazit\u00e4t bis zu 25 Personen<\/li>\n<li>befindet sich neben dem Kongresssaal und dem Gro\u00dfen Saal &#8211; kann also bei gro\u00dfen Events als Raum f\u00fcr Organisatoren usw. genutzt werden<\/li>\n<li>Pr\u00e4sentationstechnik<\/li>\n<li>Zutritt aus dem ger\u00e4umigen Vorsaal mit Caf\u00e9 Bar<\/li>\n<\/ul>\n","protected":false},"excerpt":{"rendered":"<p>Max. 25 Personen leinfl\u00e4chiger, voll klimatisierter Raum f\u00fcr kleine Gruppen Kapazit\u00e4t bis zu 25 Personen befindet sich neben dem Kongresssaal und dem Gro\u00dfen Saal &#8211; kann also bei gro\u00dfen Events als Raum f\u00fcr Organisatoren usw. genutzt werden Pr\u00e4sentationstechnik Zutritt aus dem ger\u00e4umigen Vorsaal mit Caf\u00e9 Bar<\/p>\n","protected":false},"author":36,"featured_media":0,"parent":491,"menu_order":25,"comment_status":"closed","ping_status":"closed","template":"template-meeting.php","meta":{"footnotes":""},"class_list":["post-555","page","type-page","status-publish","hentry"],"yoast_head":"<!-- This site is optimized with the Yoast SEO plugin v26.9 - https:\/\/yoast.com\/product\/yoast-seo-wordpress\/ -->\n<title>Salon - Hotel Avanti Brno -<\/title>\n<meta name=\"description\" content=\"Max. 25 Personen   leinfl\u00e4chiger, voll klimatisierter Raum f\u00fcr kleine Gruppen  Kapazit\u00e4t bis zu 25 Personen  befindet sich neben dem Kongresssaal und dem Gro\u00dfen Saal - kann also bei gro\u00dfen Events als Raum f\u00fcr Organisatoren usw\" \/>\n<meta name=\"robots\" content=\"index, follow, max-snippet:-1, max-image-preview:large, max-video-preview:-1\" \/>\n<link rel=\"canonical\" href=\"https:\/\/www.hotelavanti.cz\/de\/konferenz\/salon\/\" \/>\n<meta property=\"og:locale\" content=\"de_DE\" \/>\n<meta property=\"og:type\" content=\"article\" \/>\n<meta property=\"og:title\" content=\"Salon - Hotel Avanti Brno -\" \/>\n<meta property=\"og:description\" content=\"Max. 25 Personen   leinfl\u00e4chiger, voll klimatisierter Raum f\u00fcr kleine Gruppen  Kapazit\u00e4t bis zu 25 Personen  befindet sich neben dem Kongresssaal und dem Gro\u00dfen Saal - kann also bei gro\u00dfen Events als Raum f\u00fcr Organisatoren usw\" \/>\n<meta property=\"og:url\" content=\"https:\/\/www.hotelavanti.cz\/de\/konferenz\/salon\/\" \/>\n<meta property=\"og:site_name\" content=\"Hotel Avanti Brno\" \/>\n<meta property=\"article:modified_time\" content=\"2021-11-09T15:13:36+00:00\" \/>\n<meta property=\"og:image\" content=\"https:\/\/www.hotelavanti.cz\/wp-content\/uploads\/sites\/329\/2021\/07\/Hotel_avanti_president_apartment_gallery01-1.jpg\" \/>\n\t<meta property=\"og:image:width\" content=\"1200\" \/>\n\t<meta property=\"og:image:height\" content=\"800\" \/>\n\t<meta property=\"og:image:type\" content=\"image\/jpeg\" \/>\n<meta name=\"twitter:card\" content=\"summary_large_image\" \/>\n<meta name=\"twitter:label1\" content=\"Gesch\u00e4tzte Lesezeit\" \/>\n\t<meta name=\"twitter:data1\" content=\"1 Minute\" \/>\n<script type=\"application\/ld+json\" class=\"yoast-schema-graph\">{\"@context\":\"https:\/\/schema.org\",\"@graph\":[{\"@type\":\"WebPage\",\"@id\":\"https:\/\/www.hotelavanti.cz\/de\/konferenz\/salon\/\",\"url\":\"https:\/\/www.hotelavanti.cz\/de\/konferenz\/salon\/\",\"name\":\"Salon - Hotel Avanti Brno -\",\"isPartOf\":{\"@id\":\"https:\/\/www.hotelavanti.cz\/de\/#website\"},\"datePublished\":\"2021-07-26T13:18:28+00:00\",\"dateModified\":\"2021-11-09T15:13:36+00:00\",\"description\":\"Max. 25 Personen \u2022 leinfl\u00e4chiger, voll klimatisierter Raum f\u00fcr kleine Gruppen \u2022 Kapazit\u00e4t bis zu 25 Personen \u2022 befindet sich neben dem Kongresssaal und dem Gro\u00dfen Saal - kann also bei gro\u00dfen Events als Raum f\u00fcr Organisatoren usw\",\"breadcrumb\":{\"@id\":\"https:\/\/www.hotelavanti.cz\/de\/konferenz\/salon\/#breadcrumb\"},\"inLanguage\":\"de-DE\",\"potentialAction\":[{\"@type\":\"ReadAction\",\"target\":[\"https:\/\/www.hotelavanti.cz\/de\/konferenz\/salon\/\"]}]},{\"@type\":\"BreadcrumbList\",\"@id\":\"https:\/\/www.hotelavanti.cz\/de\/konferenz\/salon\/#breadcrumb\",\"itemListElement\":[{\"@type\":\"ListItem\",\"position\":1,\"name\":\"Home\",\"item\":\"https:\/\/www.hotelavanti.cz\/de\/\"},{\"@type\":\"ListItem\",\"position\":2,\"name\":\"Konferenz\",\"item\":\"https:\/\/www.hotelavanti.cz\/de\/konferenz\/\"},{\"@type\":\"ListItem\",\"position\":3,\"name\":\"Salon\"}]},{\"@type\":\"WebSite\",\"@id\":\"https:\/\/www.hotelavanti.cz\/de\/#website\",\"url\":\"https:\/\/www.hotelavanti.cz\/de\/\",\"name\":\"Hotel Avanti Brno\",\"description\":\"Just another ms.decms.eu site\",\"potentialAction\":[{\"@type\":\"SearchAction\",\"target\":{\"@type\":\"EntryPoint\",\"urlTemplate\":\"https:\/\/www.hotelavanti.cz\/de\/?s={search_term_string}\"},\"query-input\":{\"@type\":\"PropertyValueSpecification\",\"valueRequired\":true,\"valueName\":\"search_term_string\"}}],\"inLanguage\":\"de-DE\"}]}<\/script>\n<!-- \/ Yoast SEO plugin. -->","yoast_head_json":{"title":"Salon - Hotel Avanti Brno -","description":"Max. 25 Personen   leinfl\u00e4chiger, voll klimatisierter Raum f\u00fcr kleine Gruppen  Kapazit\u00e4t bis zu 25 Personen  befindet sich neben dem Kongresssaal und dem Gro\u00dfen Saal - kann also bei gro\u00dfen Events als Raum f\u00fcr Organisatoren usw","robots":{"index":"index","follow":"follow","max-snippet":"max-snippet:-1","max-image-preview":"max-image-preview:large","max-video-preview":"max-video-preview:-1"},"canonical":"https:\/\/www.hotelavanti.cz\/de\/konferenz\/salon\/","og_locale":"de_DE","og_type":"article","og_title":"Salon - Hotel Avanti Brno -","og_description":"Max. 25 Personen   leinfl\u00e4chiger, voll klimatisierter Raum f\u00fcr kleine Gruppen  Kapazit\u00e4t bis zu 25 Personen  befindet sich neben dem Kongresssaal und dem Gro\u00dfen Saal - kann also bei gro\u00dfen Events als Raum f\u00fcr Organisatoren usw","og_url":"https:\/\/www.hotelavanti.cz\/de\/konferenz\/salon\/","og_site_name":"Hotel Avanti Brno","article_modified_time":"2021-11-09T15:13:36+00:00","og_image":[{"width":1200,"height":800,"url":"https:\/\/www.hotelavanti.cz\/wp-content\/uploads\/sites\/329\/2021\/07\/Hotel_avanti_president_apartment_gallery01-1.jpg","type":"image\/jpeg"}],"twitter_card":"summary_large_image","twitter_misc":{"Gesch\u00e4tzte Lesezeit":"1 Minute"},"schema":{"@context":"https:\/\/schema.org","@graph":[{"@type":"WebPage","@id":"https:\/\/www.hotelavanti.cz\/de\/konferenz\/salon\/","url":"https:\/\/www.hotelavanti.cz\/de\/konferenz\/salon\/","name":"Salon - Hotel Avanti Brno -","isPartOf":{"@id":"https:\/\/www.hotelavanti.cz\/de\/#website"},"datePublished":"2021-07-26T13:18:28+00:00","dateModified":"2021-11-09T15:13:36+00:00","description":"Max. 25 Personen \u2022 leinfl\u00e4chiger, voll klimatisierter Raum f\u00fcr kleine Gruppen \u2022 Kapazit\u00e4t bis zu 25 Personen \u2022 befindet sich neben dem Kongresssaal und dem Gro\u00dfen Saal - kann also bei gro\u00dfen Events als Raum f\u00fcr Organisatoren usw","breadcrumb":{"@id":"https:\/\/www.hotelavanti.cz\/de\/konferenz\/salon\/#breadcrumb"},"inLanguage":"de-DE","potentialAction":[{"@type":"ReadAction","target":["https:\/\/www.hotelavanti.cz\/de\/konferenz\/salon\/"]}]},{"@type":"BreadcrumbList","@id":"https:\/\/www.hotelavanti.cz\/de\/konferenz\/salon\/#breadcrumb","itemListElement":[{"@type":"ListItem","position":1,"name":"Home","item":"https:\/\/www.hotelavanti.cz\/de\/"},{"@type":"ListItem","position":2,"name":"Konferenz","item":"https:\/\/www.hotelavanti.cz\/de\/konferenz\/"},{"@type":"ListItem","position":3,"name":"Salon"}]},{"@type":"WebSite","@id":"https:\/\/www.hotelavanti.cz\/de\/#website","url":"https:\/\/www.hotelavanti.cz\/de\/","name":"Hotel Avanti Brno","description":"Just another ms.decms.eu site","potentialAction":[{"@type":"SearchAction","target":{"@type":"EntryPoint","urlTemplate":"https:\/\/www.hotelavanti.cz\/de\/?s={search_term_string}"},"query-input":{"@type":"PropertyValueSpecification","valueRequired":true,"valueName":"search_term_string"}}],"inLanguage":"de-DE"}]}},"acf":[],"_links":{"self":[{"href":"https:\/\/www.hotelavanti.cz\/de\/wp-json\/wp\/v2\/pages\/555","targetHints":{"allow":["GET"]}}],"collection":[{"href":"https:\/\/www.hotelavanti.cz\/de\/wp-json\/wp\/v2\/pages"}],"about":[{"href":"https:\/\/www.hotelavanti.cz\/de\/wp-json\/wp\/v2\/types\/page"}],"author":[{"embeddable":true,"href":"https:\/\/www.hotelavanti.cz\/de\/wp-json\/wp\/v2\/users\/36"}],"replies":[{"embeddable":true,"href":"https:\/\/www.hotelavanti.cz\/de\/wp-json\/wp\/v2\/comments?post=555"}],"version-history":[{"count":0,"href":"https:\/\/www.hotelavanti.cz\/de\/wp-json\/wp\/v2\/pages\/555\/revisions"}],"up":[{"embeddable":true,"href":"https:\/\/www.hotelavanti.cz\/de\/wp-json\/wp\/v2\/pages\/491"}],"wp:attachment":[{"href":"https:\/\/www.hotelavanti.cz\/de\/wp-json\/wp\/v2\/media?parent=555"}],"curies":[{"name":"wp","href":"https:\/\/api.w.org\/{rel}","templated":true}]}}