{"id":527,"date":"2021-07-23T10:25:24","date_gmt":"2021-07-23T10:25:24","guid":{"rendered":"https:\/\/hotel-avanti.ms.decms.eu\/?page_id=527"},"modified":"2021-10-18T10:25:09","modified_gmt":"2021-10-18T10:25:09","slug":"kongresssaal","status":"publish","type":"page","link":"https:\/\/www.hotelavanti.cz\/de\/konferenz\/kongresssaal\/","title":{"rendered":"Kongresssaal"},"content":{"rendered":"<p><strong>Max. 250 Personen<\/strong><\/p>\n<ul>\n<li>gro\u00dfer, voll klimatisierter Raum mit Tageslicht und hervorragender Akustik<\/li>\n<li>Kapazit\u00e4t bis zu 250 Personen<\/li>\n<li>der Raum wird der Personenzahl angepasst und die Bestuhlung ist individuell gestaltbar<\/li>\n<li>auf Wunsch sind ein Rednerpult und Pr\u00e4sentationstechnik m\u00f6glich<\/li>\n<li>Dolmetscher-Kabine<\/li>\n<li>Zutritt aus dem ger\u00e4umigen Vorsaal mit Caf\u00e9 Bar<\/li>\n<li>Auf Wunsch Verbindung mit dem Salon m\u00f6glich, um das perfekte Umfeld f\u00fcr das Event zu gew\u00e4hrleisten<\/li>\n<\/ul>\n","protected":false},"excerpt":{"rendered":"<p>Max. 250 Personen gro\u00dfer, voll klimatisierter Raum mit Tageslicht und hervorragender Akustik Kapazit\u00e4t bis zu 250 Personen der Raum wird der Personenzahl angepasst und die Bestuhlung ist individuell gestaltbar auf Wunsch sind ein Rednerpult und Pr\u00e4sentationstechnik m\u00f6glich Dolmetscher-Kabine Zutritt aus dem ger\u00e4umigen Vorsaal mit Caf\u00e9 Bar Auf Wunsch Verbindung mit dem Salon m\u00f6glich, um das [&hellip;]<\/p>\n","protected":false},"author":36,"featured_media":0,"parent":491,"menu_order":10,"comment_status":"closed","ping_status":"closed","template":"template-meeting.php","meta":{"footnotes":""},"class_list":["post-527","page","type-page","status-publish","hentry"],"yoast_head":"<!-- This site is optimized with the Yoast SEO plugin v26.9 - https:\/\/yoast.com\/product\/yoast-seo-wordpress\/ -->\n<title>Kongresssaal - Hotel Avanti Brno -<\/title>\n<meta name=\"description\" content=\"Max. 250 Personen   gro\u00dfer, voll klimatisierter Raum mit Tageslicht und hervorragender Akustik  Kapazit\u00e4t bis zu 250 Personen  der Raum wird der Personenzahl angepasst und die Bestuhlung ist individuell gestaltbar  auf Wunsch sind ein Rednerpult und Pr\u00e4sentationstechnik m\u00f6glich  Dolmetscher-Kabine  Zutritt aus dem ger\u00e4umigen Vorsaal mit Caf\u00e9 Bar  Auf Wunsch Verbindung mit dem Salon m\u00f6glich, um das perfekte Umfeld f\u00fcr das Event zu gew\u00e4hrleisten\" \/>\n<meta name=\"robots\" content=\"index, follow, max-snippet:-1, max-image-preview:large, max-video-preview:-1\" \/>\n<link rel=\"canonical\" href=\"https:\/\/www.hotelavanti.cz\/de\/konferenz\/kongresssaal\/\" \/>\n<meta property=\"og:locale\" content=\"de_DE\" \/>\n<meta property=\"og:type\" content=\"article\" \/>\n<meta property=\"og:title\" content=\"Kongresssaal - Hotel Avanti Brno -\" \/>\n<meta property=\"og:description\" content=\"Max. 250 Personen   gro\u00dfer, voll klimatisierter Raum mit Tageslicht und hervorragender Akustik  Kapazit\u00e4t bis zu 250 Personen  der Raum wird der Personenzahl angepasst und die Bestuhlung ist individuell gestaltbar  auf Wunsch sind ein Rednerpult und Pr\u00e4sentationstechnik m\u00f6glich  Dolmetscher-Kabine  Zutritt aus dem ger\u00e4umigen Vorsaal mit Caf\u00e9 Bar  Auf Wunsch Verbindung mit dem Salon m\u00f6glich, um das perfekte Umfeld f\u00fcr das Event zu gew\u00e4hrleisten\" \/>\n<meta property=\"og:url\" content=\"https:\/\/www.hotelavanti.cz\/de\/konferenz\/kongresssaal\/\" \/>\n<meta property=\"og:site_name\" content=\"Hotel Avanti Brno\" \/>\n<meta property=\"article:modified_time\" content=\"2021-10-18T10:25:09+00:00\" \/>\n<meta property=\"og:image\" content=\"https:\/\/www.hotelavanti.cz\/wp-content\/uploads\/sites\/329\/2021\/07\/Hotel_avanti_president_apartment_gallery01-1.jpg\" \/>\n\t<meta property=\"og:image:width\" content=\"1200\" \/>\n\t<meta property=\"og:image:height\" content=\"800\" \/>\n\t<meta property=\"og:image:type\" content=\"image\/jpeg\" \/>\n<meta name=\"twitter:card\" content=\"summary_large_image\" \/>\n<script type=\"application\/ld+json\" class=\"yoast-schema-graph\">{\"@context\":\"https:\/\/schema.org\",\"@graph\":[{\"@type\":\"WebPage\",\"@id\":\"https:\/\/www.hotelavanti.cz\/de\/konferenz\/kongresssaal\/\",\"url\":\"https:\/\/www.hotelavanti.cz\/de\/konferenz\/kongresssaal\/\",\"name\":\"Kongresssaal - Hotel Avanti Brno -\",\"isPartOf\":{\"@id\":\"https:\/\/www.hotelavanti.cz\/de\/#website\"},\"datePublished\":\"2021-07-23T10:25:24+00:00\",\"dateModified\":\"2021-10-18T10:25:09+00:00\",\"description\":\"Max. 250 Personen \u2022 gro\u00dfer, voll klimatisierter Raum mit Tageslicht und hervorragender Akustik \u2022 Kapazit\u00e4t bis zu 250 Personen \u2022 der Raum wird der Personenzahl angepasst und die Bestuhlung ist individuell gestaltbar \u2022 auf Wunsch sind ein Rednerpult und Pr\u00e4sentationstechnik m\u00f6glich \u2022 Dolmetscher-Kabine \u2022 Zutritt aus dem ger\u00e4umigen Vorsaal mit Caf\u00e9 Bar \u2022 Auf Wunsch Verbindung mit dem Salon m\u00f6glich, um das perfekte Umfeld f\u00fcr das Event zu gew\u00e4hrleisten\",\"breadcrumb\":{\"@id\":\"https:\/\/www.hotelavanti.cz\/de\/konferenz\/kongresssaal\/#breadcrumb\"},\"inLanguage\":\"de-DE\",\"potentialAction\":[{\"@type\":\"ReadAction\",\"target\":[\"https:\/\/www.hotelavanti.cz\/de\/konferenz\/kongresssaal\/\"]}]},{\"@type\":\"BreadcrumbList\",\"@id\":\"https:\/\/www.hotelavanti.cz\/de\/konferenz\/kongresssaal\/#breadcrumb\",\"itemListElement\":[{\"@type\":\"ListItem\",\"position\":1,\"name\":\"Home\",\"item\":\"https:\/\/www.hotelavanti.cz\/de\/\"},{\"@type\":\"ListItem\",\"position\":2,\"name\":\"Konferenz\",\"item\":\"https:\/\/www.hotelavanti.cz\/de\/konferenz\/\"},{\"@type\":\"ListItem\",\"position\":3,\"name\":\"Kongresssaal\"}]},{\"@type\":\"WebSite\",\"@id\":\"https:\/\/www.hotelavanti.cz\/de\/#website\",\"url\":\"https:\/\/www.hotelavanti.cz\/de\/\",\"name\":\"Hotel Avanti Brno\",\"description\":\"Just another ms.decms.eu site\",\"potentialAction\":[{\"@type\":\"SearchAction\",\"target\":{\"@type\":\"EntryPoint\",\"urlTemplate\":\"https:\/\/www.hotelavanti.cz\/de\/?s={search_term_string}\"},\"query-input\":{\"@type\":\"PropertyValueSpecification\",\"valueRequired\":true,\"valueName\":\"search_term_string\"}}],\"inLanguage\":\"de-DE\"}]}<\/script>\n<!-- \/ Yoast SEO plugin. -->","yoast_head_json":{"title":"Kongresssaal - Hotel Avanti Brno -","description":"Max. 250 Personen   gro\u00dfer, voll klimatisierter Raum mit Tageslicht und hervorragender Akustik  Kapazit\u00e4t bis zu 250 Personen  der Raum wird der Personenzahl angepasst und die Bestuhlung ist individuell gestaltbar  auf Wunsch sind ein Rednerpult und Pr\u00e4sentationstechnik m\u00f6glich  Dolmetscher-Kabine  Zutritt aus dem ger\u00e4umigen Vorsaal mit Caf\u00e9 Bar  Auf Wunsch Verbindung mit dem Salon m\u00f6glich, um das perfekte Umfeld f\u00fcr das Event zu gew\u00e4hrleisten","robots":{"index":"index","follow":"follow","max-snippet":"max-snippet:-1","max-image-preview":"max-image-preview:large","max-video-preview":"max-video-preview:-1"},"canonical":"https:\/\/www.hotelavanti.cz\/de\/konferenz\/kongresssaal\/","og_locale":"de_DE","og_type":"article","og_title":"Kongresssaal - Hotel Avanti Brno -","og_description":"Max. 250 Personen   gro\u00dfer, voll klimatisierter Raum mit Tageslicht und hervorragender Akustik  Kapazit\u00e4t bis zu 250 Personen  der Raum wird der Personenzahl angepasst und die Bestuhlung ist individuell gestaltbar  auf Wunsch sind ein Rednerpult und Pr\u00e4sentationstechnik m\u00f6glich  Dolmetscher-Kabine  Zutritt aus dem ger\u00e4umigen Vorsaal mit Caf\u00e9 Bar  Auf Wunsch Verbindung mit dem Salon m\u00f6glich, um das perfekte Umfeld f\u00fcr das Event zu gew\u00e4hrleisten","og_url":"https:\/\/www.hotelavanti.cz\/de\/konferenz\/kongresssaal\/","og_site_name":"Hotel Avanti Brno","article_modified_time":"2021-10-18T10:25:09+00:00","og_image":[{"width":1200,"height":800,"url":"https:\/\/www.hotelavanti.cz\/wp-content\/uploads\/sites\/329\/2021\/07\/Hotel_avanti_president_apartment_gallery01-1.jpg","type":"image\/jpeg"}],"twitter_card":"summary_large_image","schema":{"@context":"https:\/\/schema.org","@graph":[{"@type":"WebPage","@id":"https:\/\/www.hotelavanti.cz\/de\/konferenz\/kongresssaal\/","url":"https:\/\/www.hotelavanti.cz\/de\/konferenz\/kongresssaal\/","name":"Kongresssaal - Hotel Avanti Brno -","isPartOf":{"@id":"https:\/\/www.hotelavanti.cz\/de\/#website"},"datePublished":"2021-07-23T10:25:24+00:00","dateModified":"2021-10-18T10:25:09+00:00","description":"Max. 250 Personen \u2022 gro\u00dfer, voll klimatisierter Raum mit Tageslicht und hervorragender Akustik \u2022 Kapazit\u00e4t bis zu 250 Personen \u2022 der Raum wird der Personenzahl angepasst und die Bestuhlung ist individuell gestaltbar \u2022 auf Wunsch sind ein Rednerpult und Pr\u00e4sentationstechnik m\u00f6glich \u2022 Dolmetscher-Kabine \u2022 Zutritt aus dem ger\u00e4umigen Vorsaal mit Caf\u00e9 Bar \u2022 Auf Wunsch Verbindung mit dem Salon m\u00f6glich, um das perfekte Umfeld f\u00fcr das Event zu gew\u00e4hrleisten","breadcrumb":{"@id":"https:\/\/www.hotelavanti.cz\/de\/konferenz\/kongresssaal\/#breadcrumb"},"inLanguage":"de-DE","potentialAction":[{"@type":"ReadAction","target":["https:\/\/www.hotelavanti.cz\/de\/konferenz\/kongresssaal\/"]}]},{"@type":"BreadcrumbList","@id":"https:\/\/www.hotelavanti.cz\/de\/konferenz\/kongresssaal\/#breadcrumb","itemListElement":[{"@type":"ListItem","position":1,"name":"Home","item":"https:\/\/www.hotelavanti.cz\/de\/"},{"@type":"ListItem","position":2,"name":"Konferenz","item":"https:\/\/www.hotelavanti.cz\/de\/konferenz\/"},{"@type":"ListItem","position":3,"name":"Kongresssaal"}]},{"@type":"WebSite","@id":"https:\/\/www.hotelavanti.cz\/de\/#website","url":"https:\/\/www.hotelavanti.cz\/de\/","name":"Hotel Avanti Brno","description":"Just another ms.decms.eu site","potentialAction":[{"@type":"SearchAction","target":{"@type":"EntryPoint","urlTemplate":"https:\/\/www.hotelavanti.cz\/de\/?s={search_term_string}"},"query-input":{"@type":"PropertyValueSpecification","valueRequired":true,"valueName":"search_term_string"}}],"inLanguage":"de-DE"}]}},"acf":[],"_links":{"self":[{"href":"https:\/\/www.hotelavanti.cz\/de\/wp-json\/wp\/v2\/pages\/527","targetHints":{"allow":["GET"]}}],"collection":[{"href":"https:\/\/www.hotelavanti.cz\/de\/wp-json\/wp\/v2\/pages"}],"about":[{"href":"https:\/\/www.hotelavanti.cz\/de\/wp-json\/wp\/v2\/types\/page"}],"author":[{"embeddable":true,"href":"https:\/\/www.hotelavanti.cz\/de\/wp-json\/wp\/v2\/users\/36"}],"replies":[{"embeddable":true,"href":"https:\/\/www.hotelavanti.cz\/de\/wp-json\/wp\/v2\/comments?post=527"}],"version-history":[{"count":0,"href":"https:\/\/www.hotelavanti.cz\/de\/wp-json\/wp\/v2\/pages\/527\/revisions"}],"up":[{"embeddable":true,"href":"https:\/\/www.hotelavanti.cz\/de\/wp-json\/wp\/v2\/pages\/491"}],"wp:attachment":[{"href":"https:\/\/www.hotelavanti.cz\/de\/wp-json\/wp\/v2\/media?parent=527"}],"curies":[{"name":"wp","href":"https:\/\/api.w.org\/{rel}","templated":true}]}}