{"id":491,"date":"2021-07-21T13:46:35","date_gmt":"2021-07-21T13:46:35","guid":{"rendered":"https:\/\/hotel-avanti.ms.decms.eu\/?page_id=491"},"modified":"2021-07-21T14:26:35","modified_gmt":"2021-07-21T14:26:35","slug":"konferenz","status":"publish","type":"page","link":"https:\/\/www.hotelavanti.cz\/de\/konferenz\/","title":{"rendered":"Konferenz"},"content":{"rendered":"<p>Wir helfen Ihnen beim Abhalten einer Konferenz oder Tagung f\u00fcr bis zu 250 Personen. Weiter \u00fcbernehmen wir die Vorbereitungen f\u00fcr B\u00e4lle, Hochzeitsfeiern sowie Firmenfeiern. Nutzen Sie unsere Dienstleistungen und genie\u00dfen das gute Gef\u00fchl eines perfekt organisierten Events.<br \/>\nSie m\u00fcssen sich um nichts mehr k\u00fcmmern: wir bereiten f\u00fcr Sie einen der 8 voll klimatisierten Konferenzs\u00e4le vor, organisieren das Catering und sorgen daf\u00fcr, dass alles klappt &#8211; vom Beamer bis zum Begleitprogramm. Sorgen Sie mit einer Barkeepershow oder Modenschau f\u00fcr ein unvergessliches Event, das Ihre G\u00e4ste begeistern wird!<\/p>\n","protected":false},"excerpt":{"rendered":"<p>Wir helfen Ihnen beim Abhalten einer Konferenz oder Tagung f\u00fcr bis zu 250 Personen. Weiter \u00fcbernehmen wir die Vorbereitungen f\u00fcr B\u00e4lle, Hochzeitsfeiern sowie Firmenfeiern. Nutzen Sie unsere Dienstleistungen und genie\u00dfen das gute Gef\u00fchl eines perfekt organisierten Events. Sie m\u00fcssen sich um nichts mehr k\u00fcmmern: wir bereiten f\u00fcr Sie einen der 8 voll klimatisierten Konferenzs\u00e4le vor, [&hellip;]<\/p>\n","protected":false},"author":36,"featured_media":0,"parent":0,"menu_order":20,"comment_status":"closed","ping_status":"closed","template":"","meta":{"footnotes":""},"class_list":["post-491","page","type-page","status-publish","hentry"],"yoast_head":"<!-- This site is optimized with the Yoast SEO plugin v26.9 - https:\/\/yoast.com\/product\/yoast-seo-wordpress\/ -->\n<title>Konferenz - Hotel Avanti Brno -<\/title>\n<meta name=\"description\" content=\"Wir helfen Ihnen beim Abhalten einer Konferenz oder Tagung f\u00fcr bis zu 250 Personen. Weiter \u00fcbernehmen wir die Vorbereitungen f\u00fcr B\u00e4lle, Hochzeitsfeiern sowie Firmenfeiern\" \/>\n<meta name=\"robots\" content=\"index, follow, max-snippet:-1, max-image-preview:large, max-video-preview:-1\" \/>\n<link rel=\"canonical\" href=\"https:\/\/www.hotelavanti.cz\/de\/konferenz\/\" \/>\n<meta property=\"og:locale\" content=\"de_DE\" \/>\n<meta property=\"og:type\" content=\"article\" \/>\n<meta property=\"og:title\" content=\"Konferenz - Hotel Avanti Brno -\" \/>\n<meta property=\"og:description\" content=\"Wir helfen Ihnen beim Abhalten einer Konferenz oder Tagung f\u00fcr bis zu 250 Personen. Weiter \u00fcbernehmen wir die Vorbereitungen f\u00fcr B\u00e4lle, Hochzeitsfeiern sowie Firmenfeiern\" \/>\n<meta property=\"og:url\" content=\"https:\/\/www.hotelavanti.cz\/de\/konferenz\/\" \/>\n<meta property=\"og:site_name\" content=\"Hotel Avanti Brno\" \/>\n<meta property=\"article:modified_time\" content=\"2021-07-21T14:26:35+00:00\" \/>\n<meta property=\"og:image\" content=\"https:\/\/www.hotelavanti.cz\/wp-content\/uploads\/sites\/329\/2021\/07\/Hotel_avanti_president_apartment_gallery01-1.jpg\" \/>\n\t<meta property=\"og:image:width\" content=\"1200\" \/>\n\t<meta property=\"og:image:height\" content=\"800\" \/>\n\t<meta property=\"og:image:type\" content=\"image\/jpeg\" \/>\n<meta name=\"twitter:card\" content=\"summary_large_image\" \/>\n<script type=\"application\/ld+json\" class=\"yoast-schema-graph\">{\"@context\":\"https:\/\/schema.org\",\"@graph\":[{\"@type\":\"WebPage\",\"@id\":\"https:\/\/www.hotelavanti.cz\/de\/konferenz\/\",\"url\":\"https:\/\/www.hotelavanti.cz\/de\/konferenz\/\",\"name\":\"Konferenz - Hotel Avanti Brno -\",\"isPartOf\":{\"@id\":\"https:\/\/www.hotelavanti.cz\/de\/#website\"},\"datePublished\":\"2021-07-21T13:46:35+00:00\",\"dateModified\":\"2021-07-21T14:26:35+00:00\",\"description\":\"Wir helfen Ihnen beim Abhalten einer Konferenz oder Tagung f\u00fcr bis zu 250 Personen. Weiter \u00fcbernehmen wir die Vorbereitungen f\u00fcr B\u00e4lle, Hochzeitsfeiern sowie Firmenfeiern\",\"breadcrumb\":{\"@id\":\"https:\/\/www.hotelavanti.cz\/de\/konferenz\/#breadcrumb\"},\"inLanguage\":\"de-DE\",\"potentialAction\":[{\"@type\":\"ReadAction\",\"target\":[\"https:\/\/www.hotelavanti.cz\/de\/konferenz\/\"]}]},{\"@type\":\"BreadcrumbList\",\"@id\":\"https:\/\/www.hotelavanti.cz\/de\/konferenz\/#breadcrumb\",\"itemListElement\":[{\"@type\":\"ListItem\",\"position\":1,\"name\":\"Home\",\"item\":\"https:\/\/www.hotelavanti.cz\/de\/\"},{\"@type\":\"ListItem\",\"position\":2,\"name\":\"Konferenz\"}]},{\"@type\":\"WebSite\",\"@id\":\"https:\/\/www.hotelavanti.cz\/de\/#website\",\"url\":\"https:\/\/www.hotelavanti.cz\/de\/\",\"name\":\"Hotel Avanti Brno\",\"description\":\"Just another ms.decms.eu site\",\"potentialAction\":[{\"@type\":\"SearchAction\",\"target\":{\"@type\":\"EntryPoint\",\"urlTemplate\":\"https:\/\/www.hotelavanti.cz\/de\/?s={search_term_string}\"},\"query-input\":{\"@type\":\"PropertyValueSpecification\",\"valueRequired\":true,\"valueName\":\"search_term_string\"}}],\"inLanguage\":\"de-DE\"}]}<\/script>\n<!-- \/ Yoast SEO plugin. -->","yoast_head_json":{"title":"Konferenz - Hotel Avanti Brno -","description":"Wir helfen Ihnen beim Abhalten einer Konferenz oder Tagung f\u00fcr bis zu 250 Personen. Weiter \u00fcbernehmen wir die Vorbereitungen f\u00fcr B\u00e4lle, Hochzeitsfeiern sowie Firmenfeiern","robots":{"index":"index","follow":"follow","max-snippet":"max-snippet:-1","max-image-preview":"max-image-preview:large","max-video-preview":"max-video-preview:-1"},"canonical":"https:\/\/www.hotelavanti.cz\/de\/konferenz\/","og_locale":"de_DE","og_type":"article","og_title":"Konferenz - Hotel Avanti Brno -","og_description":"Wir helfen Ihnen beim Abhalten einer Konferenz oder Tagung f\u00fcr bis zu 250 Personen. Weiter \u00fcbernehmen wir die Vorbereitungen f\u00fcr B\u00e4lle, Hochzeitsfeiern sowie Firmenfeiern","og_url":"https:\/\/www.hotelavanti.cz\/de\/konferenz\/","og_site_name":"Hotel Avanti Brno","article_modified_time":"2021-07-21T14:26:35+00:00","og_image":[{"width":1200,"height":800,"url":"https:\/\/www.hotelavanti.cz\/wp-content\/uploads\/sites\/329\/2021\/07\/Hotel_avanti_president_apartment_gallery01-1.jpg","type":"image\/jpeg"}],"twitter_card":"summary_large_image","schema":{"@context":"https:\/\/schema.org","@graph":[{"@type":"WebPage","@id":"https:\/\/www.hotelavanti.cz\/de\/konferenz\/","url":"https:\/\/www.hotelavanti.cz\/de\/konferenz\/","name":"Konferenz - Hotel Avanti Brno -","isPartOf":{"@id":"https:\/\/www.hotelavanti.cz\/de\/#website"},"datePublished":"2021-07-21T13:46:35+00:00","dateModified":"2021-07-21T14:26:35+00:00","description":"Wir helfen Ihnen beim Abhalten einer Konferenz oder Tagung f\u00fcr bis zu 250 Personen. Weiter \u00fcbernehmen wir die Vorbereitungen f\u00fcr B\u00e4lle, Hochzeitsfeiern sowie Firmenfeiern","breadcrumb":{"@id":"https:\/\/www.hotelavanti.cz\/de\/konferenz\/#breadcrumb"},"inLanguage":"de-DE","potentialAction":[{"@type":"ReadAction","target":["https:\/\/www.hotelavanti.cz\/de\/konferenz\/"]}]},{"@type":"BreadcrumbList","@id":"https:\/\/www.hotelavanti.cz\/de\/konferenz\/#breadcrumb","itemListElement":[{"@type":"ListItem","position":1,"name":"Home","item":"https:\/\/www.hotelavanti.cz\/de\/"},{"@type":"ListItem","position":2,"name":"Konferenz"}]},{"@type":"WebSite","@id":"https:\/\/www.hotelavanti.cz\/de\/#website","url":"https:\/\/www.hotelavanti.cz\/de\/","name":"Hotel Avanti Brno","description":"Just another ms.decms.eu site","potentialAction":[{"@type":"SearchAction","target":{"@type":"EntryPoint","urlTemplate":"https:\/\/www.hotelavanti.cz\/de\/?s={search_term_string}"},"query-input":{"@type":"PropertyValueSpecification","valueRequired":true,"valueName":"search_term_string"}}],"inLanguage":"de-DE"}]}},"acf":[],"_links":{"self":[{"href":"https:\/\/www.hotelavanti.cz\/de\/wp-json\/wp\/v2\/pages\/491","targetHints":{"allow":["GET"]}}],"collection":[{"href":"https:\/\/www.hotelavanti.cz\/de\/wp-json\/wp\/v2\/pages"}],"about":[{"href":"https:\/\/www.hotelavanti.cz\/de\/wp-json\/wp\/v2\/types\/page"}],"author":[{"embeddable":true,"href":"https:\/\/www.hotelavanti.cz\/de\/wp-json\/wp\/v2\/users\/36"}],"replies":[{"embeddable":true,"href":"https:\/\/www.hotelavanti.cz\/de\/wp-json\/wp\/v2\/comments?post=491"}],"version-history":[{"count":0,"href":"https:\/\/www.hotelavanti.cz\/de\/wp-json\/wp\/v2\/pages\/491\/revisions"}],"wp:attachment":[{"href":"https:\/\/www.hotelavanti.cz\/de\/wp-json\/wp\/v2\/media?parent=491"}],"curies":[{"name":"wp","href":"https:\/\/api.w.org\/{rel}","templated":true}]}}