{"id":4,"date":"2021-07-19T13:09:59","date_gmt":"2021-07-19T13:09:59","guid":{"rendered":"https:\/\/hotel-avanti.ms.decms.eu\/?page_id=4"},"modified":"2025-10-15T13:57:37","modified_gmt":"2025-10-15T13:57:37","slug":"hotel-avanti","status":"publish","type":"page","link":"https:\/\/www.hotelavanti.cz\/de\/","title":{"rendered":"Hotel Avanti"},"content":{"rendered":"<p>Planen Sie eine Dienstreise nach Br\u00fcnn, m\u00f6chten Sie eine Tagung abhalten oder einfach nur ein Urlaubswochenende genie\u00dfen? Dann setzen Sie auf die Vorteile der Unterkunft im Hotel AVANTI. Von modernen, top-gepflegten Zimmern bis zum kostenlos nutzbaren Wellnessbereich auf dem Hoteldach mit tollem Ausblick auf die Stadt.<\/p>\n<p>Parken Sie Ihren Wagen &#8211; schalten Sie unser WLAN ein &#8211; entdecken Sie die Stadt<\/p>\n<p><strong>Parkm\u00f6glichkeit und WLAN gratis<\/strong>\u00a0sind in unserem Hotel eine Selbstverst\u00e4ndlichkeit. Checken Sie ein, bringen Sie Ihr Gep\u00e4ck aufs Zimmer und entdecken Sie die Stadt. Wir befinden uns in ruhiger Umgebung, nahe dem Stadtpark Lu\u017e\u00e1nky und <strong>in der N\u00e4he der Br\u00fcnner Altstadt<\/strong><\/p>\n<p style=\"text-align: center\"><img loading=\"lazy\" decoding=\"async\" class=\"wp-image-501 aligncenter\" src=\"https:\/\/hotel-avanti.ms.decms.eu\/wp-content\/uploads\/sites\/329\/2021\/07\/avanti_logo_book_direct-300x300.png\" alt=\"\" width=\"170\" height=\"170\" srcset=\"https:\/\/www.hotelavanti.cz\/wp-content\/uploads\/sites\/329\/2021\/07\/avanti_logo_book_direct-300x300.png 300w, https:\/\/www.hotelavanti.cz\/wp-content\/uploads\/sites\/329\/2021\/07\/avanti_logo_book_direct-150x150.png 150w, https:\/\/www.hotelavanti.cz\/wp-content\/uploads\/sites\/329\/2021\/07\/avanti_logo_book_direct-200x200.png 200w, https:\/\/www.hotelavanti.cz\/wp-content\/uploads\/sites\/329\/2021\/07\/avanti_logo_book_direct.png 533w\" sizes=\"auto, (max-width: 170px) 100vw, 170px\" \/><\/p>\n","protected":false},"excerpt":{"rendered":"<p>Planen Sie eine Dienstreise nach Br\u00fcnn, m\u00f6chten Sie eine Tagung abhalten oder einfach nur ein Urlaubswochenende genie\u00dfen? Dann setzen Sie auf die Vorteile der Unterkunft im Hotel AVANTI. Von modernen, top-gepflegten Zimmern bis zum kostenlos nutzbaren Wellnessbereich auf dem Hoteldach mit tollem Ausblick auf die Stadt. Parken Sie Ihren Wagen &#8211; schalten Sie unser WLAN [&hellip;]<\/p>\n","protected":false},"author":36,"featured_media":0,"parent":0,"menu_order":0,"comment_status":"closed","ping_status":"closed","template":"","meta":{"footnotes":""},"class_list":["post-4","page","type-page","status-publish","hentry"],"yoast_head":"<!-- This site is optimized with the Yoast SEO plugin v26.9 - https:\/\/yoast.com\/product\/yoast-seo-wordpress\/ -->\n<title>Avanti hotel - Hotel in der N\u00e4he des Zentrums von Br\u00fcnn<\/title>\n<meta name=\"description\" content=\"Planen Sie eine Dienstreise nach Br\u00fcnn, m\u00f6chten Sie eine Tagung abhalten oder einfach nur ein Urlaubswochenende genie\u00dfen? Dann setzen Sie auf die Vorteile der Unterkunft im Hotel AVANTI. Von modernen, top-gepflegten Zimmern bis zum kostenlos nutzbaren Wellnessbereich auf dem Hoteldach mit tollem Ausblick auf die Stadt.  Parken Sie Ihren Wagen - schalten Sie unser WLAN ein - entdecken Sie die Stadt  Parkm\u00f6glichkeit und WLAN gratis\u00a0sind in unserem Hotel eine Selbstverst\u00e4ndlichkeit\" \/>\n<meta name=\"robots\" content=\"index, follow, max-snippet:-1, max-image-preview:large, max-video-preview:-1\" \/>\n<link rel=\"canonical\" href=\"https:\/\/www.hotelavanti.cz\/de\/\" \/>\n<meta property=\"og:locale\" content=\"de_DE\" \/>\n<meta property=\"og:type\" content=\"article\" \/>\n<meta property=\"og:title\" content=\"Avanti hotel - Hotel in der N\u00e4he des Zentrums von Br\u00fcnn\" \/>\n<meta property=\"og:description\" content=\"Planen Sie eine Dienstreise nach Br\u00fcnn, m\u00f6chten Sie eine Tagung abhalten oder einfach nur ein Urlaubswochenende genie\u00dfen? Dann setzen Sie auf die Vorteile der Unterkunft im Hotel AVANTI. Von modernen, top-gepflegten Zimmern bis zum kostenlos nutzbaren Wellnessbereich auf dem Hoteldach mit tollem Ausblick auf die Stadt.  Parken Sie Ihren Wagen - schalten Sie unser WLAN ein - entdecken Sie die Stadt  Parkm\u00f6glichkeit und WLAN gratis\u00a0sind in unserem Hotel eine Selbstverst\u00e4ndlichkeit\" \/>\n<meta property=\"og:url\" content=\"https:\/\/www.hotelavanti.cz\/de\/\" \/>\n<meta property=\"og:site_name\" content=\"Hotel Avanti Brno\" \/>\n<meta property=\"article:modified_time\" content=\"2025-10-15T13:57:37+00:00\" \/>\n<meta property=\"og:image\" content=\"https:\/\/hotel-avanti.ms.decms.eu\/wp-content\/uploads\/sites\/329\/2021\/07\/avanti_logo_book_direct-300x300.png\" \/>\n<meta name=\"twitter:card\" content=\"summary_large_image\" \/>\n<meta name=\"twitter:label1\" content=\"Gesch\u00e4tzte Lesezeit\" \/>\n\t<meta name=\"twitter:data1\" content=\"1 Minute\" \/>\n<script type=\"application\/ld+json\" class=\"yoast-schema-graph\">{\"@context\":\"https:\/\/schema.org\",\"@graph\":[{\"@type\":\"WebPage\",\"@id\":\"https:\/\/www.hotelavanti.cz\/de\/\",\"url\":\"https:\/\/www.hotelavanti.cz\/de\/\",\"name\":\"Avanti hotel - Hotel in der N\u00e4he des Zentrums von Br\u00fcnn\",\"isPartOf\":{\"@id\":\"https:\/\/www.hotelavanti.cz\/de\/#website\"},\"primaryImageOfPage\":{\"@id\":\"https:\/\/www.hotelavanti.cz\/de\/#primaryimage\"},\"image\":{\"@id\":\"https:\/\/www.hotelavanti.cz\/de\/#primaryimage\"},\"thumbnailUrl\":\"https:\/\/hotel-avanti.ms.decms.eu\/wp-content\/uploads\/sites\/329\/2021\/07\/avanti_logo_book_direct-300x300.png\",\"datePublished\":\"2021-07-19T13:09:59+00:00\",\"dateModified\":\"2025-10-15T13:57:37+00:00\",\"description\":\"Planen Sie eine Dienstreise nach Br\u00fcnn, m\u00f6chten Sie eine Tagung abhalten oder einfach nur ein Urlaubswochenende genie\u00dfen? Dann setzen Sie auf die Vorteile der Unterkunft im Hotel AVANTI. Von modernen, top-gepflegten Zimmern bis zum kostenlos nutzbaren Wellnessbereich auf dem Hoteldach mit tollem Ausblick auf die Stadt. Parken Sie Ihren Wagen - schalten Sie unser WLAN ein - entdecken Sie die Stadt Parkm\u00f6glichkeit und WLAN gratis\u00a0sind in unserem Hotel eine Selbstverst\u00e4ndlichkeit\",\"breadcrumb\":{\"@id\":\"https:\/\/www.hotelavanti.cz\/de\/#breadcrumb\"},\"inLanguage\":\"de-DE\",\"potentialAction\":[{\"@type\":\"ReadAction\",\"target\":[\"https:\/\/www.hotelavanti.cz\/de\/\"]}]},{\"@type\":\"ImageObject\",\"inLanguage\":\"de-DE\",\"@id\":\"https:\/\/www.hotelavanti.cz\/de\/#primaryimage\",\"url\":\"https:\/\/hotel-avanti.ms.decms.eu\/wp-content\/uploads\/sites\/329\/2021\/07\/avanti_logo_book_direct-300x300.png\",\"contentUrl\":\"https:\/\/hotel-avanti.ms.decms.eu\/wp-content\/uploads\/sites\/329\/2021\/07\/avanti_logo_book_direct-300x300.png\"},{\"@type\":\"BreadcrumbList\",\"@id\":\"https:\/\/www.hotelavanti.cz\/de\/#breadcrumb\",\"itemListElement\":[{\"@type\":\"ListItem\",\"position\":1,\"name\":\"Home\",\"item\":\"https:\/\/www.hotelavanti.cz\/de\/\"},{\"@type\":\"ListItem\",\"position\":2,\"name\":\"Hotel Avanti\"}]},{\"@type\":\"WebSite\",\"@id\":\"https:\/\/www.hotelavanti.cz\/de\/#website\",\"url\":\"https:\/\/www.hotelavanti.cz\/de\/\",\"name\":\"Hotel Avanti Brno\",\"description\":\"Just another ms.decms.eu site\",\"potentialAction\":[{\"@type\":\"SearchAction\",\"target\":{\"@type\":\"EntryPoint\",\"urlTemplate\":\"https:\/\/www.hotelavanti.cz\/de\/?s={search_term_string}\"},\"query-input\":{\"@type\":\"PropertyValueSpecification\",\"valueRequired\":true,\"valueName\":\"search_term_string\"}}],\"inLanguage\":\"de-DE\"}]}<\/script>\n<!-- \/ Yoast SEO plugin. -->","yoast_head_json":{"title":"Avanti hotel - Hotel in der N\u00e4he des Zentrums von Br\u00fcnn","description":"Planen Sie eine Dienstreise nach Br\u00fcnn, m\u00f6chten Sie eine Tagung abhalten oder einfach nur ein Urlaubswochenende genie\u00dfen? Dann setzen Sie auf die Vorteile der Unterkunft im Hotel AVANTI. Von modernen, top-gepflegten Zimmern bis zum kostenlos nutzbaren Wellnessbereich auf dem Hoteldach mit tollem Ausblick auf die Stadt.  Parken Sie Ihren Wagen - schalten Sie unser WLAN ein - entdecken Sie die Stadt  Parkm\u00f6glichkeit und WLAN gratis\u00a0sind in unserem Hotel eine Selbstverst\u00e4ndlichkeit","robots":{"index":"index","follow":"follow","max-snippet":"max-snippet:-1","max-image-preview":"max-image-preview:large","max-video-preview":"max-video-preview:-1"},"canonical":"https:\/\/www.hotelavanti.cz\/de\/","og_locale":"de_DE","og_type":"article","og_title":"Avanti hotel - Hotel in der N\u00e4he des Zentrums von Br\u00fcnn","og_description":"Planen Sie eine Dienstreise nach Br\u00fcnn, m\u00f6chten Sie eine Tagung abhalten oder einfach nur ein Urlaubswochenende genie\u00dfen? Dann setzen Sie auf die Vorteile der Unterkunft im Hotel AVANTI. Von modernen, top-gepflegten Zimmern bis zum kostenlos nutzbaren Wellnessbereich auf dem Hoteldach mit tollem Ausblick auf die Stadt.  Parken Sie Ihren Wagen - schalten Sie unser WLAN ein - entdecken Sie die Stadt  Parkm\u00f6glichkeit und WLAN gratis\u00a0sind in unserem Hotel eine Selbstverst\u00e4ndlichkeit","og_url":"https:\/\/www.hotelavanti.cz\/de\/","og_site_name":"Hotel Avanti Brno","article_modified_time":"2025-10-15T13:57:37+00:00","og_image":[{"url":"https:\/\/hotel-avanti.ms.decms.eu\/wp-content\/uploads\/sites\/329\/2021\/07\/avanti_logo_book_direct-300x300.png","type":"","width":"","height":""}],"twitter_card":"summary_large_image","twitter_misc":{"Gesch\u00e4tzte Lesezeit":"1 Minute"},"schema":{"@context":"https:\/\/schema.org","@graph":[{"@type":"WebPage","@id":"https:\/\/www.hotelavanti.cz\/de\/","url":"https:\/\/www.hotelavanti.cz\/de\/","name":"Avanti hotel - Hotel in der N\u00e4he des Zentrums von Br\u00fcnn","isPartOf":{"@id":"https:\/\/www.hotelavanti.cz\/de\/#website"},"primaryImageOfPage":{"@id":"https:\/\/www.hotelavanti.cz\/de\/#primaryimage"},"image":{"@id":"https:\/\/www.hotelavanti.cz\/de\/#primaryimage"},"thumbnailUrl":"https:\/\/hotel-avanti.ms.decms.eu\/wp-content\/uploads\/sites\/329\/2021\/07\/avanti_logo_book_direct-300x300.png","datePublished":"2021-07-19T13:09:59+00:00","dateModified":"2025-10-15T13:57:37+00:00","description":"Planen Sie eine Dienstreise nach Br\u00fcnn, m\u00f6chten Sie eine Tagung abhalten oder einfach nur ein Urlaubswochenende genie\u00dfen? Dann setzen Sie auf die Vorteile der Unterkunft im Hotel AVANTI. Von modernen, top-gepflegten Zimmern bis zum kostenlos nutzbaren Wellnessbereich auf dem Hoteldach mit tollem Ausblick auf die Stadt. Parken Sie Ihren Wagen - schalten Sie unser WLAN ein - entdecken Sie die Stadt Parkm\u00f6glichkeit und WLAN gratis\u00a0sind in unserem Hotel eine Selbstverst\u00e4ndlichkeit","breadcrumb":{"@id":"https:\/\/www.hotelavanti.cz\/de\/#breadcrumb"},"inLanguage":"de-DE","potentialAction":[{"@type":"ReadAction","target":["https:\/\/www.hotelavanti.cz\/de\/"]}]},{"@type":"ImageObject","inLanguage":"de-DE","@id":"https:\/\/www.hotelavanti.cz\/de\/#primaryimage","url":"https:\/\/hotel-avanti.ms.decms.eu\/wp-content\/uploads\/sites\/329\/2021\/07\/avanti_logo_book_direct-300x300.png","contentUrl":"https:\/\/hotel-avanti.ms.decms.eu\/wp-content\/uploads\/sites\/329\/2021\/07\/avanti_logo_book_direct-300x300.png"},{"@type":"BreadcrumbList","@id":"https:\/\/www.hotelavanti.cz\/de\/#breadcrumb","itemListElement":[{"@type":"ListItem","position":1,"name":"Home","item":"https:\/\/www.hotelavanti.cz\/de\/"},{"@type":"ListItem","position":2,"name":"Hotel Avanti"}]},{"@type":"WebSite","@id":"https:\/\/www.hotelavanti.cz\/de\/#website","url":"https:\/\/www.hotelavanti.cz\/de\/","name":"Hotel Avanti Brno","description":"Just another ms.decms.eu site","potentialAction":[{"@type":"SearchAction","target":{"@type":"EntryPoint","urlTemplate":"https:\/\/www.hotelavanti.cz\/de\/?s={search_term_string}"},"query-input":{"@type":"PropertyValueSpecification","valueRequired":true,"valueName":"search_term_string"}}],"inLanguage":"de-DE"}]}},"acf":[],"_links":{"self":[{"href":"https:\/\/www.hotelavanti.cz\/de\/wp-json\/wp\/v2\/pages\/4","targetHints":{"allow":["GET"]}}],"collection":[{"href":"https:\/\/www.hotelavanti.cz\/de\/wp-json\/wp\/v2\/pages"}],"about":[{"href":"https:\/\/www.hotelavanti.cz\/de\/wp-json\/wp\/v2\/types\/page"}],"author":[{"embeddable":true,"href":"https:\/\/www.hotelavanti.cz\/de\/wp-json\/wp\/v2\/users\/36"}],"replies":[{"embeddable":true,"href":"https:\/\/www.hotelavanti.cz\/de\/wp-json\/wp\/v2\/comments?post=4"}],"version-history":[{"count":0,"href":"https:\/\/www.hotelavanti.cz\/de\/wp-json\/wp\/v2\/pages\/4\/revisions"}],"wp:attachment":[{"href":"https:\/\/www.hotelavanti.cz\/de\/wp-json\/wp\/v2\/media?parent=4"}],"curies":[{"name":"wp","href":"https:\/\/api.w.org\/{rel}","templated":true}]}}