{"id":254,"date":"2021-07-20T16:07:08","date_gmt":"2021-07-20T16:07:08","guid":{"rendered":"https:\/\/hotel-avanti.ms.decms.eu\/?page_id=254"},"modified":"2024-10-09T10:06:52","modified_gmt":"2024-10-09T10:06:52","slug":"zimmer-premium","status":"publish","type":"page","link":"https:\/\/www.hotelavanti.cz\/de\/zimmer\/zimmer-premium\/","title":{"rendered":"Zimmer Premium"},"content":{"rendered":"<p>Das Premium-Zimmer mit neuem Design wird Sie mit seinen originellen Tapeten und M\u00f6beln begeistern.<\/p>\n<p>Fr\u00fchst\u00fccksbuffet und Parkplatz inbegriffen. T\u00e4glicher Zugang zum \u00f6ffentlichen Rooftop-Spa von 16.00 &#8211; 22.00 Uhr, Fitness von 6.30 &#8211; 22.00 Uhr.<\/p>\n<p>Bevorzugen Sie ein Doppelbett oder zwei Einzelbetten? Bitte teilen Sie uns dies in der Notiz im letzten Schritt Ihrer Buchung mit.<\/p>\n","protected":false},"excerpt":{"rendered":"<p>Das Premium-Zimmer mit neuem Design wird Sie mit seinen originellen Tapeten und M\u00f6beln begeistern. Fr\u00fchst\u00fccksbuffet und Parkplatz inbegriffen. T\u00e4glicher Zugang zum \u00f6ffentlichen Rooftop-Spa von 16.00 &#8211; 22.00 Uhr, Fitness von 6.30 &#8211; 22.00 Uhr. Bevorzugen Sie ein Doppelbett oder zwei Einzelbetten? Bitte teilen Sie uns dies in der Notiz im letzten Schritt Ihrer Buchung mit.<\/p>\n","protected":false},"author":36,"featured_media":0,"parent":50,"menu_order":5,"comment_status":"closed","ping_status":"closed","template":"template-single-room.php","meta":{"footnotes":""},"class_list":["post-254","page","type-page","status-publish","hentry"],"yoast_head":"<!-- This site is optimized with the Yoast SEO plugin v26.9 - https:\/\/yoast.com\/product\/yoast-seo-wordpress\/ -->\n<title>Zimmer Premium - Hotel Avanti Brno -<\/title>\n<meta name=\"description\" content=\"Das Premium-Zimmer mit neuem Design wird Sie mit seinen originellen Tapeten und M\u00f6beln begeistern.  Fr\u00fchst\u00fccksbuffet und Parkplatz inbegriffen. T\u00e4glicher Zugang zum \u00f6ffentlichen Rooftop-Spa von 16.00 - 22.00 Uhr, Fitness von 6.30 - 22.00 Uhr.  Bevorzugen Sie ein Doppelbett oder zwei Einzelbetten? Bitte teilen Sie uns dies in der Notiz im letzten Schritt Ihrer Buchung mit.\" \/>\n<meta name=\"robots\" content=\"index, follow, max-snippet:-1, max-image-preview:large, max-video-preview:-1\" \/>\n<link rel=\"canonical\" href=\"https:\/\/www.hotelavanti.cz\/de\/zimmer\/zimmer-premium\/\" \/>\n<meta property=\"og:locale\" content=\"de_DE\" \/>\n<meta property=\"og:type\" content=\"article\" \/>\n<meta property=\"og:title\" content=\"Zimmer Premium - Hotel Avanti Brno -\" \/>\n<meta property=\"og:description\" content=\"Das Premium-Zimmer mit neuem Design wird Sie mit seinen originellen Tapeten und M\u00f6beln begeistern.  Fr\u00fchst\u00fccksbuffet und Parkplatz inbegriffen. T\u00e4glicher Zugang zum \u00f6ffentlichen Rooftop-Spa von 16.00 - 22.00 Uhr, Fitness von 6.30 - 22.00 Uhr.  Bevorzugen Sie ein Doppelbett oder zwei Einzelbetten? Bitte teilen Sie uns dies in der Notiz im letzten Schritt Ihrer Buchung mit.\" \/>\n<meta property=\"og:url\" content=\"https:\/\/www.hotelavanti.cz\/de\/zimmer\/zimmer-premium\/\" \/>\n<meta property=\"og:site_name\" content=\"Hotel Avanti Brno\" \/>\n<meta property=\"article:modified_time\" content=\"2024-10-09T10:06:52+00:00\" \/>\n<meta property=\"og:image\" content=\"https:\/\/www.hotelavanti.cz\/wp-content\/uploads\/sites\/329\/2021\/07\/Hotel_avanti_president_apartment_gallery01-1.jpg\" \/>\n\t<meta property=\"og:image:width\" content=\"1200\" \/>\n\t<meta property=\"og:image:height\" content=\"800\" \/>\n\t<meta property=\"og:image:type\" content=\"image\/jpeg\" \/>\n<meta name=\"twitter:card\" content=\"summary_large_image\" \/>\n<meta name=\"twitter:label1\" content=\"Gesch\u00e4tzte Lesezeit\" \/>\n\t<meta name=\"twitter:data1\" content=\"1 Minute\" \/>\n<script type=\"application\/ld+json\" class=\"yoast-schema-graph\">{\"@context\":\"https:\/\/schema.org\",\"@graph\":[{\"@type\":\"WebPage\",\"@id\":\"https:\/\/www.hotelavanti.cz\/de\/zimmer\/zimmer-premium\/\",\"url\":\"https:\/\/www.hotelavanti.cz\/de\/zimmer\/zimmer-premium\/\",\"name\":\"Zimmer Premium - Hotel Avanti Brno -\",\"isPartOf\":{\"@id\":\"https:\/\/www.hotelavanti.cz\/de\/#website\"},\"datePublished\":\"2021-07-20T16:07:08+00:00\",\"dateModified\":\"2024-10-09T10:06:52+00:00\",\"description\":\"Das Premium-Zimmer mit neuem Design wird Sie mit seinen originellen Tapeten und M\u00f6beln begeistern. Fr\u00fchst\u00fccksbuffet und Parkplatz inbegriffen. T\u00e4glicher Zugang zum \u00f6ffentlichen Rooftop-Spa von 16.00 - 22.00 Uhr, Fitness von 6.30 - 22.00 Uhr. Bevorzugen Sie ein Doppelbett oder zwei Einzelbetten? Bitte teilen Sie uns dies in der Notiz im letzten Schritt Ihrer Buchung mit.\",\"breadcrumb\":{\"@id\":\"https:\/\/www.hotelavanti.cz\/de\/zimmer\/zimmer-premium\/#breadcrumb\"},\"inLanguage\":\"de-DE\",\"potentialAction\":[{\"@type\":\"ReadAction\",\"target\":[\"https:\/\/www.hotelavanti.cz\/de\/zimmer\/zimmer-premium\/\"]}]},{\"@type\":\"BreadcrumbList\",\"@id\":\"https:\/\/www.hotelavanti.cz\/de\/zimmer\/zimmer-premium\/#breadcrumb\",\"itemListElement\":[{\"@type\":\"ListItem\",\"position\":1,\"name\":\"Home\",\"item\":\"https:\/\/www.hotelavanti.cz\/de\/\"},{\"@type\":\"ListItem\",\"position\":2,\"name\":\"Zimmer\",\"item\":\"https:\/\/www.hotelavanti.cz\/de\/zimmer\/\"},{\"@type\":\"ListItem\",\"position\":3,\"name\":\"Zimmer Premium\"}]},{\"@type\":\"WebSite\",\"@id\":\"https:\/\/www.hotelavanti.cz\/de\/#website\",\"url\":\"https:\/\/www.hotelavanti.cz\/de\/\",\"name\":\"Hotel Avanti Brno\",\"description\":\"Just another ms.decms.eu site\",\"potentialAction\":[{\"@type\":\"SearchAction\",\"target\":{\"@type\":\"EntryPoint\",\"urlTemplate\":\"https:\/\/www.hotelavanti.cz\/de\/?s={search_term_string}\"},\"query-input\":{\"@type\":\"PropertyValueSpecification\",\"valueRequired\":true,\"valueName\":\"search_term_string\"}}],\"inLanguage\":\"de-DE\"}]}<\/script>\n<!-- \/ Yoast SEO plugin. -->","yoast_head_json":{"title":"Zimmer Premium - Hotel Avanti Brno -","description":"Das Premium-Zimmer mit neuem Design wird Sie mit seinen originellen Tapeten und M\u00f6beln begeistern.  Fr\u00fchst\u00fccksbuffet und Parkplatz inbegriffen. T\u00e4glicher Zugang zum \u00f6ffentlichen Rooftop-Spa von 16.00 - 22.00 Uhr, Fitness von 6.30 - 22.00 Uhr.  Bevorzugen Sie ein Doppelbett oder zwei Einzelbetten? Bitte teilen Sie uns dies in der Notiz im letzten Schritt Ihrer Buchung mit.","robots":{"index":"index","follow":"follow","max-snippet":"max-snippet:-1","max-image-preview":"max-image-preview:large","max-video-preview":"max-video-preview:-1"},"canonical":"https:\/\/www.hotelavanti.cz\/de\/zimmer\/zimmer-premium\/","og_locale":"de_DE","og_type":"article","og_title":"Zimmer Premium - Hotel Avanti Brno -","og_description":"Das Premium-Zimmer mit neuem Design wird Sie mit seinen originellen Tapeten und M\u00f6beln begeistern.  Fr\u00fchst\u00fccksbuffet und Parkplatz inbegriffen. T\u00e4glicher Zugang zum \u00f6ffentlichen Rooftop-Spa von 16.00 - 22.00 Uhr, Fitness von 6.30 - 22.00 Uhr.  Bevorzugen Sie ein Doppelbett oder zwei Einzelbetten? Bitte teilen Sie uns dies in der Notiz im letzten Schritt Ihrer Buchung mit.","og_url":"https:\/\/www.hotelavanti.cz\/de\/zimmer\/zimmer-premium\/","og_site_name":"Hotel Avanti Brno","article_modified_time":"2024-10-09T10:06:52+00:00","og_image":[{"width":1200,"height":800,"url":"https:\/\/www.hotelavanti.cz\/wp-content\/uploads\/sites\/329\/2021\/07\/Hotel_avanti_president_apartment_gallery01-1.jpg","type":"image\/jpeg"}],"twitter_card":"summary_large_image","twitter_misc":{"Gesch\u00e4tzte Lesezeit":"1 Minute"},"schema":{"@context":"https:\/\/schema.org","@graph":[{"@type":"WebPage","@id":"https:\/\/www.hotelavanti.cz\/de\/zimmer\/zimmer-premium\/","url":"https:\/\/www.hotelavanti.cz\/de\/zimmer\/zimmer-premium\/","name":"Zimmer Premium - Hotel Avanti Brno -","isPartOf":{"@id":"https:\/\/www.hotelavanti.cz\/de\/#website"},"datePublished":"2021-07-20T16:07:08+00:00","dateModified":"2024-10-09T10:06:52+00:00","description":"Das Premium-Zimmer mit neuem Design wird Sie mit seinen originellen Tapeten und M\u00f6beln begeistern. Fr\u00fchst\u00fccksbuffet und Parkplatz inbegriffen. T\u00e4glicher Zugang zum \u00f6ffentlichen Rooftop-Spa von 16.00 - 22.00 Uhr, Fitness von 6.30 - 22.00 Uhr. Bevorzugen Sie ein Doppelbett oder zwei Einzelbetten? Bitte teilen Sie uns dies in der Notiz im letzten Schritt Ihrer Buchung mit.","breadcrumb":{"@id":"https:\/\/www.hotelavanti.cz\/de\/zimmer\/zimmer-premium\/#breadcrumb"},"inLanguage":"de-DE","potentialAction":[{"@type":"ReadAction","target":["https:\/\/www.hotelavanti.cz\/de\/zimmer\/zimmer-premium\/"]}]},{"@type":"BreadcrumbList","@id":"https:\/\/www.hotelavanti.cz\/de\/zimmer\/zimmer-premium\/#breadcrumb","itemListElement":[{"@type":"ListItem","position":1,"name":"Home","item":"https:\/\/www.hotelavanti.cz\/de\/"},{"@type":"ListItem","position":2,"name":"Zimmer","item":"https:\/\/www.hotelavanti.cz\/de\/zimmer\/"},{"@type":"ListItem","position":3,"name":"Zimmer Premium"}]},{"@type":"WebSite","@id":"https:\/\/www.hotelavanti.cz\/de\/#website","url":"https:\/\/www.hotelavanti.cz\/de\/","name":"Hotel Avanti Brno","description":"Just another ms.decms.eu site","potentialAction":[{"@type":"SearchAction","target":{"@type":"EntryPoint","urlTemplate":"https:\/\/www.hotelavanti.cz\/de\/?s={search_term_string}"},"query-input":{"@type":"PropertyValueSpecification","valueRequired":true,"valueName":"search_term_string"}}],"inLanguage":"de-DE"}]}},"acf":[],"_links":{"self":[{"href":"https:\/\/www.hotelavanti.cz\/de\/wp-json\/wp\/v2\/pages\/254","targetHints":{"allow":["GET"]}}],"collection":[{"href":"https:\/\/www.hotelavanti.cz\/de\/wp-json\/wp\/v2\/pages"}],"about":[{"href":"https:\/\/www.hotelavanti.cz\/de\/wp-json\/wp\/v2\/types\/page"}],"author":[{"embeddable":true,"href":"https:\/\/www.hotelavanti.cz\/de\/wp-json\/wp\/v2\/users\/36"}],"replies":[{"embeddable":true,"href":"https:\/\/www.hotelavanti.cz\/de\/wp-json\/wp\/v2\/comments?post=254"}],"version-history":[{"count":0,"href":"https:\/\/www.hotelavanti.cz\/de\/wp-json\/wp\/v2\/pages\/254\/revisions"}],"up":[{"embeddable":true,"href":"https:\/\/www.hotelavanti.cz\/de\/wp-json\/wp\/v2\/pages\/50"}],"wp:attachment":[{"href":"https:\/\/www.hotelavanti.cz\/de\/wp-json\/wp\/v2\/media?parent=254"}],"curies":[{"name":"wp","href":"https:\/\/api.w.org\/{rel}","templated":true}]}}