{"id":1069,"date":"2021-07-30T12:18:36","date_gmt":"2021-07-30T12:18:36","guid":{"rendered":"https:\/\/hotel-avanti.ms.decms.eu\/?page_id=1069"},"modified":"2023-04-27T10:18:43","modified_gmt":"2023-04-27T10:18:43","slug":"event-service-im-hotel-avanti","status":"publish","type":"page","link":"https:\/\/www.hotelavanti.cz\/de\/event-service-im-hotel-avanti\/","title":{"rendered":"Kultur- und Sportveranstaltungen in Br\u00fcnn"},"content":{"rendered":"<p>Das Hotel AVANTI befindet sich im Stadtteil Kr\u00e1lovo Pole, nicht weit vom Park Lu\u017e\u00e1nky entfernt. Zur Inspiration hier Links zur Freizeitnutzung in der Umgebung:<\/p>\n<ul>\n<li><a href=\"http:\/\/www.semilasso.cz\/\">Semilasso Theatre<\/a><\/li>\n<li><a href=\"http:\/\/www.technicalmuseum.cz\/\">Technical Museum<\/a><\/li>\n<li><a href=\"http:\/\/www.barka.unas.cz\/\">Barrier-free Theatre Barka<\/a><\/li>\n<li><a href=\"http:\/\/www.luzanky.cz\/\">Leisure Time Centre Lu\u017e\u00e1nky<\/a><\/li>\n<li><a href=\"http:\/\/www.dobrak.cz\/\">Dobrovsk\u00e9ho Swimming Pool<\/a><\/li>\n<li><a href=\"http:\/\/www.gca.cz\/\">Golf GCA<\/a><\/li>\n<li><a href=\"http:\/\/www.golfbrno.cz\/\">Golf Brno<\/a><\/li>\n<li><a href=\"http:\/\/www.mdb.cz\/\">Brno City Theatre<\/a><\/li>\n<li><a href=\"https:\/\/www.sportcentrumluzanky.cz\/\">Hockey hall for children and youth<\/a><\/li>\n<li><a href=\"https:\/\/www.tugendhat.eu\/\">Vila Tugendhat<\/a><\/li>\n<li><a href=\"https:\/\/www.ticbrno.cz\/\">TIC Brno<\/a><\/li>\n<li><a href=\"https:\/\/www.gotobrno.cz\/brnopas\/\">Brnopas<\/a><\/li>\n<\/ul>\n","protected":false},"excerpt":{"rendered":"<p>Das Hotel AVANTI befindet sich im Stadtteil Kr\u00e1lovo Pole, nicht weit vom Park Lu\u017e\u00e1nky entfernt. Zur Inspiration hier Links zur Freizeitnutzung in der Umgebung: Semilasso Theatre Technical Museum Barrier-free Theatre Barka Leisure Time Centre Lu\u017e\u00e1nky Dobrovsk\u00e9ho Swimming Pool Golf GCA Golf Brno Brno City Theatre Hockey hall for children and youth Vila Tugendhat TIC Brno [&hellip;]<\/p>\n","protected":false},"author":36,"featured_media":0,"parent":0,"menu_order":999,"comment_status":"closed","ping_status":"closed","template":"","meta":{"footnotes":""},"class_list":["post-1069","page","type-page","status-publish","hentry"],"yoast_head":"<!-- This site is optimized with the Yoast SEO plugin v26.9 - https:\/\/yoast.com\/product\/yoast-seo-wordpress\/ -->\n<title>Kultur- und Sportveranstaltungen in Br\u00fcnn - Hotel Avanti Brno -<\/title>\n<meta name=\"description\" content=\"Das Hotel AVANTI befindet sich im Stadtteil Kr\u00e1lovo Pole, nicht weit vom Park Lu\u017e\u00e1nky entfernt. Zur Inspiration hier Links zur Freizeitnutzung in der Umgebung:   Semilasso Theatre  Technical Museum  Barrier-free Theatre Barka  Leisure Time Centre Lu\u017e\u00e1nky  Dobrovsk\u00e9ho Swimming Pool  Golf GCA  Golf Brno  Brno City Theatre  Hockey hall for children and youth  Vila Tugendhat  TIC Brno  Brnopas\" \/>\n<meta name=\"robots\" content=\"index, follow, max-snippet:-1, max-image-preview:large, max-video-preview:-1\" \/>\n<link rel=\"canonical\" href=\"https:\/\/www.hotelavanti.cz\/de\/event-service-im-hotel-avanti\/\" \/>\n<meta property=\"og:locale\" content=\"de_DE\" \/>\n<meta property=\"og:type\" content=\"article\" \/>\n<meta property=\"og:title\" content=\"Kultur- und Sportveranstaltungen in Br\u00fcnn - Hotel Avanti Brno -\" \/>\n<meta property=\"og:description\" content=\"Das Hotel AVANTI befindet sich im Stadtteil Kr\u00e1lovo Pole, nicht weit vom Park Lu\u017e\u00e1nky entfernt. Zur Inspiration hier Links zur Freizeitnutzung in der Umgebung:   Semilasso Theatre  Technical Museum  Barrier-free Theatre Barka  Leisure Time Centre Lu\u017e\u00e1nky  Dobrovsk\u00e9ho Swimming Pool  Golf GCA  Golf Brno  Brno City Theatre  Hockey hall for children and youth  Vila Tugendhat  TIC Brno  Brnopas\" \/>\n<meta property=\"og:url\" content=\"https:\/\/www.hotelavanti.cz\/de\/event-service-im-hotel-avanti\/\" \/>\n<meta property=\"og:site_name\" content=\"Hotel Avanti Brno\" \/>\n<meta property=\"article:modified_time\" content=\"2023-04-27T10:18:43+00:00\" \/>\n<meta property=\"og:image\" content=\"https:\/\/www.hotelavanti.cz\/wp-content\/uploads\/sites\/329\/2021\/07\/Hotel_avanti_president_apartment_gallery01-1.jpg\" \/>\n\t<meta property=\"og:image:width\" content=\"1200\" \/>\n\t<meta property=\"og:image:height\" content=\"800\" \/>\n\t<meta property=\"og:image:type\" content=\"image\/jpeg\" \/>\n<meta name=\"twitter:card\" content=\"summary_large_image\" \/>\n<meta name=\"twitter:label1\" content=\"Gesch\u00e4tzte Lesezeit\" \/>\n\t<meta name=\"twitter:data1\" content=\"1 Minute\" \/>\n<script type=\"application\/ld+json\" class=\"yoast-schema-graph\">{\"@context\":\"https:\/\/schema.org\",\"@graph\":[{\"@type\":\"WebPage\",\"@id\":\"https:\/\/www.hotelavanti.cz\/de\/event-service-im-hotel-avanti\/\",\"url\":\"https:\/\/www.hotelavanti.cz\/de\/event-service-im-hotel-avanti\/\",\"name\":\"Kultur- und Sportveranstaltungen in Br\u00fcnn - Hotel Avanti Brno -\",\"isPartOf\":{\"@id\":\"https:\/\/www.hotelavanti.cz\/de\/#website\"},\"datePublished\":\"2021-07-30T12:18:36+00:00\",\"dateModified\":\"2023-04-27T10:18:43+00:00\",\"description\":\"Das Hotel AVANTI befindet sich im Stadtteil Kr\u00e1lovo Pole, nicht weit vom Park Lu\u017e\u00e1nky entfernt. Zur Inspiration hier Links zur Freizeitnutzung in der Umgebung: \u2022 Semilasso Theatre \u2022 Technical Museum \u2022 Barrier-free Theatre Barka \u2022 Leisure Time Centre Lu\u017e\u00e1nky \u2022 Dobrovsk\u00e9ho Swimming Pool \u2022 Golf GCA \u2022 Golf Brno \u2022 Brno City Theatre \u2022 Hockey hall for children and youth \u2022 Vila Tugendhat \u2022 TIC Brno \u2022 Brnopas\",\"breadcrumb\":{\"@id\":\"https:\/\/www.hotelavanti.cz\/de\/event-service-im-hotel-avanti\/#breadcrumb\"},\"inLanguage\":\"de-DE\",\"potentialAction\":[{\"@type\":\"ReadAction\",\"target\":[\"https:\/\/www.hotelavanti.cz\/de\/event-service-im-hotel-avanti\/\"]}]},{\"@type\":\"BreadcrumbList\",\"@id\":\"https:\/\/www.hotelavanti.cz\/de\/event-service-im-hotel-avanti\/#breadcrumb\",\"itemListElement\":[{\"@type\":\"ListItem\",\"position\":1,\"name\":\"Home\",\"item\":\"https:\/\/www.hotelavanti.cz\/de\/\"},{\"@type\":\"ListItem\",\"position\":2,\"name\":\"Kultur- und Sportveranstaltungen in Br\u00fcnn\"}]},{\"@type\":\"WebSite\",\"@id\":\"https:\/\/www.hotelavanti.cz\/de\/#website\",\"url\":\"https:\/\/www.hotelavanti.cz\/de\/\",\"name\":\"Hotel Avanti Brno\",\"description\":\"Just another ms.decms.eu site\",\"potentialAction\":[{\"@type\":\"SearchAction\",\"target\":{\"@type\":\"EntryPoint\",\"urlTemplate\":\"https:\/\/www.hotelavanti.cz\/de\/?s={search_term_string}\"},\"query-input\":{\"@type\":\"PropertyValueSpecification\",\"valueRequired\":true,\"valueName\":\"search_term_string\"}}],\"inLanguage\":\"de-DE\"}]}<\/script>\n<!-- \/ Yoast SEO plugin. -->","yoast_head_json":{"title":"Kultur- und Sportveranstaltungen in Br\u00fcnn - Hotel Avanti Brno -","description":"Das Hotel AVANTI befindet sich im Stadtteil Kr\u00e1lovo Pole, nicht weit vom Park Lu\u017e\u00e1nky entfernt. Zur Inspiration hier Links zur Freizeitnutzung in der Umgebung:   Semilasso Theatre  Technical Museum  Barrier-free Theatre Barka  Leisure Time Centre Lu\u017e\u00e1nky  Dobrovsk\u00e9ho Swimming Pool  Golf GCA  Golf Brno  Brno City Theatre  Hockey hall for children and youth  Vila Tugendhat  TIC Brno  Brnopas","robots":{"index":"index","follow":"follow","max-snippet":"max-snippet:-1","max-image-preview":"max-image-preview:large","max-video-preview":"max-video-preview:-1"},"canonical":"https:\/\/www.hotelavanti.cz\/de\/event-service-im-hotel-avanti\/","og_locale":"de_DE","og_type":"article","og_title":"Kultur- und Sportveranstaltungen in Br\u00fcnn - Hotel Avanti Brno -","og_description":"Das Hotel AVANTI befindet sich im Stadtteil Kr\u00e1lovo Pole, nicht weit vom Park Lu\u017e\u00e1nky entfernt. Zur Inspiration hier Links zur Freizeitnutzung in der Umgebung:   Semilasso Theatre  Technical Museum  Barrier-free Theatre Barka  Leisure Time Centre Lu\u017e\u00e1nky  Dobrovsk\u00e9ho Swimming Pool  Golf GCA  Golf Brno  Brno City Theatre  Hockey hall for children and youth  Vila Tugendhat  TIC Brno  Brnopas","og_url":"https:\/\/www.hotelavanti.cz\/de\/event-service-im-hotel-avanti\/","og_site_name":"Hotel Avanti Brno","article_modified_time":"2023-04-27T10:18:43+00:00","og_image":[{"width":1200,"height":800,"url":"https:\/\/www.hotelavanti.cz\/wp-content\/uploads\/sites\/329\/2021\/07\/Hotel_avanti_president_apartment_gallery01-1.jpg","type":"image\/jpeg"}],"twitter_card":"summary_large_image","twitter_misc":{"Gesch\u00e4tzte Lesezeit":"1 Minute"},"schema":{"@context":"https:\/\/schema.org","@graph":[{"@type":"WebPage","@id":"https:\/\/www.hotelavanti.cz\/de\/event-service-im-hotel-avanti\/","url":"https:\/\/www.hotelavanti.cz\/de\/event-service-im-hotel-avanti\/","name":"Kultur- und Sportveranstaltungen in Br\u00fcnn - Hotel Avanti Brno -","isPartOf":{"@id":"https:\/\/www.hotelavanti.cz\/de\/#website"},"datePublished":"2021-07-30T12:18:36+00:00","dateModified":"2023-04-27T10:18:43+00:00","description":"Das Hotel AVANTI befindet sich im Stadtteil Kr\u00e1lovo Pole, nicht weit vom Park Lu\u017e\u00e1nky entfernt. Zur Inspiration hier Links zur Freizeitnutzung in der Umgebung: \u2022 Semilasso Theatre \u2022 Technical Museum \u2022 Barrier-free Theatre Barka \u2022 Leisure Time Centre Lu\u017e\u00e1nky \u2022 Dobrovsk\u00e9ho Swimming Pool \u2022 Golf GCA \u2022 Golf Brno \u2022 Brno City Theatre \u2022 Hockey hall for children and youth \u2022 Vila Tugendhat \u2022 TIC Brno \u2022 Brnopas","breadcrumb":{"@id":"https:\/\/www.hotelavanti.cz\/de\/event-service-im-hotel-avanti\/#breadcrumb"},"inLanguage":"de-DE","potentialAction":[{"@type":"ReadAction","target":["https:\/\/www.hotelavanti.cz\/de\/event-service-im-hotel-avanti\/"]}]},{"@type":"BreadcrumbList","@id":"https:\/\/www.hotelavanti.cz\/de\/event-service-im-hotel-avanti\/#breadcrumb","itemListElement":[{"@type":"ListItem","position":1,"name":"Home","item":"https:\/\/www.hotelavanti.cz\/de\/"},{"@type":"ListItem","position":2,"name":"Kultur- und Sportveranstaltungen in Br\u00fcnn"}]},{"@type":"WebSite","@id":"https:\/\/www.hotelavanti.cz\/de\/#website","url":"https:\/\/www.hotelavanti.cz\/de\/","name":"Hotel Avanti Brno","description":"Just another ms.decms.eu site","potentialAction":[{"@type":"SearchAction","target":{"@type":"EntryPoint","urlTemplate":"https:\/\/www.hotelavanti.cz\/de\/?s={search_term_string}"},"query-input":{"@type":"PropertyValueSpecification","valueRequired":true,"valueName":"search_term_string"}}],"inLanguage":"de-DE"}]}},"acf":[],"_links":{"self":[{"href":"https:\/\/www.hotelavanti.cz\/de\/wp-json\/wp\/v2\/pages\/1069","targetHints":{"allow":["GET"]}}],"collection":[{"href":"https:\/\/www.hotelavanti.cz\/de\/wp-json\/wp\/v2\/pages"}],"about":[{"href":"https:\/\/www.hotelavanti.cz\/de\/wp-json\/wp\/v2\/types\/page"}],"author":[{"embeddable":true,"href":"https:\/\/www.hotelavanti.cz\/de\/wp-json\/wp\/v2\/users\/36"}],"replies":[{"embeddable":true,"href":"https:\/\/www.hotelavanti.cz\/de\/wp-json\/wp\/v2\/comments?post=1069"}],"version-history":[{"count":0,"href":"https:\/\/www.hotelavanti.cz\/de\/wp-json\/wp\/v2\/pages\/1069\/revisions"}],"wp:attachment":[{"href":"https:\/\/www.hotelavanti.cz\/de\/wp-json\/wp\/v2\/media?parent=1069"}],"curies":[{"name":"wp","href":"https:\/\/api.w.org\/{rel}","templated":true}]}}